{"id":3100,"date":"2022-08-23T08:51:49","date_gmt":"2022-08-23T08:51:49","guid":{"rendered":"https:\/\/clinicaverda.cetrexmarketing.com\/terapies-manuals-i-energetiques\/"},"modified":"2023-04-12T15:48:28","modified_gmt":"2023-04-12T15:48:28","slug":"terapies-manuals-i-energetiques","status":"publish","type":"page","link":"https:\/\/clinicaverda.cetrexmarketing.com\/fr\/terapies-manuals-i-energetiques\/","title":{"rendered":"Ter\u00e0pies Manuals i energ\u00e8tiques"},"content":{"rendered":"<div class=\"wpb-content-wrapper\"><div class=\"vc_section vc_custom_1669803791627 wpex-vc-full-width-section wpex-vc-full-width-section--centered wpex-relative wpex-vc_section-has-fill wpex-vc-reset-negative-margin\" style=\"background-position:center center!important;\"><div class=\"vc_row wpb_row vc_row-fluid wpex-relative no-bottom-margins\"><div class=\"wpb_column vc_column_container vc_col-sm-6\"><div class=\"vc_column-inner\"><div class=\"wpb_wrapper\"><div class=\"vcex-spacing wpex-w-100 wpex-clear\" style=\"height:100px;\"><\/div><\/div><\/div><\/div><div class=\"wpb_column vc_column_container vc_col-sm-6\"><div class=\"vc_column-inner\"><div class=\"wpb_wrapper\">\n\t<div  class=\"wpb_single_image wpb_content_element vc_align_ wpb_content_element  imagenabsoluta\">\n\t\t\n\t\t<figure class=\"wpb_wrapper vc_figure\">\n\t\t\t<div class=\"vc_single_image-wrapper   vc_box_border_grey\"><img width=\"350\" height=\"400\" src=\"https:\/\/clinicaverda.cetrexmarketing.com\/wp-content\/uploads\/2022\/05\/imatge-logo-clinica-verda-1.png\" class=\"vc_single_image-img attachment-full\" alt=\"\" title=\"imatge-logo-clinica-verda-1\" srcset=\"https:\/\/clinicaverda.cetrexmarketing.com\/wp-content\/uploads\/2022\/05\/imatge-logo-clinica-verda-1.png 350w, https:\/\/clinicaverda.cetrexmarketing.com\/wp-content\/uploads\/2022\/05\/imatge-logo-clinica-verda-1-263x300.png 263w\" sizes=\"(max-width: 350px) 100vw, 350px\" \/><\/div>\n\t\t<\/figure>\n\t<\/div>\n<\/div><\/div><\/div><\/div><\/div><div class=\"vc_section vc_custom_1652780065097 wpex-vc-full-width-section wpex-vc-full-width-section--centered wpex-relative wpex-vc_section-has-fill wpex-vc-reset-negative-margin\"><div class=\"vc_row wpb_row vc_row-fluid wpex-relative no-bottom-margins\"><div class=\"wpb_column vc_column_container vc_col-sm-12\"><div class=\"vc_column-inner\"><div class=\"wpb_wrapper\">\n\t<div style=\"color:#005e63;font-size:20px;\" class=\"wpb_text_column has-custom-color wpex-child-inherit-color wpb_content_element\" >\n\t\t<div class=\"wpb_wrapper\">\n\t\t\t<p>Sp\u00e9cialit\u00e9s Conscientes<\/p>\n\n\t\t<\/div>\n\t<\/div>\n<div class=\"vcex-spacing wpex-w-100 wpex-clear\" style=\"height:10px;\"><\/div>\n\t<div style=\"color:#ffffff;\" class=\"wpb_text_column has-custom-color wpex-child-inherit-color wpb_content_element\" >\n\t\t<div class=\"wpb_wrapper\">\n\t\t\t<h1>Th\u00e9rapies manuelles et \u00e9nerg\u00e9tiques<\/h1>\n\n\t\t<\/div>\n\t<\/div>\n<\/div><\/div><\/div><\/div><\/div><div class=\"vc_row wpb_row vc_row-fluid vc_custom_1660122416802 vc_column-gap-30 wpex-relative\"><div class=\"wpb_column vc_column_container vc_col-sm-6\"><div class=\"vc_column-inner\"><div class=\"wpb_wrapper\">\n\t<div class=\"wpb_text_column wpb_content_element\" >\n\t\t<div class=\"wpb_wrapper\">\n\t\t\t<p><em><strong>\u00ab\u00a0Notre\u00a0corps est une carte d&rsquo;enregistrements \u00e9motionnels. Je vous accompagne avec une approche int\u00e9grative, nous vous \u00e9coutons et lib\u00e9rons vos tensions.\u00a0\u00bb<\/strong><\/em><\/p>\n<h4><\/h4>\n<h4><strong>Shiatsu\u00a0(60min\/90min)<\/strong><\/h4>\n<p>Th\u00e9rapie japonaise ancestrale, issue de la m\u00e9decine chinoise.\u00a0C&rsquo;est un massage sur un futon, o\u00f9 l&rsquo;on travaille tout le corps en tra\u00e7ant les m\u00e9ridiens, en utilisant le bout des doigts et en \u00e9tirant.\u00a0Il harmonise l&rsquo;\u00e9nergie vitale, lib\u00e8re les muscles et les articulations, r\u00e9gule nos fonctions vitales.\u00a0Une s\u00e9ance d&rsquo;harmonie, battant au rythme d&rsquo;une respiration calme et profonde<\/p>\n<h4><strong>Tha\u00ef\u00a0(60min\/90min)<\/strong><\/h4>\n<p>Le massage tha\u00ef est un travail corporel qui permet de restaurer notre \u00e9nergie vitale et de r\u00e9\u00e9quilibrer nos aspects physiques, mentaux et \u00e9motionnels.\u00a0Les techniques utilis\u00e9es sont la pression, l&rsquo;\u00e9tirement et la mobilisation.\u00a0Ils se font avec les doigts, les mains, les pieds, les coudes ou les genoux et suivent les lignes \u00e9nerg\u00e9tiques du corps.\u00a0Des \u00e9tirements profonds et soutenus permettent de retrouver de la souplesse et d&rsquo;atteindre une relaxation tr\u00e8s profonde.\u00a0Les \u00e9tirements sont li\u00e9s aux mouvements de yoga.\u00a0La concentration et la sensibilit\u00e9 du th\u00e9rapeute et du receveur sont assimil\u00e9es \u00e0 une s\u00e9ance de m\u00e9ditation sereine.<\/p>\n<h4><strong>Tui\u00a0Na\u00a0(60min\/90min)<\/strong><\/h4>\n<p>Le\u00a0Tui\u00a0Na\u00a0est une branche de la m\u00e9decine traditionnelle chinoise qui utilise le massage comme moyen th\u00e9rapeutique.\u00a0Ce massage mill\u00e9naire \u00e9veille les capacit\u00e9s de gu\u00e9rison du corps, aide \u00e0 se d\u00e9tendre et \u00e0 r\u00e9soudre les probl\u00e8mes musculaires, organiques ou \u00e9motionnels, en agissant sur les m\u00e9ridiens et les points \u00e9nerg\u00e9tiques.\u00a0Il s&rsquo;agit d&rsquo;un massage \u00e9nerg\u00e9tique et d\u00e9contractant, effectu\u00e9 sur une table de massage et aux huiles essentielles.\u00a0Cela peut inclure l&rsquo;utilisation de ventouses et de\u00a0guasha.<\/p>\n<h4><strong>Chiromassage\u00a0holistique\u00a0(60\u00a0min\/90\u00a0min)<\/strong><\/h4>\n<p>\u00c0 base d&rsquo;huiles essentielles et v\u00e9g\u00e9tales de premi\u00e8re qualit\u00e9, et gr\u00e2ce \u00e0 l&rsquo;aromath\u00e9rapie appliqu\u00e9e, nous combinerons des techniques de massage profond, musculaire et articulaire pour l&rsquo;ensemble du corps.\u00a0Lib\u00e8re les contractures et est relaxant.<\/p>\n<h4><strong>D\u00e9tox\u00a0(90 min)<\/strong><\/h4>\n<p>C&rsquo;est une s\u00e9ance extr\u00eamement relaxante, \u00e0 travers laquelle nous allons nous mobiliser et aider \u00e0 \u00e9liminer les toxines et les graisses accumul\u00e9es dans notre corps.\u00a0Comprends drainage lymphatique, massage abdominal profond,\u00a0guasha\u00a0ou ventouses et r\u00e9flexologie.<\/p>\n<h4><strong>R\u00e9flexologie plantaire\u00a0(60 min)<\/strong><\/h4>\n<p>C&rsquo;est une th\u00e9rapie manuelle en stimulant certains points o\u00f9 une r\u00e9action est g\u00e9n\u00e9r\u00e9e dans des parties \u00e9loign\u00e9es du corps.\u00a0Il d\u00e9bloque et harmonise le corps, am\u00e9liorant l&rsquo;\u00e9tat de sant\u00e9.\u00a0Un r\u00e9\u00e9quilibrage \u00e9nerg\u00e9tique corporel est obtenu, am\u00e9liorant toutes les fonctions de l&rsquo;organisme.<br \/>\nLa s\u00e9ance fait travailler les pieds, les jambes et les genoux.<\/p>\n\n\t\t<\/div>\n\t<\/div>\n<\/div><\/div><\/div><div class=\"wpb_column vc_column_container vc_col-sm-6\"><div class=\"vc_column-inner\"><div class=\"wpb_wrapper\"><div class=\"vcex-spacing wpex-w-100 wpex-clear\" style=\"height:10px;\"><\/div>\n\t<div class=\"wpb_text_column wpb_content_element\" >\n\t\t<div class=\"wpb_wrapper\">\n\t\t\t<h4><strong>Kobido\u00a0(60 min)<\/strong><\/h4>\n<p>Massage facial japonais.\u00a0Le visage est le miroir de l&rsquo;\u00e2me, un lieu o\u00f9 nombre de nos exp\u00e9riences et \u00e9motions\u00a0laissent\u00a0leur marque.\u00a0Massage extr\u00eamement relaxant de la poitrine, du cou, du visage et de la t\u00eate.\u00a0Aide et pr\u00e9vient les maux de t\u00eate, le bruxisme, l&rsquo;insomnie et le stress.\u00a0Il active la production de collag\u00e8ne, d\u00e9congestionne par le drainage lymphatique, sublime les traits gr\u00e2ce \u00e0 son effet lifting facial et laisse \u00e9maner la paix int\u00e9rieure et la beaut\u00e9.<br \/>\nUne s\u00e9ance pour d\u00e9connecter compl\u00e8tement.<\/p>\n<h4><strong>Massage\u00a0bucco-faciale:<\/strong><\/h4>\n<p>S\u00e9ance sp\u00e9cifique pour traiter les tensions de la m\u00e2choire, le bruxisme, les maux de t\u00eate, les cervicalgies, l&rsquo;insomnie, le stress.\u00a0Il agit sur le cou, la t\u00eate, le visage et l&rsquo;intra-buccal, avec des techniques musculaires, ost\u00e9opathiques et la\u00a0digitopression\u00a0des points d&rsquo;acupuncture.<\/p>\n<h4><strong>Massage pour enfants\u00a0(30 min)<\/strong><\/h4>\n<p>C&rsquo;est l&rsquo;occasion pour les enfants de se connecter avec leur monde int\u00e9rieur et d&rsquo;apprendre \u00e0 respirer en le laissant couler.\u00a0Ouvrir sa perception, apprendre \u00e0 se respecter, \u00e0 mieux se conna\u00eetre et \u00e0 s&rsquo;accepter\u00a0(de 3 \u00e0 12 ans).<\/p>\n<h4><strong>Massage femme enceinte\u00a0(60\u00a0min\/90\u00a0min)<\/strong><\/h4>\n<p>S\u00e9ance de massage pour femmes enceintes.\u00a0Profitez de cet espace de convivialit\u00e9, de s\u00e9curit\u00e9 et d&rsquo;\u00e9coute.\u00a0C&rsquo;est une s\u00e9ance o\u00f9 maman et b\u00e9b\u00e9 re\u00e7oivent les bienfaits du massage, adapt\u00e9 \u00e0 chaque \u00e9tape et \u00e0 chaque grossesse en particulier.\u00a0Combinaison de shiatsu, massage circulatoire, relaxant, hamacs,\u00a0rebozo, massage avec\u00a0fit-ball.<\/p>\n<h4><strong>Taimaisalut\u00a0(90 min)<\/strong><\/h4>\n<p>Combinaison de\u00a0chiromassage\u00a0holistique, shiatsu, tha\u00ef,\u00a0tuina\u00a0et r\u00e9flexologie.<br \/>\nUne s\u00e9ance sur mesure, avec tous les outils th\u00e9rapeutiques int\u00e9gr\u00e9s en faveur de votre sant\u00e9 et de votre bien-\u00eatre.\u00a0Il est fait avec du futon, avec une combinaison d&rsquo;huiles essentielles.<\/p>\n\n\t\t<\/div>\n\t<\/div>\n\n\t<div  class=\"wpb_single_image wpb_content_element vc_align_ wpb_content_element\">\n\t\t\n\t\t<figure class=\"wpb_wrapper vc_figure\">\n\t\t\t<div class=\"vc_single_image-wrapper   vc_box_border_grey\"><img width=\"2435\" height=\"1623\" src=\"https:\/\/clinicaverda.cetrexmarketing.com\/wp-content\/uploads\/2022\/11\/MG_0977-1.jpg\" class=\"vc_single_image-img attachment-full\" alt=\"\" title=\"_MG_0977\" srcset=\"https:\/\/clinicaverda.cetrexmarketing.com\/wp-content\/uploads\/2022\/11\/MG_0977-1.jpg 2435w, https:\/\/clinicaverda.cetrexmarketing.com\/wp-content\/uploads\/2022\/11\/MG_0977-1-300x200.jpg 300w, https:\/\/clinicaverda.cetrexmarketing.com\/wp-content\/uploads\/2022\/11\/MG_0977-1-1024x683.jpg 1024w, https:\/\/clinicaverda.cetrexmarketing.com\/wp-content\/uploads\/2022\/11\/MG_0977-1-768x512.jpg 768w, https:\/\/clinicaverda.cetrexmarketing.com\/wp-content\/uploads\/2022\/11\/MG_0977-1-391x260.jpg 391w, https:\/\/clinicaverda.cetrexmarketing.com\/wp-content\/uploads\/2022\/11\/MG_0977-1-1536x1024.jpg 1536w, https:\/\/clinicaverda.cetrexmarketing.com\/wp-content\/uploads\/2022\/11\/MG_0977-1-2048x1365.jpg 2048w\" sizes=\"(max-width: 2435px) 100vw, 2435px\" \/><\/div>\n\t\t<\/figure>\n\t<\/div>\n<\/div><\/div><\/div><\/div><div class=\"vc_section vc_custom_1652780947417 wpex-vc-full-width-section wpex-vc-full-width-section--centered wpex-relative wpex-vc_section-has-fill wpex-vc-reset-negative-margin\"><div class=\"vc_row wpb_row vc_row-fluid vc_custom_1664437319481 wpex-relative no-bottom-margins\"><div class=\"wpb_column vc_column_container vc_col-sm-12\"><div class=\"vc_column-inner\"><div class=\"wpb_wrapper\">\n\t<div class=\"wpb_text_column wpb_content_element\" >\n\t\t<div class=\"wpb_wrapper\">\n\t\t\t<h3 style=\"text-align: center;\">Contactez-nous<\/h3>\n\n\t\t<\/div>\n\t<\/div>\n\n\t<div class=\"wpb_text_column wpb_content_element\" >\n\t\t<div class=\"wpb_wrapper\">\n\t\t\t<p style=\"text-align: center;\">Les champs avec * sont obligatoires<\/p>\n\n\t\t<\/div>\n\t<\/div>\n<\/div><\/div><\/div><\/div><div class=\"vc_row wpb_row vc_row-fluid wpex-relative no-bottom-margins\"><div class=\"wpb_column vc_column_container vc_col-sm-3\"><div class=\"vc_column-inner\"><div class=\"wpb_wrapper\"><\/div><\/div><\/div><div class=\"wpb_column vc_column_container vc_col-sm-6 wpex-vc_col-has-fill\"><div class=\"vc_column-inner vc_custom_1664437382995\"><div class=\"wpb_wrapper\">\n<div class=\"wpcf7 no-js\" id=\"wpcf7-f3499-o1\" lang=\"fr-FR\" dir=\"ltr\" data-wpcf7-id=\"3499\">\n<div class=\"screen-reader-response\"><p role=\"status\" aria-live=\"polite\" aria-atomic=\"true\"><\/p> <ul><\/ul><\/div>\n<form action=\"\/fr\/wp-json\/wp\/v2\/pages\/3100#wpcf7-f3499-o1\" method=\"post\" class=\"wpcf7-form init\" aria-label=\"Formulaire de contact\" novalidate=\"novalidate\" data-status=\"init\">\n<fieldset class=\"hidden-fields-container\"><input type=\"hidden\" name=\"_wpcf7\" value=\"3499\" \/><input type=\"hidden\" name=\"_wpcf7_version\" value=\"6.1.4\" \/><input type=\"hidden\" name=\"_wpcf7_locale\" value=\"fr_FR\" \/><input type=\"hidden\" name=\"_wpcf7_unit_tag\" value=\"wpcf7-f3499-o1\" \/><input type=\"hidden\" name=\"_wpcf7_container_post\" value=\"0\" \/><input type=\"hidden\" name=\"_wpcf7_posted_data_hash\" value=\"\" \/><input type=\"hidden\" name=\"_wpcf7_recaptcha_response\" value=\"\" \/>\n<\/fieldset>\n<p><span class=\"wpcf7-form-control-wrap\" data-name=\"motiu\"><select class=\"wpcf7-form-control wpcf7-select wpcf7-validates-as-required\" aria-required=\"true\" aria-invalid=\"false\" name=\"motiu\"><option value=\"S\u00e9lectionnez la raison\">S\u00e9lectionnez la raison<\/option><option value=\"Demander des informations\">Demander des informations<\/option><option value=\"Demander une consultation ou appeler\">Demander une consultation ou appeler<\/option><option value=\"Autres\">Autres<\/option><\/select><\/span>\n<\/p>\n<p><span class=\"wpcf7-form-control-wrap\" data-name=\"your-name\"><input size=\"40\" maxlength=\"400\" class=\"wpcf7-form-control wpcf7-text wpcf7-validates-as-required\" aria-required=\"true\" aria-invalid=\"false\" placeholder=\"Nom et pr\u00e9nom*\" value=\"\" type=\"text\" name=\"your-name\" \/><\/span>\n<\/p>\n<p><span class=\"wpcf7-form-control-wrap\" data-name=\"your-email\"><input size=\"40\" maxlength=\"400\" class=\"wpcf7-form-control wpcf7-email wpcf7-validates-as-required wpcf7-text wpcf7-validates-as-email\" aria-required=\"true\" aria-invalid=\"false\" placeholder=\"Email*\" value=\"\" type=\"email\" name=\"your-email\" \/><\/span>\n<\/p>\n<p><span class=\"wpcf7-form-control-wrap\" data-name=\"your-phone\"><input size=\"40\" maxlength=\"400\" class=\"wpcf7-form-control wpcf7-text wpcf7-validates-as-required\" aria-required=\"true\" aria-invalid=\"false\" placeholder=\"T\u00e9l\u00e9phone*\" value=\"\" type=\"text\" name=\"your-phone\" \/><\/span>\n<\/p>\n<p><span class=\"wpcf7-form-control-wrap\" data-name=\"your-message\"><textarea cols=\"40\" rows=\"10\" maxlength=\"2000\" class=\"wpcf7-form-control wpcf7-textarea\" aria-invalid=\"false\" placeholder=\"Message*\" name=\"your-message\"><\/textarea><\/span>\n<\/p>\n<p><span class=\"wpcf7-form-control-wrap\" data-name=\"acceptance-697\"><span class=\"wpcf7-form-control wpcf7-acceptance\"><span class=\"wpcf7-list-item\"><input type=\"checkbox\" name=\"acceptance-697\" value=\"1\" aria-invalid=\"false\" \/><\/span><\/span><\/span> J'accepte <a href=\"\/avisos-legales\/\">les mentions l\u00e9gales<\/a> et la <a href=\"\/politica-de-privacidad\/\">Politique de confidentialit\u00e9<\/a>\n<\/p>\n<p><input class=\"wpcf7-form-control wpcf7-submit has-spinner\" type=\"submit\" value=\"Envoyer\" \/>\n<\/p><p style=\"display: none !important;\" class=\"akismet-fields-container\" data-prefix=\"_wpcf7_ak_\"><label>&#916;<textarea name=\"_wpcf7_ak_hp_textarea\" cols=\"45\" rows=\"8\" maxlength=\"100\"><\/textarea><\/label><input type=\"hidden\" id=\"ak_js_1\" name=\"_wpcf7_ak_js\" value=\"213\"\/><script>document.getElementById( \"ak_js_1\" ).setAttribute( \"value\", ( new Date() ).getTime() );<\/script><\/p><div class=\"wpcf7-response-output\" aria-hidden=\"true\"><\/div>\n<\/form>\n<\/div>\n<\/div><\/div><\/div><div class=\"wpb_column vc_column_container vc_col-sm-3\"><div class=\"vc_column-inner\"><div class=\"wpb_wrapper\"><\/div><\/div><\/div><\/div><\/div>\n<\/div>","protected":false},"excerpt":{"rendered":"Sp\u00e9cialit\u00e9s Conscientes Th\u00e9rapies manuelles et \u00e9nerg\u00e9tiques \u00ab\u00a0Notre\u00a0corps est une carte d'enregistrements \u00e9motionnels. Je vous accompagne avec une approche int\u00e9grative, nous vous \u00e9coutons et lib\u00e9rons vos tensions.\u00a0\u00bb Shiatsu\u00a0(60min\/90min) Th\u00e9rapie japonaise ancestrale, issue de la m\u00e9decine chinoise.\u00a0C'est un massage sur un futon, o\u00f9 l'on travaille tout le corps en tra\u00e7ant les m\u00e9ridiens, en utilisant le bout des&hellip;","protected":false},"author":1,"featured_media":0,"parent":0,"menu_order":0,"comment_status":"closed","ping_status":"closed","template":"","meta":{"footnotes":""},"class_list":["post-3100","page","type-page","status-publish","hentry","entry","no-media"],"yoast_head":"<!-- This site is optimized with the Yoast SEO plugin v26.9 - https:\/\/yoast.com\/product\/yoast-seo-wordpress\/ -->\n<title>Ter\u00e0pies Manuals i energ\u00e8tiques - La Cl\u00ednica Verda<\/title>\n<meta name=\"robots\" content=\"noindex, follow, max-snippet:-1, max-image-preview:large, max-video-preview:-1\" \/>\n<meta property=\"og:locale\" content=\"fr_FR\" \/>\n<meta property=\"og:type\" content=\"article\" \/>\n<meta property=\"og:title\" content=\"Ter\u00e0pies Manuals i energ\u00e8tiques - La Cl\u00ednica Verda\" \/>\n<meta property=\"og:url\" content=\"https:\/\/clinicaverda.cetrexmarketing.com\/fr\/terapies-manuals-i-energetiques\/\" \/>\n<meta property=\"og:site_name\" content=\"La Cl\u00ednica Verda\" \/>\n<meta property=\"article:modified_time\" content=\"2023-04-12T15:48:28+00:00\" \/>\n<meta name=\"twitter:card\" content=\"summary_large_image\" \/>\n<meta name=\"twitter:label1\" content=\"Dur\u00e9e de lecture estim\u00e9e\" \/>\n\t<meta name=\"twitter:data1\" content=\"5 minutes\" \/>\n<script type=\"application\/ld+json\" class=\"yoast-schema-graph\">{\"@context\":\"https:\/\/schema.org\",\"@graph\":[{\"@type\":\"WebPage\",\"@id\":\"https:\/\/clinicaverda.cetrexmarketing.com\/fr\/terapies-manuals-i-energetiques\/\",\"url\":\"https:\/\/clinicaverda.cetrexmarketing.com\/fr\/terapies-manuals-i-energetiques\/\",\"name\":\"Ter\u00e0pies Manuals i energ\u00e8tiques - La Cl\u00ednica Verda\",\"isPartOf\":{\"@id\":\"https:\/\/clinicaverda.cetrexmarketing.com\/#website\"},\"datePublished\":\"2022-08-23T08:51:49+00:00\",\"dateModified\":\"2023-04-12T15:48:28+00:00\",\"breadcrumb\":{\"@id\":\"https:\/\/clinicaverda.cetrexmarketing.com\/fr\/terapies-manuals-i-energetiques\/#breadcrumb\"},\"inLanguage\":\"fr-FR\",\"potentialAction\":[{\"@type\":\"ReadAction\",\"target\":[\"https:\/\/clinicaverda.cetrexmarketing.com\/fr\/terapies-manuals-i-energetiques\/\"]}]},{\"@type\":\"BreadcrumbList\",\"@id\":\"https:\/\/clinicaverda.cetrexmarketing.com\/fr\/terapies-manuals-i-energetiques\/#breadcrumb\",\"itemListElement\":[{\"@type\":\"ListItem\",\"position\":1,\"name\":\"Home\",\"item\":\"https:\/\/clinicaverda.cetrexmarketing.com\/fr\/\"},{\"@type\":\"ListItem\",\"position\":2,\"name\":\"Ter\u00e0pies Manuals i energ\u00e8tiques\"}]},{\"@type\":\"WebSite\",\"@id\":\"https:\/\/clinicaverda.cetrexmarketing.com\/#website\",\"url\":\"https:\/\/clinicaverda.cetrexmarketing.com\/\",\"name\":\"La Cl\u00ednica Verda\",\"description\":\"Cetrex new project\",\"publisher\":{\"@id\":\"https:\/\/clinicaverda.cetrexmarketing.com\/#organization\"},\"potentialAction\":[{\"@type\":\"SearchAction\",\"target\":{\"@type\":\"EntryPoint\",\"urlTemplate\":\"https:\/\/clinicaverda.cetrexmarketing.com\/?s={search_term_string}\"},\"query-input\":{\"@type\":\"PropertyValueSpecification\",\"valueRequired\":true,\"valueName\":\"search_term_string\"}}],\"inLanguage\":\"fr-FR\"},{\"@type\":\"Organization\",\"@id\":\"https:\/\/clinicaverda.cetrexmarketing.com\/#organization\",\"name\":\"La Cl\u00ednica Verda\",\"url\":\"https:\/\/clinicaverda.cetrexmarketing.com\/\",\"logo\":{\"@type\":\"ImageObject\",\"inLanguage\":\"fr-FR\",\"@id\":\"https:\/\/clinicaverda.cetrexmarketing.com\/#\/schema\/logo\/image\/\",\"url\":\"https:\/\/clinicaverda.cetrexmarketing.com\/wp-content\/uploads\/2022\/05\/logo-la-clinica-verda.png\",\"contentUrl\":\"https:\/\/clinicaverda.cetrexmarketing.com\/wp-content\/uploads\/2022\/05\/logo-la-clinica-verda.png\",\"width\":900,\"height\":256,\"caption\":\"La Cl\u00ednica Verda\"},\"image\":{\"@id\":\"https:\/\/clinicaverda.cetrexmarketing.com\/#\/schema\/logo\/image\/\"}}]}<\/script>\n<!-- \/ Yoast SEO plugin. -->","yoast_head_json":{"title":"Ter\u00e0pies Manuals i energ\u00e8tiques - La Cl\u00ednica Verda","robots":{"index":"noindex","follow":"follow","max-snippet":"max-snippet:-1","max-image-preview":"max-image-preview:large","max-video-preview":"max-video-preview:-1"},"og_locale":"fr_FR","og_type":"article","og_title":"Ter\u00e0pies Manuals i energ\u00e8tiques - La Cl\u00ednica Verda","og_url":"https:\/\/clinicaverda.cetrexmarketing.com\/fr\/terapies-manuals-i-energetiques\/","og_site_name":"La Cl\u00ednica Verda","article_modified_time":"2023-04-12T15:48:28+00:00","twitter_card":"summary_large_image","twitter_misc":{"Dur\u00e9e de lecture estim\u00e9e":"5 minutes"},"schema":{"@context":"https:\/\/schema.org","@graph":[{"@type":"WebPage","@id":"https:\/\/clinicaverda.cetrexmarketing.com\/fr\/terapies-manuals-i-energetiques\/","url":"https:\/\/clinicaverda.cetrexmarketing.com\/fr\/terapies-manuals-i-energetiques\/","name":"Ter\u00e0pies Manuals i energ\u00e8tiques - La Cl\u00ednica Verda","isPartOf":{"@id":"https:\/\/clinicaverda.cetrexmarketing.com\/#website"},"datePublished":"2022-08-23T08:51:49+00:00","dateModified":"2023-04-12T15:48:28+00:00","breadcrumb":{"@id":"https:\/\/clinicaverda.cetrexmarketing.com\/fr\/terapies-manuals-i-energetiques\/#breadcrumb"},"inLanguage":"fr-FR","potentialAction":[{"@type":"ReadAction","target":["https:\/\/clinicaverda.cetrexmarketing.com\/fr\/terapies-manuals-i-energetiques\/"]}]},{"@type":"BreadcrumbList","@id":"https:\/\/clinicaverda.cetrexmarketing.com\/fr\/terapies-manuals-i-energetiques\/#breadcrumb","itemListElement":[{"@type":"ListItem","position":1,"name":"Home","item":"https:\/\/clinicaverda.cetrexmarketing.com\/fr\/"},{"@type":"ListItem","position":2,"name":"Ter\u00e0pies Manuals i energ\u00e8tiques"}]},{"@type":"WebSite","@id":"https:\/\/clinicaverda.cetrexmarketing.com\/#website","url":"https:\/\/clinicaverda.cetrexmarketing.com\/","name":"La Cl\u00ednica Verda","description":"Cetrex new project","publisher":{"@id":"https:\/\/clinicaverda.cetrexmarketing.com\/#organization"},"potentialAction":[{"@type":"SearchAction","target":{"@type":"EntryPoint","urlTemplate":"https:\/\/clinicaverda.cetrexmarketing.com\/?s={search_term_string}"},"query-input":{"@type":"PropertyValueSpecification","valueRequired":true,"valueName":"search_term_string"}}],"inLanguage":"fr-FR"},{"@type":"Organization","@id":"https:\/\/clinicaverda.cetrexmarketing.com\/#organization","name":"La Cl\u00ednica Verda","url":"https:\/\/clinicaverda.cetrexmarketing.com\/","logo":{"@type":"ImageObject","inLanguage":"fr-FR","@id":"https:\/\/clinicaverda.cetrexmarketing.com\/#\/schema\/logo\/image\/","url":"https:\/\/clinicaverda.cetrexmarketing.com\/wp-content\/uploads\/2022\/05\/logo-la-clinica-verda.png","contentUrl":"https:\/\/clinicaverda.cetrexmarketing.com\/wp-content\/uploads\/2022\/05\/logo-la-clinica-verda.png","width":900,"height":256,"caption":"La Cl\u00ednica Verda"},"image":{"@id":"https:\/\/clinicaverda.cetrexmarketing.com\/#\/schema\/logo\/image\/"}}]}},"_links":{"self":[{"href":"https:\/\/clinicaverda.cetrexmarketing.com\/fr\/wp-json\/wp\/v2\/pages\/3100","targetHints":{"allow":["GET"]}}],"collection":[{"href":"https:\/\/clinicaverda.cetrexmarketing.com\/fr\/wp-json\/wp\/v2\/pages"}],"about":[{"href":"https:\/\/clinicaverda.cetrexmarketing.com\/fr\/wp-json\/wp\/v2\/types\/page"}],"author":[{"embeddable":true,"href":"https:\/\/clinicaverda.cetrexmarketing.com\/fr\/wp-json\/wp\/v2\/users\/1"}],"replies":[{"embeddable":true,"href":"https:\/\/clinicaverda.cetrexmarketing.com\/fr\/wp-json\/wp\/v2\/comments?post=3100"}],"version-history":[{"count":4,"href":"https:\/\/clinicaverda.cetrexmarketing.com\/fr\/wp-json\/wp\/v2\/pages\/3100\/revisions"}],"predecessor-version":[{"id":3800,"href":"https:\/\/clinicaverda.cetrexmarketing.com\/fr\/wp-json\/wp\/v2\/pages\/3100\/revisions\/3800"}],"wp:attachment":[{"href":"https:\/\/clinicaverda.cetrexmarketing.com\/fr\/wp-json\/wp\/v2\/media?parent=3100"}],"curies":[{"name":"wp","href":"https:\/\/api.w.org\/{rel}","templated":true}]}}