{"id":3098,"date":"2022-08-23T08:45:12","date_gmt":"2022-08-23T08:45:12","guid":{"rendered":"https:\/\/clinicaverda.cetrexmarketing.com\/terapia-transpersonal\/"},"modified":"2023-04-12T15:48:09","modified_gmt":"2023-04-12T15:48:09","slug":"terapia-transpersonal","status":"publish","type":"page","link":"https:\/\/clinicaverda.cetrexmarketing.com\/fr\/terapia-transpersonal\/","title":{"rendered":"Ter\u00e0pia Transpersonal"},"content":{"rendered":"<div class=\"wpb-content-wrapper\"><div class=\"vc_section vc_custom_1661244301332 wpex-vc-full-width-section wpex-vc-full-width-section--centered wpex-relative wpex-vc_section-has-fill wpex-vc-reset-negative-margin\" style=\"background-position:center center!important;\"><div class=\"vc_row wpb_row vc_row-fluid wpex-relative no-bottom-margins\"><div class=\"wpb_column vc_column_container vc_col-sm-6\"><div class=\"vc_column-inner\"><div class=\"wpb_wrapper\"><div class=\"vcex-spacing wpex-w-100 wpex-clear\" style=\"height:100px;\"><\/div><\/div><\/div><\/div><div class=\"wpb_column vc_column_container vc_col-sm-6\"><div class=\"vc_column-inner\"><div class=\"wpb_wrapper\">\n\t<div  class=\"wpb_single_image wpb_content_element vc_align_ wpb_content_element  imagenabsoluta\">\n\t\t\n\t\t<figure class=\"wpb_wrapper vc_figure\">\n\t\t\t<div class=\"vc_single_image-wrapper   vc_box_border_grey\"><img width=\"350\" height=\"400\" src=\"https:\/\/clinicaverda.cetrexmarketing.com\/wp-content\/uploads\/2022\/05\/imatge-logo-clinica-verda-1.png\" class=\"vc_single_image-img attachment-full\" alt=\"\" title=\"imatge-logo-clinica-verda-1\" srcset=\"https:\/\/clinicaverda.cetrexmarketing.com\/wp-content\/uploads\/2022\/05\/imatge-logo-clinica-verda-1.png 350w, https:\/\/clinicaverda.cetrexmarketing.com\/wp-content\/uploads\/2022\/05\/imatge-logo-clinica-verda-1-263x300.png 263w\" sizes=\"(max-width: 350px) 100vw, 350px\" \/><\/div>\n\t\t<\/figure>\n\t<\/div>\n<\/div><\/div><\/div><\/div><\/div><div class=\"vc_section vc_custom_1652780065097 wpex-vc-full-width-section wpex-vc-full-width-section--centered wpex-relative wpex-vc_section-has-fill wpex-vc-reset-negative-margin\"><div class=\"vc_row wpb_row vc_row-fluid wpex-relative no-bottom-margins\"><div class=\"wpb_column vc_column_container vc_col-sm-12\"><div class=\"vc_column-inner\"><div class=\"wpb_wrapper\">\n\t<div style=\"color:#005e63;font-size:20px;\" class=\"wpb_text_column has-custom-color wpex-child-inherit-color wpb_content_element\" >\n\t\t<div class=\"wpb_wrapper\">\n\t\t\t<p>Sp\u00e9cialit\u00e9s Conscientes<\/p>\n\n\t\t<\/div>\n\t<\/div>\n<div class=\"vcex-spacing wpex-w-100 wpex-clear\" style=\"height:10px;\"><\/div>\n\t<div style=\"color:#ffffff;\" class=\"wpb_text_column has-custom-color wpex-child-inherit-color wpb_content_element\" >\n\t\t<div class=\"wpb_wrapper\">\n\t\t\t<h1>Th\u00e9rapie Transpersonnelle<\/h1>\n\n\t\t<\/div>\n\t<\/div>\n<\/div><\/div><\/div><\/div><\/div><div class=\"vc_row wpb_row vc_row-fluid vc_custom_1660122416802 vc_column-gap-30 wpex-relative\"><div class=\"wpb_column vc_column_container vc_col-sm-6\"><div class=\"vc_column-inner\"><div class=\"wpb_wrapper\">\n\t<div class=\"wpb_text_column wpb_content_element\" >\n\t\t<div class=\"wpb_wrapper\">\n\t\t\t<p>Le concept trans personnel signifie au-del\u00e0 de l&rsquo;individu, alors cette th\u00e9rapie est con\u00e7ue pour atteindre le plus profond de l&rsquo;\u00caTRE, de l&rsquo;\u00caTRE de chaque individu.<\/p>\n<p>Tous les individus peuvent s&rsquo;actualiser et trouver de la joie dans les exp\u00e9riences les plus \u00e9l\u00e9mentaires, vivant le monde avec admiration et amour aussi continuellement que possible dans notre vie de tous les jours.\u00a0Et au lieu de cela, nous vivons dans une soci\u00e9t\u00e9 acc\u00e9l\u00e9r\u00e9e, sans admiration, sans compr\u00e9hension, sans collaboration.<\/p>\n<p>Le th\u00e9rapeute trans personnel cherche \u00e0 int\u00e9grer les \u00e9motions et les \u00e9tats mentaux avec l&rsquo;espace et les int\u00e9r\u00eats personnels. Tout dans notre corps est li\u00e9 : pens\u00e9es, \u00e9motions, comportements, sensations corporelles, &#8230; Les techniques servent \u00e0 renforcer votre capacit\u00e9 \u00e0 vous mettre en empathie avec les autres \u00eatres, \u00e0 d\u00e9couvrir votre compassion, votre amour pour les autres.<\/p>\n\n\t\t<\/div>\n\t<\/div>\n<\/div><\/div><\/div><div class=\"wpb_column vc_column_container vc_col-sm-6\"><div class=\"vc_column-inner\"><div class=\"wpb_wrapper\"><div class=\"vcex-spacing wpex-w-100 wpex-clear\" style=\"height:10px;\"><\/div>\n\t<div class=\"wpb_text_column wpb_content_element\" >\n\t\t<div class=\"wpb_wrapper\">\n\t\t\t<p>Par cons\u00e9quent, l&rsquo;objectif principal de la th\u00e9rapie trans personnelle est d&rsquo;aider les \u00eatres humains \u00e0 transcender leur sens de soi, \u00e0 s&rsquo;identifier \u00e0 une plus grande conscience que nous avons autour de nous.<\/p>\n<p>La diff\u00e9rence avec la th\u00e9rapie conventionnelle est qu&rsquo;elle se concentre sur le probl\u00e8me que le client a, nous ne poursuivons pas un traitement, mais cherchons \u00e0 ce que l&rsquo;individu vive pleinement et librement, car ce n&rsquo;est qu&rsquo;\u00e0 partir d&rsquo;une libert\u00e9 totale sans penser au n\u00e9gatif que nous pouvons faciliter la croissance du JE\u00a0vers son environnement.<\/p>\n\n\t\t<\/div>\n\t<\/div>\n<\/div><\/div><\/div><\/div><div class=\"vc_section vc_custom_1652780947417 wpex-vc-full-width-section wpex-vc-full-width-section--centered wpex-relative wpex-vc_section-has-fill wpex-vc-reset-negative-margin\"><div class=\"vc_row wpb_row vc_row-fluid vc_custom_1664437319481 wpex-relative no-bottom-margins\"><div class=\"wpb_column vc_column_container vc_col-sm-12\"><div class=\"vc_column-inner\"><div class=\"wpb_wrapper\">\n\t<div class=\"wpb_text_column wpb_content_element\" >\n\t\t<div class=\"wpb_wrapper\">\n\t\t\t<h3 style=\"text-align: center;\">Contactez-nous<\/h3>\n\n\t\t<\/div>\n\t<\/div>\n\n\t<div class=\"wpb_text_column wpb_content_element\" >\n\t\t<div class=\"wpb_wrapper\">\n\t\t\t<p style=\"text-align: center;\">Les champs avec * sont obligatoires<\/p>\n\n\t\t<\/div>\n\t<\/div>\n<\/div><\/div><\/div><\/div><div class=\"vc_row wpb_row vc_row-fluid wpex-relative no-bottom-margins\"><div class=\"wpb_column vc_column_container vc_col-sm-3\"><div class=\"vc_column-inner\"><div class=\"wpb_wrapper\"><\/div><\/div><\/div><div class=\"wpb_column vc_column_container vc_col-sm-6 wpex-vc_col-has-fill\"><div class=\"vc_column-inner vc_custom_1664437382995\"><div class=\"wpb_wrapper\">\n<div class=\"wpcf7 no-js\" id=\"wpcf7-f3499-o1\" lang=\"fr-FR\" dir=\"ltr\" data-wpcf7-id=\"3499\">\n<div class=\"screen-reader-response\"><p role=\"status\" aria-live=\"polite\" aria-atomic=\"true\"><\/p> <ul><\/ul><\/div>\n<form action=\"\/fr\/wp-json\/wp\/v2\/pages\/3098#wpcf7-f3499-o1\" method=\"post\" class=\"wpcf7-form init\" aria-label=\"Formulaire de contact\" novalidate=\"novalidate\" data-status=\"init\">\n<fieldset class=\"hidden-fields-container\"><input type=\"hidden\" name=\"_wpcf7\" value=\"3499\" \/><input type=\"hidden\" name=\"_wpcf7_version\" value=\"6.1.4\" \/><input type=\"hidden\" name=\"_wpcf7_locale\" value=\"fr_FR\" \/><input type=\"hidden\" name=\"_wpcf7_unit_tag\" value=\"wpcf7-f3499-o1\" \/><input type=\"hidden\" name=\"_wpcf7_container_post\" value=\"0\" \/><input type=\"hidden\" name=\"_wpcf7_posted_data_hash\" value=\"\" \/><input type=\"hidden\" name=\"_wpcf7_recaptcha_response\" value=\"\" \/>\n<\/fieldset>\n<p><span class=\"wpcf7-form-control-wrap\" data-name=\"motiu\"><select class=\"wpcf7-form-control wpcf7-select wpcf7-validates-as-required\" aria-required=\"true\" aria-invalid=\"false\" name=\"motiu\"><option value=\"S\u00e9lectionnez la raison\">S\u00e9lectionnez la raison<\/option><option value=\"Demander des informations\">Demander des informations<\/option><option value=\"Demander une consultation ou appeler\">Demander une consultation ou appeler<\/option><option value=\"Autres\">Autres<\/option><\/select><\/span>\n<\/p>\n<p><span class=\"wpcf7-form-control-wrap\" data-name=\"your-name\"><input size=\"40\" maxlength=\"400\" class=\"wpcf7-form-control wpcf7-text wpcf7-validates-as-required\" aria-required=\"true\" aria-invalid=\"false\" placeholder=\"Nom et pr\u00e9nom*\" value=\"\" type=\"text\" name=\"your-name\" \/><\/span>\n<\/p>\n<p><span class=\"wpcf7-form-control-wrap\" data-name=\"your-email\"><input size=\"40\" maxlength=\"400\" class=\"wpcf7-form-control wpcf7-email wpcf7-validates-as-required wpcf7-text wpcf7-validates-as-email\" aria-required=\"true\" aria-invalid=\"false\" placeholder=\"Email*\" value=\"\" type=\"email\" name=\"your-email\" \/><\/span>\n<\/p>\n<p><span class=\"wpcf7-form-control-wrap\" data-name=\"your-phone\"><input size=\"40\" maxlength=\"400\" class=\"wpcf7-form-control wpcf7-text wpcf7-validates-as-required\" aria-required=\"true\" aria-invalid=\"false\" placeholder=\"T\u00e9l\u00e9phone*\" value=\"\" type=\"text\" name=\"your-phone\" \/><\/span>\n<\/p>\n<p><span class=\"wpcf7-form-control-wrap\" data-name=\"your-message\"><textarea cols=\"40\" rows=\"10\" maxlength=\"2000\" class=\"wpcf7-form-control wpcf7-textarea\" aria-invalid=\"false\" placeholder=\"Message*\" name=\"your-message\"><\/textarea><\/span>\n<\/p>\n<p><span class=\"wpcf7-form-control-wrap\" data-name=\"acceptance-697\"><span class=\"wpcf7-form-control wpcf7-acceptance\"><span class=\"wpcf7-list-item\"><input type=\"checkbox\" name=\"acceptance-697\" value=\"1\" aria-invalid=\"false\" \/><\/span><\/span><\/span> J'accepte <a href=\"\/avisos-legales\/\">les mentions l\u00e9gales<\/a> et la <a href=\"\/politica-de-privacidad\/\">Politique de confidentialit\u00e9<\/a>\n<\/p>\n<p><input class=\"wpcf7-form-control wpcf7-submit has-spinner\" type=\"submit\" value=\"Envoyer\" \/>\n<\/p><p style=\"display: none !important;\" class=\"akismet-fields-container\" data-prefix=\"_wpcf7_ak_\"><label>&#916;<textarea name=\"_wpcf7_ak_hp_textarea\" cols=\"45\" rows=\"8\" maxlength=\"100\"><\/textarea><\/label><input type=\"hidden\" id=\"ak_js_1\" name=\"_wpcf7_ak_js\" value=\"135\"\/><script>document.getElementById( \"ak_js_1\" ).setAttribute( \"value\", ( new Date() ).getTime() );<\/script><\/p><div class=\"wpcf7-response-output\" aria-hidden=\"true\"><\/div>\n<\/form>\n<\/div>\n<\/div><\/div><\/div><div class=\"wpb_column vc_column_container vc_col-sm-3\"><div class=\"vc_column-inner\"><div class=\"wpb_wrapper\"><\/div><\/div><\/div><\/div><\/div>\n<\/div>","protected":false},"excerpt":{"rendered":"Sp\u00e9cialit\u00e9s Conscientes Th\u00e9rapie Transpersonnelle Le concept trans personnel signifie au-del\u00e0 de l'individu, alors cette th\u00e9rapie est con\u00e7ue pour atteindre le plus profond de l'\u00caTRE, de l'\u00caTRE de chaque individu. Tous les individus peuvent s'actualiser et trouver de la joie dans les exp\u00e9riences les plus \u00e9l\u00e9mentaires, vivant le monde avec admiration et amour aussi continuellement que&hellip;","protected":false},"author":1,"featured_media":0,"parent":0,"menu_order":0,"comment_status":"closed","ping_status":"closed","template":"","meta":{"footnotes":""},"class_list":["post-3098","page","type-page","status-publish","hentry","entry","no-media"],"yoast_head":"<!-- This site is optimized with the Yoast SEO plugin v26.9 - https:\/\/yoast.com\/product\/yoast-seo-wordpress\/ -->\n<title>Ter\u00e0pia Transpersonal - La Cl\u00ednica Verda<\/title>\n<meta name=\"robots\" content=\"noindex, follow, max-snippet:-1, max-image-preview:large, max-video-preview:-1\" \/>\n<meta property=\"og:locale\" content=\"fr_FR\" \/>\n<meta property=\"og:type\" content=\"article\" \/>\n<meta property=\"og:title\" content=\"Ter\u00e0pia Transpersonal - La Cl\u00ednica Verda\" \/>\n<meta property=\"og:url\" content=\"https:\/\/clinicaverda.cetrexmarketing.com\/fr\/terapia-transpersonal\/\" \/>\n<meta property=\"og:site_name\" content=\"La Cl\u00ednica Verda\" \/>\n<meta property=\"article:modified_time\" content=\"2023-04-12T15:48:09+00:00\" \/>\n<meta name=\"twitter:card\" content=\"summary_large_image\" \/>\n<meta name=\"twitter:label1\" content=\"Dur\u00e9e de lecture estim\u00e9e\" \/>\n\t<meta name=\"twitter:data1\" content=\"2 minutes\" \/>\n<script type=\"application\/ld+json\" class=\"yoast-schema-graph\">{\"@context\":\"https:\/\/schema.org\",\"@graph\":[{\"@type\":\"WebPage\",\"@id\":\"https:\/\/clinicaverda.cetrexmarketing.com\/fr\/terapia-transpersonal\/\",\"url\":\"https:\/\/clinicaverda.cetrexmarketing.com\/fr\/terapia-transpersonal\/\",\"name\":\"Ter\u00e0pia Transpersonal - La Cl\u00ednica Verda\",\"isPartOf\":{\"@id\":\"https:\/\/clinicaverda.cetrexmarketing.com\/#website\"},\"datePublished\":\"2022-08-23T08:45:12+00:00\",\"dateModified\":\"2023-04-12T15:48:09+00:00\",\"breadcrumb\":{\"@id\":\"https:\/\/clinicaverda.cetrexmarketing.com\/fr\/terapia-transpersonal\/#breadcrumb\"},\"inLanguage\":\"fr-FR\",\"potentialAction\":[{\"@type\":\"ReadAction\",\"target\":[\"https:\/\/clinicaverda.cetrexmarketing.com\/fr\/terapia-transpersonal\/\"]}]},{\"@type\":\"BreadcrumbList\",\"@id\":\"https:\/\/clinicaverda.cetrexmarketing.com\/fr\/terapia-transpersonal\/#breadcrumb\",\"itemListElement\":[{\"@type\":\"ListItem\",\"position\":1,\"name\":\"Home\",\"item\":\"https:\/\/clinicaverda.cetrexmarketing.com\/fr\/\"},{\"@type\":\"ListItem\",\"position\":2,\"name\":\"Ter\u00e0pia Transpersonal\"}]},{\"@type\":\"WebSite\",\"@id\":\"https:\/\/clinicaverda.cetrexmarketing.com\/#website\",\"url\":\"https:\/\/clinicaverda.cetrexmarketing.com\/\",\"name\":\"La Cl\u00ednica Verda\",\"description\":\"Cetrex new project\",\"publisher\":{\"@id\":\"https:\/\/clinicaverda.cetrexmarketing.com\/#organization\"},\"potentialAction\":[{\"@type\":\"SearchAction\",\"target\":{\"@type\":\"EntryPoint\",\"urlTemplate\":\"https:\/\/clinicaverda.cetrexmarketing.com\/?s={search_term_string}\"},\"query-input\":{\"@type\":\"PropertyValueSpecification\",\"valueRequired\":true,\"valueName\":\"search_term_string\"}}],\"inLanguage\":\"fr-FR\"},{\"@type\":\"Organization\",\"@id\":\"https:\/\/clinicaverda.cetrexmarketing.com\/#organization\",\"name\":\"La Cl\u00ednica Verda\",\"url\":\"https:\/\/clinicaverda.cetrexmarketing.com\/\",\"logo\":{\"@type\":\"ImageObject\",\"inLanguage\":\"fr-FR\",\"@id\":\"https:\/\/clinicaverda.cetrexmarketing.com\/#\/schema\/logo\/image\/\",\"url\":\"https:\/\/clinicaverda.cetrexmarketing.com\/wp-content\/uploads\/2022\/05\/logo-la-clinica-verda.png\",\"contentUrl\":\"https:\/\/clinicaverda.cetrexmarketing.com\/wp-content\/uploads\/2022\/05\/logo-la-clinica-verda.png\",\"width\":900,\"height\":256,\"caption\":\"La Cl\u00ednica Verda\"},\"image\":{\"@id\":\"https:\/\/clinicaverda.cetrexmarketing.com\/#\/schema\/logo\/image\/\"}}]}<\/script>\n<!-- \/ Yoast SEO plugin. -->","yoast_head_json":{"title":"Ter\u00e0pia Transpersonal - La Cl\u00ednica Verda","robots":{"index":"noindex","follow":"follow","max-snippet":"max-snippet:-1","max-image-preview":"max-image-preview:large","max-video-preview":"max-video-preview:-1"},"og_locale":"fr_FR","og_type":"article","og_title":"Ter\u00e0pia Transpersonal - La Cl\u00ednica Verda","og_url":"https:\/\/clinicaverda.cetrexmarketing.com\/fr\/terapia-transpersonal\/","og_site_name":"La Cl\u00ednica Verda","article_modified_time":"2023-04-12T15:48:09+00:00","twitter_card":"summary_large_image","twitter_misc":{"Dur\u00e9e de lecture estim\u00e9e":"2 minutes"},"schema":{"@context":"https:\/\/schema.org","@graph":[{"@type":"WebPage","@id":"https:\/\/clinicaverda.cetrexmarketing.com\/fr\/terapia-transpersonal\/","url":"https:\/\/clinicaverda.cetrexmarketing.com\/fr\/terapia-transpersonal\/","name":"Ter\u00e0pia Transpersonal - La Cl\u00ednica Verda","isPartOf":{"@id":"https:\/\/clinicaverda.cetrexmarketing.com\/#website"},"datePublished":"2022-08-23T08:45:12+00:00","dateModified":"2023-04-12T15:48:09+00:00","breadcrumb":{"@id":"https:\/\/clinicaverda.cetrexmarketing.com\/fr\/terapia-transpersonal\/#breadcrumb"},"inLanguage":"fr-FR","potentialAction":[{"@type":"ReadAction","target":["https:\/\/clinicaverda.cetrexmarketing.com\/fr\/terapia-transpersonal\/"]}]},{"@type":"BreadcrumbList","@id":"https:\/\/clinicaverda.cetrexmarketing.com\/fr\/terapia-transpersonal\/#breadcrumb","itemListElement":[{"@type":"ListItem","position":1,"name":"Home","item":"https:\/\/clinicaverda.cetrexmarketing.com\/fr\/"},{"@type":"ListItem","position":2,"name":"Ter\u00e0pia Transpersonal"}]},{"@type":"WebSite","@id":"https:\/\/clinicaverda.cetrexmarketing.com\/#website","url":"https:\/\/clinicaverda.cetrexmarketing.com\/","name":"La Cl\u00ednica Verda","description":"Cetrex new project","publisher":{"@id":"https:\/\/clinicaverda.cetrexmarketing.com\/#organization"},"potentialAction":[{"@type":"SearchAction","target":{"@type":"EntryPoint","urlTemplate":"https:\/\/clinicaverda.cetrexmarketing.com\/?s={search_term_string}"},"query-input":{"@type":"PropertyValueSpecification","valueRequired":true,"valueName":"search_term_string"}}],"inLanguage":"fr-FR"},{"@type":"Organization","@id":"https:\/\/clinicaverda.cetrexmarketing.com\/#organization","name":"La Cl\u00ednica Verda","url":"https:\/\/clinicaverda.cetrexmarketing.com\/","logo":{"@type":"ImageObject","inLanguage":"fr-FR","@id":"https:\/\/clinicaverda.cetrexmarketing.com\/#\/schema\/logo\/image\/","url":"https:\/\/clinicaverda.cetrexmarketing.com\/wp-content\/uploads\/2022\/05\/logo-la-clinica-verda.png","contentUrl":"https:\/\/clinicaverda.cetrexmarketing.com\/wp-content\/uploads\/2022\/05\/logo-la-clinica-verda.png","width":900,"height":256,"caption":"La Cl\u00ednica Verda"},"image":{"@id":"https:\/\/clinicaverda.cetrexmarketing.com\/#\/schema\/logo\/image\/"}}]}},"_links":{"self":[{"href":"https:\/\/clinicaverda.cetrexmarketing.com\/fr\/wp-json\/wp\/v2\/pages\/3098","targetHints":{"allow":["GET"]}}],"collection":[{"href":"https:\/\/clinicaverda.cetrexmarketing.com\/fr\/wp-json\/wp\/v2\/pages"}],"about":[{"href":"https:\/\/clinicaverda.cetrexmarketing.com\/fr\/wp-json\/wp\/v2\/types\/page"}],"author":[{"embeddable":true,"href":"https:\/\/clinicaverda.cetrexmarketing.com\/fr\/wp-json\/wp\/v2\/users\/1"}],"replies":[{"embeddable":true,"href":"https:\/\/clinicaverda.cetrexmarketing.com\/fr\/wp-json\/wp\/v2\/comments?post=3098"}],"version-history":[{"count":4,"href":"https:\/\/clinicaverda.cetrexmarketing.com\/fr\/wp-json\/wp\/v2\/pages\/3098\/revisions"}],"predecessor-version":[{"id":3799,"href":"https:\/\/clinicaverda.cetrexmarketing.com\/fr\/wp-json\/wp\/v2\/pages\/3098\/revisions\/3799"}],"wp:attachment":[{"href":"https:\/\/clinicaverda.cetrexmarketing.com\/fr\/wp-json\/wp\/v2\/media?parent=3098"}],"curies":[{"name":"wp","href":"https:\/\/api.w.org\/{rel}","templated":true}]}}