{"id":3083,"date":"2022-08-23T08:43:33","date_gmt":"2022-08-23T08:43:33","guid":{"rendered":"https:\/\/clinicaverda.cetrexmarketing.com\/pnie\/"},"modified":"2023-04-12T15:46:56","modified_gmt":"2023-04-12T15:46:56","slug":"pnie","status":"publish","type":"page","link":"https:\/\/clinicaverda.cetrexmarketing.com\/fr\/pnie\/","title":{"rendered":"PsicoNeuroImmunologia"},"content":{"rendered":"<div class=\"wpb-content-wrapper\"><div class=\"vc_section vc_custom_1669804638784 wpex-vc-full-width-section wpex-vc-full-width-section--centered wpex-relative wpex-vc_section-has-fill wpex-vc-reset-negative-margin\" style=\"background-position:center bottom!important;\"><div class=\"vc_row wpb_row vc_row-fluid wpex-relative no-bottom-margins\"><div class=\"wpb_column vc_column_container vc_col-sm-6\"><div class=\"vc_column-inner\"><div class=\"wpb_wrapper\"><div class=\"vcex-spacing wpex-w-100 wpex-clear\" style=\"height:100px;\"><\/div><\/div><\/div><\/div><div class=\"wpb_column vc_column_container vc_col-sm-6\"><div class=\"vc_column-inner\"><div class=\"wpb_wrapper\">\n\t<div  class=\"wpb_single_image wpb_content_element vc_align_ wpb_content_element  imagenabsoluta\">\n\t\t\n\t\t<figure class=\"wpb_wrapper vc_figure\">\n\t\t\t<div class=\"vc_single_image-wrapper   vc_box_border_grey\"><img width=\"350\" height=\"400\" src=\"https:\/\/clinicaverda.cetrexmarketing.com\/wp-content\/uploads\/2022\/05\/imatge-logo-clinica-verda-1.png\" class=\"vc_single_image-img attachment-full\" alt=\"\" title=\"imatge-logo-clinica-verda-1\" srcset=\"https:\/\/clinicaverda.cetrexmarketing.com\/wp-content\/uploads\/2022\/05\/imatge-logo-clinica-verda-1.png 350w, https:\/\/clinicaverda.cetrexmarketing.com\/wp-content\/uploads\/2022\/05\/imatge-logo-clinica-verda-1-263x300.png 263w\" sizes=\"(max-width: 350px) 100vw, 350px\" \/><\/div>\n\t\t<\/figure>\n\t<\/div>\n<\/div><\/div><\/div><\/div><\/div><div class=\"vc_section vc_custom_1652780065097 wpex-vc-full-width-section wpex-vc-full-width-section--centered wpex-relative wpex-vc_section-has-fill wpex-vc-reset-negative-margin\"><div class=\"vc_row wpb_row vc_row-fluid wpex-relative no-bottom-margins\"><div class=\"wpb_column vc_column_container vc_col-sm-12\"><div class=\"vc_column-inner\"><div class=\"wpb_wrapper\">\n\t<div style=\"color:#005e63;font-size:20px;\" class=\"wpb_text_column has-custom-color wpex-child-inherit-color wpb_content_element\" >\n\t\t<div class=\"wpb_wrapper\">\n\t\t\t<p>M\u00e9decine<\/p>\n\n\t\t<\/div>\n\t<\/div>\n<div class=\"vcex-spacing wpex-w-100 wpex-clear\" style=\"height:10px;\"><\/div>\n\t<div style=\"color:#ffffff;\" class=\"wpb_text_column has-custom-color wpex-child-inherit-color wpb_content_element\" >\n\t\t<div class=\"wpb_wrapper\">\n\t\t\t<h1>PsychoNeuroEndocrinologie (PNIE)<\/h1>\n\n\t\t<\/div>\n\t<\/div>\n<\/div><\/div><\/div><\/div><\/div><div class=\"vc_row wpb_row vc_row-fluid vc_custom_1660122416802 vc_column-gap-30 wpex-relative\"><div class=\"wpb_column vc_column_container vc_col-sm-6\"><div class=\"vc_column-inner\"><div class=\"wpb_wrapper\">\n\t<div class=\"wpb_text_column wpb_content_element\" >\n\t\t<div class=\"wpb_wrapper\">\n\t\t\t<p>La dentisterie de PsychoNeuroEndocrinologie (PNIE) comprend la sant\u00e9 bucco-dentaire comme faisant partie int\u00e9grante du corps. Par cons\u00e9quent, toute pathologie buccale affectera le corps de mani\u00e8re syst\u00e9mique. Pendant toutes ces ann\u00e9es, la maladie parodontale a \u00e9t\u00e9 comprise comme une maladie chronique qui doit \u00eatre contr\u00f4l\u00e9e par un brossage constant et l&rsquo;utilisation de produits d&rsquo;hygi\u00e8ne bucco-dentaire inefficaces pour \u00e9quilibrer la flore bact\u00e9rienne.<\/p>\n<p>\u00c0 La Cl\u00ednica Verda, nous voulons donner aux patients plus d&rsquo;outils pour comprendre l&rsquo;origine de leur inflammation gingivale sur la base d&rsquo;une \u00e9tude approfondie de leur alimentation et d&rsquo;analyses qui nous disent comment fonctionne leur m\u00e9tabolisme et quelles bact\u00e9ries ils ont dans leur tractus gastro-intestinal. De cette fa\u00e7on, nous pouvons accompagner les patients \u00e0 introduire des habitudes de vie qui aideront non seulement \u00e0 gu\u00e9rir leur maladie parodontale mais aussi \u00e0 mieux comprendre comment prendre soin de leur sant\u00e9.<\/p>\n\n\t\t<\/div>\n\t<\/div>\n<\/div><\/div><\/div><div class=\"wpb_column vc_column_container vc_col-sm-6\"><div class=\"vc_column-inner\"><div class=\"wpb_wrapper\">\n\t<div class=\"wpb_text_column wpb_content_element\" >\n\t\t<div class=\"wpb_wrapper\">\n\t\t\t<p>La maladie est une solution d&rsquo;adaptation. De la m\u00eame mani\u00e8re, les dents ont la capacit\u00e9 de nous dire des choses sur nous-m\u00eames, ce sont des codes qui se transmettent de g\u00e9n\u00e9ration en g\u00e9n\u00e9ration sous forme de maladies et de souffrances. Tout ce qui est cach\u00e9, qui n&rsquo;est pas dit, finit par se manifester dans le corps, et il en va de m\u00eame avec les dents.<\/p>\n\n\t\t<\/div>\n\t<\/div>\n<div class=\"vcex-spacing wpex-w-100 wpex-clear\" style=\"height:10px;\"><\/div><\/div><\/div><\/div><\/div><div class=\"vc_section vc_custom_1652780947417 wpex-vc-full-width-section wpex-vc-full-width-section--centered wpex-relative wpex-vc_section-has-fill wpex-vc-reset-negative-margin\"><div class=\"vc_row wpb_row vc_row-fluid vc_custom_1664437319481 wpex-relative no-bottom-margins\"><div class=\"wpb_column vc_column_container vc_col-sm-12\"><div class=\"vc_column-inner\"><div class=\"wpb_wrapper\">\n\t<div class=\"wpb_text_column wpb_content_element\" >\n\t\t<div class=\"wpb_wrapper\">\n\t\t\t<h3 style=\"text-align: center;\">Contactez-nous<\/h3>\n\n\t\t<\/div>\n\t<\/div>\n\n\t<div class=\"wpb_text_column wpb_content_element\" >\n\t\t<div class=\"wpb_wrapper\">\n\t\t\t<p style=\"text-align: center;\">Les champs avec * sont obligatoires<\/p>\n\n\t\t<\/div>\n\t<\/div>\n<\/div><\/div><\/div><\/div><div class=\"vc_row wpb_row vc_row-fluid wpex-relative no-bottom-margins\"><div class=\"wpb_column vc_column_container vc_col-sm-3\"><div class=\"vc_column-inner\"><div class=\"wpb_wrapper\"><\/div><\/div><\/div><div class=\"wpb_column vc_column_container vc_col-sm-6 wpex-vc_col-has-fill\"><div class=\"vc_column-inner vc_custom_1664437382995\"><div class=\"wpb_wrapper\">\n<div class=\"wpcf7 no-js\" id=\"wpcf7-f3499-o1\" lang=\"fr-FR\" dir=\"ltr\" data-wpcf7-id=\"3499\">\n<div class=\"screen-reader-response\"><p role=\"status\" aria-live=\"polite\" aria-atomic=\"true\"><\/p> <ul><\/ul><\/div>\n<form action=\"\/fr\/wp-json\/wp\/v2\/pages\/3083#wpcf7-f3499-o1\" method=\"post\" class=\"wpcf7-form init\" aria-label=\"Formulaire de contact\" novalidate=\"novalidate\" data-status=\"init\">\n<fieldset class=\"hidden-fields-container\"><input type=\"hidden\" name=\"_wpcf7\" value=\"3499\" \/><input type=\"hidden\" name=\"_wpcf7_version\" value=\"6.1.4\" \/><input type=\"hidden\" name=\"_wpcf7_locale\" value=\"fr_FR\" \/><input type=\"hidden\" name=\"_wpcf7_unit_tag\" value=\"wpcf7-f3499-o1\" \/><input type=\"hidden\" name=\"_wpcf7_container_post\" value=\"0\" \/><input type=\"hidden\" name=\"_wpcf7_posted_data_hash\" value=\"\" \/><input type=\"hidden\" name=\"_wpcf7_recaptcha_response\" value=\"\" \/>\n<\/fieldset>\n<p><span class=\"wpcf7-form-control-wrap\" data-name=\"motiu\"><select class=\"wpcf7-form-control wpcf7-select wpcf7-validates-as-required\" aria-required=\"true\" aria-invalid=\"false\" name=\"motiu\"><option value=\"S\u00e9lectionnez la raison\">S\u00e9lectionnez la raison<\/option><option value=\"Demander des informations\">Demander des informations<\/option><option value=\"Demander une consultation ou appeler\">Demander une consultation ou appeler<\/option><option value=\"Autres\">Autres<\/option><\/select><\/span>\n<\/p>\n<p><span class=\"wpcf7-form-control-wrap\" data-name=\"your-name\"><input size=\"40\" maxlength=\"400\" class=\"wpcf7-form-control wpcf7-text wpcf7-validates-as-required\" aria-required=\"true\" aria-invalid=\"false\" placeholder=\"Nom et pr\u00e9nom*\" value=\"\" type=\"text\" name=\"your-name\" \/><\/span>\n<\/p>\n<p><span class=\"wpcf7-form-control-wrap\" data-name=\"your-email\"><input size=\"40\" maxlength=\"400\" class=\"wpcf7-form-control wpcf7-email wpcf7-validates-as-required wpcf7-text wpcf7-validates-as-email\" aria-required=\"true\" aria-invalid=\"false\" placeholder=\"Email*\" value=\"\" type=\"email\" name=\"your-email\" \/><\/span>\n<\/p>\n<p><span class=\"wpcf7-form-control-wrap\" data-name=\"your-phone\"><input size=\"40\" maxlength=\"400\" class=\"wpcf7-form-control wpcf7-text wpcf7-validates-as-required\" aria-required=\"true\" aria-invalid=\"false\" placeholder=\"T\u00e9l\u00e9phone*\" value=\"\" type=\"text\" name=\"your-phone\" \/><\/span>\n<\/p>\n<p><span class=\"wpcf7-form-control-wrap\" data-name=\"your-message\"><textarea cols=\"40\" rows=\"10\" maxlength=\"2000\" class=\"wpcf7-form-control wpcf7-textarea\" aria-invalid=\"false\" placeholder=\"Message*\" name=\"your-message\"><\/textarea><\/span>\n<\/p>\n<p><span class=\"wpcf7-form-control-wrap\" data-name=\"acceptance-697\"><span class=\"wpcf7-form-control wpcf7-acceptance\"><span class=\"wpcf7-list-item\"><input type=\"checkbox\" name=\"acceptance-697\" value=\"1\" aria-invalid=\"false\" \/><\/span><\/span><\/span> J'accepte <a href=\"\/avisos-legales\/\">les mentions l\u00e9gales<\/a> et la <a href=\"\/politica-de-privacidad\/\">Politique de confidentialit\u00e9<\/a>\n<\/p>\n<p><input class=\"wpcf7-form-control wpcf7-submit has-spinner\" type=\"submit\" value=\"Envoyer\" \/>\n<\/p><p style=\"display: none !important;\" class=\"akismet-fields-container\" data-prefix=\"_wpcf7_ak_\"><label>&#916;<textarea name=\"_wpcf7_ak_hp_textarea\" cols=\"45\" rows=\"8\" maxlength=\"100\"><\/textarea><\/label><input type=\"hidden\" id=\"ak_js_1\" name=\"_wpcf7_ak_js\" value=\"208\"\/><script>document.getElementById( \"ak_js_1\" ).setAttribute( \"value\", ( new Date() ).getTime() );<\/script><\/p><div class=\"wpcf7-response-output\" aria-hidden=\"true\"><\/div>\n<\/form>\n<\/div>\n<\/div><\/div><\/div><div class=\"wpb_column vc_column_container vc_col-sm-3\"><div class=\"vc_column-inner\"><div class=\"wpb_wrapper\"><\/div><\/div><\/div><\/div><\/div>\n<\/div>","protected":false},"excerpt":{"rendered":"M\u00e9decine PsychoNeuroEndocrinologie (PNIE) La dentisterie de PsychoNeuroEndocrinologie (PNIE) comprend la sant\u00e9 bucco-dentaire comme faisant partie int\u00e9grante du corps. Par cons\u00e9quent, toute pathologie buccale affectera le corps de mani\u00e8re syst\u00e9mique. Pendant toutes ces ann\u00e9es, la maladie parodontale a \u00e9t\u00e9 comprise comme une maladie chronique qui doit \u00eatre contr\u00f4l\u00e9e par un brossage constant et l'utilisation de produits&hellip;","protected":false},"author":1,"featured_media":0,"parent":0,"menu_order":0,"comment_status":"closed","ping_status":"closed","template":"","meta":{"footnotes":""},"class_list":["post-3083","page","type-page","status-publish","hentry","entry","no-media"],"yoast_head":"<!-- This site is optimized with the Yoast SEO plugin v26.9 - https:\/\/yoast.com\/product\/yoast-seo-wordpress\/ -->\n<title>PsicoNeuroImmunologia - La Cl\u00ednica Verda<\/title>\n<meta name=\"robots\" content=\"noindex, follow, max-snippet:-1, max-image-preview:large, max-video-preview:-1\" \/>\n<meta property=\"og:locale\" content=\"fr_FR\" \/>\n<meta property=\"og:type\" content=\"article\" \/>\n<meta property=\"og:title\" content=\"PsicoNeuroImmunologia - La Cl\u00ednica Verda\" \/>\n<meta property=\"og:url\" content=\"https:\/\/clinicaverda.cetrexmarketing.com\/fr\/pnie\/\" \/>\n<meta property=\"og:site_name\" content=\"La Cl\u00ednica Verda\" \/>\n<meta property=\"article:modified_time\" content=\"2023-04-12T15:46:56+00:00\" \/>\n<meta name=\"twitter:card\" content=\"summary_large_image\" \/>\n<meta name=\"twitter:label1\" content=\"Dur\u00e9e de lecture estim\u00e9e\" \/>\n\t<meta name=\"twitter:data1\" content=\"2 minutes\" \/>\n<script type=\"application\/ld+json\" class=\"yoast-schema-graph\">{\"@context\":\"https:\/\/schema.org\",\"@graph\":[{\"@type\":\"WebPage\",\"@id\":\"https:\/\/clinicaverda.cetrexmarketing.com\/fr\/pnie\/\",\"url\":\"https:\/\/clinicaverda.cetrexmarketing.com\/fr\/pnie\/\",\"name\":\"PsicoNeuroImmunologia - La Cl\u00ednica Verda\",\"isPartOf\":{\"@id\":\"https:\/\/clinicaverda.cetrexmarketing.com\/#website\"},\"datePublished\":\"2022-08-23T08:43:33+00:00\",\"dateModified\":\"2023-04-12T15:46:56+00:00\",\"breadcrumb\":{\"@id\":\"https:\/\/clinicaverda.cetrexmarketing.com\/fr\/pnie\/#breadcrumb\"},\"inLanguage\":\"fr-FR\",\"potentialAction\":[{\"@type\":\"ReadAction\",\"target\":[\"https:\/\/clinicaverda.cetrexmarketing.com\/fr\/pnie\/\"]}]},{\"@type\":\"BreadcrumbList\",\"@id\":\"https:\/\/clinicaverda.cetrexmarketing.com\/fr\/pnie\/#breadcrumb\",\"itemListElement\":[{\"@type\":\"ListItem\",\"position\":1,\"name\":\"Home\",\"item\":\"https:\/\/clinicaverda.cetrexmarketing.com\/fr\/\"},{\"@type\":\"ListItem\",\"position\":2,\"name\":\"PsicoNeuroImmunologia\"}]},{\"@type\":\"WebSite\",\"@id\":\"https:\/\/clinicaverda.cetrexmarketing.com\/#website\",\"url\":\"https:\/\/clinicaverda.cetrexmarketing.com\/\",\"name\":\"La Cl\u00ednica Verda\",\"description\":\"Cetrex new project\",\"publisher\":{\"@id\":\"https:\/\/clinicaverda.cetrexmarketing.com\/#organization\"},\"potentialAction\":[{\"@type\":\"SearchAction\",\"target\":{\"@type\":\"EntryPoint\",\"urlTemplate\":\"https:\/\/clinicaverda.cetrexmarketing.com\/?s={search_term_string}\"},\"query-input\":{\"@type\":\"PropertyValueSpecification\",\"valueRequired\":true,\"valueName\":\"search_term_string\"}}],\"inLanguage\":\"fr-FR\"},{\"@type\":\"Organization\",\"@id\":\"https:\/\/clinicaverda.cetrexmarketing.com\/#organization\",\"name\":\"La Cl\u00ednica Verda\",\"url\":\"https:\/\/clinicaverda.cetrexmarketing.com\/\",\"logo\":{\"@type\":\"ImageObject\",\"inLanguage\":\"fr-FR\",\"@id\":\"https:\/\/clinicaverda.cetrexmarketing.com\/#\/schema\/logo\/image\/\",\"url\":\"https:\/\/clinicaverda.cetrexmarketing.com\/wp-content\/uploads\/2022\/05\/logo-la-clinica-verda.png\",\"contentUrl\":\"https:\/\/clinicaverda.cetrexmarketing.com\/wp-content\/uploads\/2022\/05\/logo-la-clinica-verda.png\",\"width\":900,\"height\":256,\"caption\":\"La Cl\u00ednica Verda\"},\"image\":{\"@id\":\"https:\/\/clinicaverda.cetrexmarketing.com\/#\/schema\/logo\/image\/\"}}]}<\/script>\n<!-- \/ Yoast SEO plugin. -->","yoast_head_json":{"title":"PsicoNeuroImmunologia - La Cl\u00ednica Verda","robots":{"index":"noindex","follow":"follow","max-snippet":"max-snippet:-1","max-image-preview":"max-image-preview:large","max-video-preview":"max-video-preview:-1"},"og_locale":"fr_FR","og_type":"article","og_title":"PsicoNeuroImmunologia - La Cl\u00ednica Verda","og_url":"https:\/\/clinicaverda.cetrexmarketing.com\/fr\/pnie\/","og_site_name":"La Cl\u00ednica Verda","article_modified_time":"2023-04-12T15:46:56+00:00","twitter_card":"summary_large_image","twitter_misc":{"Dur\u00e9e de lecture estim\u00e9e":"2 minutes"},"schema":{"@context":"https:\/\/schema.org","@graph":[{"@type":"WebPage","@id":"https:\/\/clinicaverda.cetrexmarketing.com\/fr\/pnie\/","url":"https:\/\/clinicaverda.cetrexmarketing.com\/fr\/pnie\/","name":"PsicoNeuroImmunologia - La Cl\u00ednica Verda","isPartOf":{"@id":"https:\/\/clinicaverda.cetrexmarketing.com\/#website"},"datePublished":"2022-08-23T08:43:33+00:00","dateModified":"2023-04-12T15:46:56+00:00","breadcrumb":{"@id":"https:\/\/clinicaverda.cetrexmarketing.com\/fr\/pnie\/#breadcrumb"},"inLanguage":"fr-FR","potentialAction":[{"@type":"ReadAction","target":["https:\/\/clinicaverda.cetrexmarketing.com\/fr\/pnie\/"]}]},{"@type":"BreadcrumbList","@id":"https:\/\/clinicaverda.cetrexmarketing.com\/fr\/pnie\/#breadcrumb","itemListElement":[{"@type":"ListItem","position":1,"name":"Home","item":"https:\/\/clinicaverda.cetrexmarketing.com\/fr\/"},{"@type":"ListItem","position":2,"name":"PsicoNeuroImmunologia"}]},{"@type":"WebSite","@id":"https:\/\/clinicaverda.cetrexmarketing.com\/#website","url":"https:\/\/clinicaverda.cetrexmarketing.com\/","name":"La Cl\u00ednica Verda","description":"Cetrex new project","publisher":{"@id":"https:\/\/clinicaverda.cetrexmarketing.com\/#organization"},"potentialAction":[{"@type":"SearchAction","target":{"@type":"EntryPoint","urlTemplate":"https:\/\/clinicaverda.cetrexmarketing.com\/?s={search_term_string}"},"query-input":{"@type":"PropertyValueSpecification","valueRequired":true,"valueName":"search_term_string"}}],"inLanguage":"fr-FR"},{"@type":"Organization","@id":"https:\/\/clinicaverda.cetrexmarketing.com\/#organization","name":"La Cl\u00ednica Verda","url":"https:\/\/clinicaverda.cetrexmarketing.com\/","logo":{"@type":"ImageObject","inLanguage":"fr-FR","@id":"https:\/\/clinicaverda.cetrexmarketing.com\/#\/schema\/logo\/image\/","url":"https:\/\/clinicaverda.cetrexmarketing.com\/wp-content\/uploads\/2022\/05\/logo-la-clinica-verda.png","contentUrl":"https:\/\/clinicaverda.cetrexmarketing.com\/wp-content\/uploads\/2022\/05\/logo-la-clinica-verda.png","width":900,"height":256,"caption":"La Cl\u00ednica Verda"},"image":{"@id":"https:\/\/clinicaverda.cetrexmarketing.com\/#\/schema\/logo\/image\/"}}]}},"_links":{"self":[{"href":"https:\/\/clinicaverda.cetrexmarketing.com\/fr\/wp-json\/wp\/v2\/pages\/3083","targetHints":{"allow":["GET"]}}],"collection":[{"href":"https:\/\/clinicaverda.cetrexmarketing.com\/fr\/wp-json\/wp\/v2\/pages"}],"about":[{"href":"https:\/\/clinicaverda.cetrexmarketing.com\/fr\/wp-json\/wp\/v2\/types\/page"}],"author":[{"embeddable":true,"href":"https:\/\/clinicaverda.cetrexmarketing.com\/fr\/wp-json\/wp\/v2\/users\/1"}],"replies":[{"embeddable":true,"href":"https:\/\/clinicaverda.cetrexmarketing.com\/fr\/wp-json\/wp\/v2\/comments?post=3083"}],"version-history":[{"count":5,"href":"https:\/\/clinicaverda.cetrexmarketing.com\/fr\/wp-json\/wp\/v2\/pages\/3083\/revisions"}],"predecessor-version":[{"id":3795,"href":"https:\/\/clinicaverda.cetrexmarketing.com\/fr\/wp-json\/wp\/v2\/pages\/3083\/revisions\/3795"}],"wp:attachment":[{"href":"https:\/\/clinicaverda.cetrexmarketing.com\/fr\/wp-json\/wp\/v2\/media?parent=3083"}],"curies":[{"name":"wp","href":"https:\/\/api.w.org\/{rel}","templated":true}]}}