{"id":3058,"date":"2022-08-23T08:39:53","date_gmt":"2022-08-23T08:39:53","guid":{"rendered":"https:\/\/clinicaverda.cetrexmarketing.com\/medicina\/"},"modified":"2023-04-12T15:44:00","modified_gmt":"2023-04-12T15:44:00","slug":"medicina","status":"publish","type":"page","link":"https:\/\/clinicaverda.cetrexmarketing.com\/fr\/medicina\/","title":{"rendered":"Medicina"},"content":{"rendered":"<div class=\"wpb-content-wrapper\"><div class=\"vc_section vc_custom_1669805035010 wpex-vc-full-width-section wpex-vc-full-width-section--centered wpex-relative wpex-vc_section-has-fill wpex-vc-reset-negative-margin\" style=\"background-position:center center!important;\"><div class=\"vc_row wpb_row vc_row-fluid wpex-relative no-bottom-margins\"><div class=\"wpb_column vc_column_container vc_col-sm-6\"><div class=\"vc_column-inner\"><div class=\"wpb_wrapper\"><div class=\"vcex-spacing wpex-w-100 wpex-clear\" style=\"height:100px;\"><\/div><\/div><\/div><\/div><div class=\"wpb_column vc_column_container vc_col-sm-6\"><div class=\"vc_column-inner\"><div class=\"wpb_wrapper\">\n\t<div  class=\"wpb_single_image wpb_content_element vc_align_ wpb_content_element  imagenabsoluta\">\n\t\t\n\t\t<figure class=\"wpb_wrapper vc_figure\">\n\t\t\t<div class=\"vc_single_image-wrapper   vc_box_border_grey\"><img width=\"350\" height=\"400\" src=\"https:\/\/clinicaverda.cetrexmarketing.com\/wp-content\/uploads\/2022\/05\/imatge-logo-clinica-verda-1.png\" class=\"vc_single_image-img attachment-full\" alt=\"\" title=\"imatge-logo-clinica-verda-1\" srcset=\"https:\/\/clinicaverda.cetrexmarketing.com\/wp-content\/uploads\/2022\/05\/imatge-logo-clinica-verda-1.png 350w, https:\/\/clinicaverda.cetrexmarketing.com\/wp-content\/uploads\/2022\/05\/imatge-logo-clinica-verda-1-263x300.png 263w\" sizes=\"(max-width: 350px) 100vw, 350px\" \/><\/div>\n\t\t<\/figure>\n\t<\/div>\n<\/div><\/div><\/div><\/div><\/div><div class=\"vc_section vc_custom_1652780065097 wpex-vc-full-width-section wpex-vc-full-width-section--centered wpex-relative wpex-vc_section-has-fill wpex-vc-reset-negative-margin\"><div class=\"vc_row wpb_row vc_row-fluid wpex-relative no-bottom-margins\"><div class=\"wpb_column vc_column_container vc_col-sm-12\"><div class=\"vc_column-inner\"><div class=\"wpb_wrapper\">\n\t<div style=\"color:#005e63;font-size:20px;\" class=\"wpb_text_column has-custom-color wpex-child-inherit-color wpb_content_element\" >\n\t\t<div class=\"wpb_wrapper\">\n\t\t\t<p>Especialitats Conscients<\/p>\n\n\t\t<\/div>\n\t<\/div>\n<div class=\"vcex-spacing wpex-w-100 wpex-clear\" style=\"height:10px;\"><\/div>\n\t<div style=\"color:#ffffff;\" class=\"wpb_text_column has-custom-color wpex-child-inherit-color wpb_content_element\" >\n\t\t<div class=\"wpb_wrapper\">\n\t\t\t<h1>M\u00e9decine<\/h1>\n\n\t\t<\/div>\n\t<\/div>\n<\/div><\/div><\/div><\/div><\/div><div class=\"vc_row wpb_row vc_row-fluid vc_custom_1660122416802 vc_column-gap-30 wpex-relative\"><div class=\"wpb_column vc_column_container vc_col-sm-6\"><div class=\"vc_column-inner\"><div class=\"wpb_wrapper\">\n\t<div class=\"wpb_text_column wpb_content_element\" >\n\t\t<div class=\"wpb_wrapper\">\n\t\t\t<p>Chez la\u00a0Cl\u00ednica\u00a0verda, la m\u00e9decine que nous proposons est la m\u00e9decine\u00a0bior\u00e9gulatrice, car notre objectif est toujours d&rsquo;am\u00e9liorer la capacit\u00e9 d&rsquo;autor\u00e9gulation et d&rsquo;auto-gu\u00e9rison du corps lui-m\u00eame.<\/p>\n<p>La m\u00e9decine\u00a0bior\u00e9gulatrice\u00a0est bas\u00e9e sur les principes de Claude Bernard, la m\u00e9decine exp\u00e9rimentale et la nouvelle m\u00e9decine germanique du Dr\u00a0Hammer.\u00a0Il s&rsquo;agit d&rsquo;identifier et d&rsquo;\u00e9liminer les toxines qui rendent l&rsquo;auto-gu\u00e9rison impossible.\u00a0Ceux-ci peuvent avoir une forme physique, une forme biochimique, une forme psycho-\u00e9motionnelle et une forme \u00e9nerg\u00e9tique.\u00a0Ainsi, nous prenons en compte les quatre domaines qui composent l&rsquo;individu :<\/p>\n<p>&nbsp;<\/p>\n<p>&#8211;\u00a0<strong>SUR LE PLAN PHYSIQUE<\/strong>:\u00a0on peut facilement identifier les structures acquises comme les proth\u00e8ses\u00a0(par exemple les proth\u00e8ses mammaires)\u00a0et les implants\u00a0(par exemple les implants dentaires)\u00a0qui impliquent n\u00e9cessairement une r\u00e9action du syst\u00e8me qui les h\u00e9berge.\u00a0Cette r\u00e9action peut appara\u00eetre dans n&rsquo;importe lequel des quatre domaines mentionn\u00e9s ci-dessus.\u00a0Tous les m\u00e9ridiens d&rsquo;acupuncture traversent la bouche et la plante des pieds.\u00a0Toute introduction d&rsquo;un agent ext\u00e9rieur dans ces deux parties du corps a un effet \u00e0 distance qui peut \u00eatre plus ou moins \u00e9vident et s&rsquo;appelle un foyer irritatif.\u00a0Les cicatrices sur la peau sont \u00e9galement des barri\u00e8res dans le flux d&rsquo;\u00e9nergie des m\u00e9ridiens d&rsquo;acupuncture qui se croisent, provoquant une diminution du flux d&rsquo;\u00e9nergie \u00e0 ce point.\u00a0On voit donc ici comment une alt\u00e9ration du champ physique peut avoir des cons\u00e9quences dans le domaine \u00e9nerg\u00e9tique, et inversement.<\/p>\n<p>&nbsp;<\/p>\n<p>&#8211; <strong>AU NIVEAU BIOCHIMIQUE<\/strong>, nous \u00e9tudions les mol\u00e9cules, les ions et les atomes qui composent nos tissus. La variable la plus limitante de notre corps biochimique est le pH. Celui l\u00e0 doit rester inchang\u00e9 pour notre sant\u00e9. S&rsquo;il \u00e9volue vers l&rsquo;acide, une prolif\u00e9ration bact\u00e9rienne et une d\u00e9calcification des tissus durs commencent. Cette explication permet de comprendre pourquoi une bact\u00e9rie comme E\u00a0Coli, qui nous habite tous, devient si nocive chez certains individus\u00a0(ulc\u00e8res, diarrh\u00e9es, infections urinaires, etc.).\u00a0Nous devons utiliser des antibiothiques?\u00a0Non, nous devons restaurer le pH.<br \/>\nUn autre exemple tr\u00e8s courant est la d\u00e9calcification des os et des dents :\u00a0les os et les dents sont le r\u00e9servoir naturel de calcium\u00a0(ion\u00a0Ca+)\u00a0de l&rsquo;organisme, donc, pour r\u00e9\u00e9quilibrer le pH, l&rsquo;organisme pr\u00e9l\u00e8ve\u00a0du Ca+\u00a0sur les os et les dents.\u00a0Dois-je prendre du\u00a0Ca+\u00a0synth\u00e9tique ?\u00a0Non, vous devez avoir une alimentation riche en calcium biodisponible.<\/p>\n<p>Les ions m\u00e9talliques sont essentiels \u00e0 la vie, car ils interviennent, entre autres, dans le fonctionnement de notre syst\u00e8me nerveux.\u00a0Il existe actuellement de multiples polluants issus de l&rsquo;industrie, appel\u00e9s m\u00e9taux lourds.\u00a0Ceux-ci interf\u00e8rent avec le processus normal de transmission nerveuse \u00e0 l&rsquo;origine de multiples maladies\u00a0(alzheimer, maladies neurod\u00e9g\u00e9n\u00e9ratives&#8230;).\u00a0Ce n&rsquo;est pas un hasard si dans la plupart des analyses, on trouve des consultants pauvres en zinc, s\u00e9l\u00e9nium, magn\u00e9sium et molybd\u00e8ne puisque les m\u00e9taux lourds issus de la pollution industrielle et alimentaire rejoignent les r\u00e9cepteurs et d\u00e9placent ces \u00e9l\u00e9ments de base pour notre bien-\u00eatre.<\/p>\n<p>Les bact\u00e9ries, les champignons et les parasites s\u00e9cr\u00e8tent des substances toxiques\u00a0(toxines)\u00a0qui influencent \u00e9galement le d\u00e9s\u00e9quilibre biochimique.\u00a0En m\u00eame temps, ils se nourrissent aussi de nous.\u00a0Les virus se recombinent avec l&rsquo;ADN de nos cellules, les faisant se comporter de mani\u00e8re pathologique.<\/p>\n<p>Dans tous les cas, il s&rsquo;agit de d\u00e9toxiquer, d\u00e9programmer, lib\u00e9rer et mobiliser les toxines de l&rsquo;organisme.<\/p>\n\n\t\t<\/div>\n\t<\/div>\n<\/div><\/div><\/div><div class=\"wpb_column vc_column_container vc_col-sm-6\"><div class=\"vc_column-inner\"><div class=\"wpb_wrapper\"><div class=\"vcex-spacing wpex-w-100 wpex-clear\" style=\"height:10px;\"><\/div>\n\t<div class=\"wpb_text_column wpb_content_element\" >\n\t\t<div class=\"wpb_wrapper\">\n\t\t\t<p><strong>&#8211; SUR LE PLAN PSYCHO-EMOTIONNEL<\/strong>, il faut prendre en compte et traiter les \u00e9motions bloqu\u00e9es au niveau subconscient qui nous causent des maux physiques ou encore des \u00e9motions dont nous sommes plus conscients, mais pour lesquelles nous n&rsquo;avons pas les outils n\u00e9cessaires.\u00a0Eh bien, n&rsquo;importe lequel de ces cas, et bien d&rsquo;autres, peuvent \u00eatre les causes silencieuses du motif de consultation de l&rsquo;individu qui nous rend visite.<\/p>\n<p><strong>&#8211; DANS LE PLAN \u00c9NERG\u00c9TIQUE<\/strong>, on\u00a0retrouve tout ce qui concerne les blocages des canaux \u00e9nerg\u00e9tiques\u00a0(m\u00e9ridiens d&rsquo;acupuncture)\u00a0et aussi les effets de l&rsquo;environnement dans lequel vit la personne, c&rsquo;est-\u00e0-dire les\u00a0g\u00e9opathies, les polluants environnementaux, les champs \u00e9lectromagn\u00e9tiques, les hautes fr\u00e9quences, etc.\u00a0Tout cela peut \u00e9galement emp\u00eacher un \u00e9tat de sant\u00e9 optimal et nous en tenons compte.<\/p>\n<p>Pour contempler et traiter tous ces domaines, nous appliquons \u00e9galement les principes m\u00e9dicaux de la naturopathie, \u00e9galement connue sous le nom de m\u00e9decine naturiste, qui favorise \u00e9galement l&rsquo;auto-gu\u00e9rison du corps \u00e0 partir de techniques\u00a0naturelles\u00a0et non invasives, telles que la di\u00e9t\u00e9tique, l&rsquo;oligoth\u00e9rapie, les sels de Sch\u00fcssler, la kin\u00e9siologie, l&rsquo;ortho\u00a0-th\u00e9rapie\u00a0mol\u00e9culaire, phytoth\u00e9rapie, huiles essentielles, ou stimuli naturels comme l&rsquo;eau de mer ou les fleurs de Bach.<\/p>\n<p>En naturopathie, ce n&rsquo;est pas seulement le sympt\u00f4me qui est trait\u00e9, mais l&rsquo;origine est recherch\u00e9e, pour d\u00e9couvrir les raisons qui conduisent au d\u00e9veloppement d&rsquo;une pathologie et r\u00e9soudre le probl\u00e8me d\u00e8s la base.<\/p>\n<p>Dans notre m\u00e9thodologie de travail, nous commen\u00e7ons toujours par regarder le terrain.\u00a0Imaginez un champ dans lequel vous souhaitez planter.\u00a0Il faudra d&rsquo;abord le nettoyer, le nourrir, semer la graine qui portera enfin ses fruits.\u00a0Eh bien, apportons cette id\u00e9e au corps :\u00a0avant de subir tout traitement, la premi\u00e8re \u00e9tape serait d&rsquo;\u00e9liminer les toxines, d&rsquo;assurer une bonne \u00e9vacuation, de maintenir une alimentation propre, de r\u00e9duire le niveau de stress et de maintenir un syst\u00e8me immunitaire fort.<\/p>\n<p>Bref, changez vos habitudes de mani\u00e8re \u00e0 favoriser votre sant\u00e9. Un corps propre est un corps plus apte \u00e0 atteindre le succ\u00e8s et la tol\u00e9rance dans le traitement et la qualit\u00e9 de vie.<\/p>\n\n\t\t<\/div>\n\t<\/div>\n<div class=\"vc_separator wpb_content_element vc_separator_align_center vc_sep_width_100 vc_sep_pos_align_center vc_separator_no_text vc_sep_color_white vc_custom_1676469612441 wpb_content_element  vc_custom_1676469612441 wpb_content_element\" ><span class=\"vc_sep_holder vc_sep_holder_l\"><span class=\"vc_sep_line\"><\/span><\/span><span class=\"vc_sep_holder vc_sep_holder_r\"><span class=\"vc_sep_line\"><\/span><\/span>\n<\/div>\n\t<div  class=\"wpb_single_image wpb_content_element vc_align_ wpb_content_element\">\n\t\t\n\t\t<figure class=\"wpb_wrapper vc_figure\">\n\t\t\t<div class=\"vc_single_image-wrapper   vc_box_border_grey\"><img width=\"1600\" height=\"1067\" src=\"https:\/\/clinicaverda.cetrexmarketing.com\/wp-content\/uploads\/2023\/02\/clinicaverda_montsecapdevila-07677.jpg\" class=\"vc_single_image-img attachment-full\" alt=\"\" title=\"La Clinica Verda\" srcset=\"https:\/\/clinicaverda.cetrexmarketing.com\/wp-content\/uploads\/2023\/02\/clinicaverda_montsecapdevila-07677.jpg 1600w, https:\/\/clinicaverda.cetrexmarketing.com\/wp-content\/uploads\/2023\/02\/clinicaverda_montsecapdevila-07677-300x200.jpg 300w, https:\/\/clinicaverda.cetrexmarketing.com\/wp-content\/uploads\/2023\/02\/clinicaverda_montsecapdevila-07677-1024x683.jpg 1024w, https:\/\/clinicaverda.cetrexmarketing.com\/wp-content\/uploads\/2023\/02\/clinicaverda_montsecapdevila-07677-768x512.jpg 768w, https:\/\/clinicaverda.cetrexmarketing.com\/wp-content\/uploads\/2023\/02\/clinicaverda_montsecapdevila-07677-391x260.jpg 391w, https:\/\/clinicaverda.cetrexmarketing.com\/wp-content\/uploads\/2023\/02\/clinicaverda_montsecapdevila-07677-1536x1024.jpg 1536w\" sizes=\"(max-width: 1600px) 100vw, 1600px\" \/><\/div>\n\t\t<\/figure>\n\t<\/div>\n<\/div><\/div><\/div><\/div><div class=\"vc_section vc_custom_1652780947417 wpex-vc-full-width-section wpex-vc-full-width-section--centered wpex-relative wpex-vc_section-has-fill wpex-vc-reset-negative-margin\"><div class=\"vc_row wpb_row vc_row-fluid vc_custom_1664437319481 wpex-relative no-bottom-margins\"><div class=\"wpb_column vc_column_container vc_col-sm-12\"><div class=\"vc_column-inner\"><div class=\"wpb_wrapper\">\n\t<div class=\"wpb_text_column wpb_content_element\" >\n\t\t<div class=\"wpb_wrapper\">\n\t\t\t<h3 style=\"text-align: center;\">Contactez-nous<\/h3>\n\n\t\t<\/div>\n\t<\/div>\n\n\t<div class=\"wpb_text_column wpb_content_element\" >\n\t\t<div class=\"wpb_wrapper\">\n\t\t\t<p style=\"text-align: center;\">Les champs avec * sont obligatoires<\/p>\n\n\t\t<\/div>\n\t<\/div>\n<\/div><\/div><\/div><\/div><div class=\"vc_row wpb_row vc_row-fluid wpex-relative no-bottom-margins\"><div class=\"wpb_column vc_column_container vc_col-sm-3\"><div class=\"vc_column-inner\"><div class=\"wpb_wrapper\"><\/div><\/div><\/div><div class=\"wpb_column vc_column_container vc_col-sm-6 wpex-vc_col-has-fill\"><div class=\"vc_column-inner vc_custom_1664437382995\"><div class=\"wpb_wrapper\">\n<div class=\"wpcf7 no-js\" id=\"wpcf7-f3499-o1\" lang=\"fr-FR\" dir=\"ltr\" data-wpcf7-id=\"3499\">\n<div class=\"screen-reader-response\"><p role=\"status\" aria-live=\"polite\" aria-atomic=\"true\"><\/p> <ul><\/ul><\/div>\n<form action=\"\/fr\/wp-json\/wp\/v2\/pages\/3058#wpcf7-f3499-o1\" method=\"post\" class=\"wpcf7-form init\" aria-label=\"Formulaire de contact\" novalidate=\"novalidate\" data-status=\"init\">\n<fieldset class=\"hidden-fields-container\"><input type=\"hidden\" name=\"_wpcf7\" value=\"3499\" \/><input type=\"hidden\" name=\"_wpcf7_version\" value=\"6.1.4\" \/><input type=\"hidden\" name=\"_wpcf7_locale\" value=\"fr_FR\" \/><input type=\"hidden\" name=\"_wpcf7_unit_tag\" value=\"wpcf7-f3499-o1\" \/><input type=\"hidden\" name=\"_wpcf7_container_post\" value=\"0\" \/><input type=\"hidden\" name=\"_wpcf7_posted_data_hash\" value=\"\" \/><input type=\"hidden\" name=\"_wpcf7_recaptcha_response\" value=\"\" \/>\n<\/fieldset>\n<p><span class=\"wpcf7-form-control-wrap\" data-name=\"motiu\"><select class=\"wpcf7-form-control wpcf7-select wpcf7-validates-as-required\" aria-required=\"true\" aria-invalid=\"false\" name=\"motiu\"><option value=\"S\u00e9lectionnez la raison\">S\u00e9lectionnez la raison<\/option><option value=\"Demander des informations\">Demander des informations<\/option><option value=\"Demander une consultation ou appeler\">Demander une consultation ou appeler<\/option><option value=\"Autres\">Autres<\/option><\/select><\/span>\n<\/p>\n<p><span class=\"wpcf7-form-control-wrap\" data-name=\"your-name\"><input size=\"40\" maxlength=\"400\" class=\"wpcf7-form-control wpcf7-text wpcf7-validates-as-required\" aria-required=\"true\" aria-invalid=\"false\" placeholder=\"Nom et pr\u00e9nom*\" value=\"\" type=\"text\" name=\"your-name\" \/><\/span>\n<\/p>\n<p><span class=\"wpcf7-form-control-wrap\" data-name=\"your-email\"><input size=\"40\" maxlength=\"400\" class=\"wpcf7-form-control wpcf7-email wpcf7-validates-as-required wpcf7-text wpcf7-validates-as-email\" aria-required=\"true\" aria-invalid=\"false\" placeholder=\"Email*\" value=\"\" type=\"email\" name=\"your-email\" \/><\/span>\n<\/p>\n<p><span class=\"wpcf7-form-control-wrap\" data-name=\"your-phone\"><input size=\"40\" maxlength=\"400\" class=\"wpcf7-form-control wpcf7-text wpcf7-validates-as-required\" aria-required=\"true\" aria-invalid=\"false\" placeholder=\"T\u00e9l\u00e9phone*\" value=\"\" type=\"text\" name=\"your-phone\" \/><\/span>\n<\/p>\n<p><span class=\"wpcf7-form-control-wrap\" data-name=\"your-message\"><textarea cols=\"40\" rows=\"10\" maxlength=\"2000\" class=\"wpcf7-form-control wpcf7-textarea\" aria-invalid=\"false\" placeholder=\"Message*\" name=\"your-message\"><\/textarea><\/span>\n<\/p>\n<p><span class=\"wpcf7-form-control-wrap\" data-name=\"acceptance-697\"><span class=\"wpcf7-form-control wpcf7-acceptance\"><span class=\"wpcf7-list-item\"><input type=\"checkbox\" name=\"acceptance-697\" value=\"1\" aria-invalid=\"false\" \/><\/span><\/span><\/span> J'accepte <a href=\"\/avisos-legales\/\">les mentions l\u00e9gales<\/a> et la <a href=\"\/politica-de-privacidad\/\">Politique de confidentialit\u00e9<\/a>\n<\/p>\n<p><input class=\"wpcf7-form-control wpcf7-submit has-spinner\" type=\"submit\" value=\"Envoyer\" \/>\n<\/p><p style=\"display: none !important;\" class=\"akismet-fields-container\" data-prefix=\"_wpcf7_ak_\"><label>&#916;<textarea name=\"_wpcf7_ak_hp_textarea\" cols=\"45\" rows=\"8\" maxlength=\"100\"><\/textarea><\/label><input type=\"hidden\" id=\"ak_js_1\" name=\"_wpcf7_ak_js\" value=\"63\"\/><script>document.getElementById( \"ak_js_1\" ).setAttribute( \"value\", ( new Date() ).getTime() );<\/script><\/p><div class=\"wpcf7-response-output\" aria-hidden=\"true\"><\/div>\n<\/form>\n<\/div>\n<\/div><\/div><\/div><div class=\"wpb_column vc_column_container vc_col-sm-3\"><div class=\"vc_column-inner\"><div class=\"wpb_wrapper\"><\/div><\/div><\/div><\/div><\/div>\n<\/div>","protected":false},"excerpt":{"rendered":"Especialitats Conscients M\u00e9decine Chez la\u00a0Cl\u00ednica\u00a0verda, la m\u00e9decine que nous proposons est la m\u00e9decine\u00a0bior\u00e9gulatrice, car notre objectif est toujours d'am\u00e9liorer la capacit\u00e9 d'autor\u00e9gulation et d'auto-gu\u00e9rison du corps lui-m\u00eame. La m\u00e9decine\u00a0bior\u00e9gulatrice\u00a0est bas\u00e9e sur les principes de Claude Bernard, la m\u00e9decine exp\u00e9rimentale et la nouvelle m\u00e9decine germanique du Dr\u00a0Hammer.\u00a0Il s'agit d'identifier et d'\u00e9liminer les toxines qui rendent l'auto-gu\u00e9rison&hellip;","protected":false},"author":1,"featured_media":0,"parent":0,"menu_order":0,"comment_status":"closed","ping_status":"closed","template":"","meta":{"footnotes":""},"class_list":["post-3058","page","type-page","status-publish","hentry","entry","no-media"],"yoast_head":"<!-- This site is optimized with the Yoast SEO plugin v26.9 - https:\/\/yoast.com\/product\/yoast-seo-wordpress\/ -->\n<title>Medicina - La Cl\u00ednica Verda<\/title>\n<meta name=\"robots\" content=\"noindex, follow, max-snippet:-1, max-image-preview:large, max-video-preview:-1\" \/>\n<meta property=\"og:locale\" content=\"fr_FR\" \/>\n<meta property=\"og:type\" content=\"article\" \/>\n<meta property=\"og:title\" content=\"Medicina - La Cl\u00ednica Verda\" \/>\n<meta property=\"og:url\" content=\"https:\/\/clinicaverda.cetrexmarketing.com\/fr\/medicina\/\" \/>\n<meta property=\"og:site_name\" content=\"La Cl\u00ednica Verda\" \/>\n<meta property=\"article:modified_time\" content=\"2023-04-12T15:44:00+00:00\" \/>\n<meta name=\"twitter:card\" content=\"summary_large_image\" \/>\n<meta name=\"twitter:label1\" content=\"Dur\u00e9e de lecture estim\u00e9e\" \/>\n\t<meta name=\"twitter:data1\" content=\"6 minutes\" \/>\n<script type=\"application\/ld+json\" class=\"yoast-schema-graph\">{\"@context\":\"https:\/\/schema.org\",\"@graph\":[{\"@type\":\"WebPage\",\"@id\":\"https:\/\/clinicaverda.cetrexmarketing.com\/fr\/medicina\/\",\"url\":\"https:\/\/clinicaverda.cetrexmarketing.com\/fr\/medicina\/\",\"name\":\"Medicina - La Cl\u00ednica Verda\",\"isPartOf\":{\"@id\":\"https:\/\/clinicaverda.cetrexmarketing.com\/#website\"},\"datePublished\":\"2022-08-23T08:39:53+00:00\",\"dateModified\":\"2023-04-12T15:44:00+00:00\",\"breadcrumb\":{\"@id\":\"https:\/\/clinicaverda.cetrexmarketing.com\/fr\/medicina\/#breadcrumb\"},\"inLanguage\":\"fr-FR\",\"potentialAction\":[{\"@type\":\"ReadAction\",\"target\":[\"https:\/\/clinicaverda.cetrexmarketing.com\/fr\/medicina\/\"]}]},{\"@type\":\"BreadcrumbList\",\"@id\":\"https:\/\/clinicaverda.cetrexmarketing.com\/fr\/medicina\/#breadcrumb\",\"itemListElement\":[{\"@type\":\"ListItem\",\"position\":1,\"name\":\"Home\",\"item\":\"https:\/\/clinicaverda.cetrexmarketing.com\/fr\/\"},{\"@type\":\"ListItem\",\"position\":2,\"name\":\"Medicina\"}]},{\"@type\":\"WebSite\",\"@id\":\"https:\/\/clinicaverda.cetrexmarketing.com\/#website\",\"url\":\"https:\/\/clinicaverda.cetrexmarketing.com\/\",\"name\":\"La Cl\u00ednica Verda\",\"description\":\"Cetrex new project\",\"publisher\":{\"@id\":\"https:\/\/clinicaverda.cetrexmarketing.com\/#organization\"},\"potentialAction\":[{\"@type\":\"SearchAction\",\"target\":{\"@type\":\"EntryPoint\",\"urlTemplate\":\"https:\/\/clinicaverda.cetrexmarketing.com\/?s={search_term_string}\"},\"query-input\":{\"@type\":\"PropertyValueSpecification\",\"valueRequired\":true,\"valueName\":\"search_term_string\"}}],\"inLanguage\":\"fr-FR\"},{\"@type\":\"Organization\",\"@id\":\"https:\/\/clinicaverda.cetrexmarketing.com\/#organization\",\"name\":\"La Cl\u00ednica Verda\",\"url\":\"https:\/\/clinicaverda.cetrexmarketing.com\/\",\"logo\":{\"@type\":\"ImageObject\",\"inLanguage\":\"fr-FR\",\"@id\":\"https:\/\/clinicaverda.cetrexmarketing.com\/#\/schema\/logo\/image\/\",\"url\":\"https:\/\/clinicaverda.cetrexmarketing.com\/wp-content\/uploads\/2022\/05\/logo-la-clinica-verda.png\",\"contentUrl\":\"https:\/\/clinicaverda.cetrexmarketing.com\/wp-content\/uploads\/2022\/05\/logo-la-clinica-verda.png\",\"width\":900,\"height\":256,\"caption\":\"La Cl\u00ednica Verda\"},\"image\":{\"@id\":\"https:\/\/clinicaverda.cetrexmarketing.com\/#\/schema\/logo\/image\/\"}}]}<\/script>\n<!-- \/ Yoast SEO plugin. -->","yoast_head_json":{"title":"Medicina - La Cl\u00ednica Verda","robots":{"index":"noindex","follow":"follow","max-snippet":"max-snippet:-1","max-image-preview":"max-image-preview:large","max-video-preview":"max-video-preview:-1"},"og_locale":"fr_FR","og_type":"article","og_title":"Medicina - La Cl\u00ednica Verda","og_url":"https:\/\/clinicaverda.cetrexmarketing.com\/fr\/medicina\/","og_site_name":"La Cl\u00ednica Verda","article_modified_time":"2023-04-12T15:44:00+00:00","twitter_card":"summary_large_image","twitter_misc":{"Dur\u00e9e de lecture estim\u00e9e":"6 minutes"},"schema":{"@context":"https:\/\/schema.org","@graph":[{"@type":"WebPage","@id":"https:\/\/clinicaverda.cetrexmarketing.com\/fr\/medicina\/","url":"https:\/\/clinicaverda.cetrexmarketing.com\/fr\/medicina\/","name":"Medicina - La Cl\u00ednica Verda","isPartOf":{"@id":"https:\/\/clinicaverda.cetrexmarketing.com\/#website"},"datePublished":"2022-08-23T08:39:53+00:00","dateModified":"2023-04-12T15:44:00+00:00","breadcrumb":{"@id":"https:\/\/clinicaverda.cetrexmarketing.com\/fr\/medicina\/#breadcrumb"},"inLanguage":"fr-FR","potentialAction":[{"@type":"ReadAction","target":["https:\/\/clinicaverda.cetrexmarketing.com\/fr\/medicina\/"]}]},{"@type":"BreadcrumbList","@id":"https:\/\/clinicaverda.cetrexmarketing.com\/fr\/medicina\/#breadcrumb","itemListElement":[{"@type":"ListItem","position":1,"name":"Home","item":"https:\/\/clinicaverda.cetrexmarketing.com\/fr\/"},{"@type":"ListItem","position":2,"name":"Medicina"}]},{"@type":"WebSite","@id":"https:\/\/clinicaverda.cetrexmarketing.com\/#website","url":"https:\/\/clinicaverda.cetrexmarketing.com\/","name":"La Cl\u00ednica Verda","description":"Cetrex new project","publisher":{"@id":"https:\/\/clinicaverda.cetrexmarketing.com\/#organization"},"potentialAction":[{"@type":"SearchAction","target":{"@type":"EntryPoint","urlTemplate":"https:\/\/clinicaverda.cetrexmarketing.com\/?s={search_term_string}"},"query-input":{"@type":"PropertyValueSpecification","valueRequired":true,"valueName":"search_term_string"}}],"inLanguage":"fr-FR"},{"@type":"Organization","@id":"https:\/\/clinicaverda.cetrexmarketing.com\/#organization","name":"La Cl\u00ednica Verda","url":"https:\/\/clinicaverda.cetrexmarketing.com\/","logo":{"@type":"ImageObject","inLanguage":"fr-FR","@id":"https:\/\/clinicaverda.cetrexmarketing.com\/#\/schema\/logo\/image\/","url":"https:\/\/clinicaverda.cetrexmarketing.com\/wp-content\/uploads\/2022\/05\/logo-la-clinica-verda.png","contentUrl":"https:\/\/clinicaverda.cetrexmarketing.com\/wp-content\/uploads\/2022\/05\/logo-la-clinica-verda.png","width":900,"height":256,"caption":"La Cl\u00ednica Verda"},"image":{"@id":"https:\/\/clinicaverda.cetrexmarketing.com\/#\/schema\/logo\/image\/"}}]}},"_links":{"self":[{"href":"https:\/\/clinicaverda.cetrexmarketing.com\/fr\/wp-json\/wp\/v2\/pages\/3058","targetHints":{"allow":["GET"]}}],"collection":[{"href":"https:\/\/clinicaverda.cetrexmarketing.com\/fr\/wp-json\/wp\/v2\/pages"}],"about":[{"href":"https:\/\/clinicaverda.cetrexmarketing.com\/fr\/wp-json\/wp\/v2\/types\/page"}],"author":[{"embeddable":true,"href":"https:\/\/clinicaverda.cetrexmarketing.com\/fr\/wp-json\/wp\/v2\/users\/1"}],"replies":[{"embeddable":true,"href":"https:\/\/clinicaverda.cetrexmarketing.com\/fr\/wp-json\/wp\/v2\/comments?post=3058"}],"version-history":[{"count":4,"href":"https:\/\/clinicaverda.cetrexmarketing.com\/fr\/wp-json\/wp\/v2\/pages\/3058\/revisions"}],"predecessor-version":[{"id":3787,"href":"https:\/\/clinicaverda.cetrexmarketing.com\/fr\/wp-json\/wp\/v2\/pages\/3058\/revisions\/3787"}],"wp:attachment":[{"href":"https:\/\/clinicaverda.cetrexmarketing.com\/fr\/wp-json\/wp\/v2\/media?parent=3058"}],"curies":[{"name":"wp","href":"https:\/\/api.w.org\/{rel}","templated":true}]}}