{"id":3032,"date":"2022-08-10T09:04:47","date_gmt":"2022-08-10T09:04:47","guid":{"rendered":"https:\/\/clinicaverda.cetrexmarketing.com\/kinesiologia\/"},"modified":"2023-04-12T15:43:28","modified_gmt":"2023-04-12T15:43:28","slug":"kinesiologia","status":"publish","type":"page","link":"https:\/\/clinicaverda.cetrexmarketing.com\/fr\/kinesiologia\/","title":{"rendered":"Kinesiologia"},"content":{"rendered":"<div class=\"wpb-content-wrapper\"><div class=\"vc_section vc_custom_1676476040808 wpex-vc-full-width-section wpex-vc-full-width-section--centered wpex-relative wpex-vc_section-has-fill wpex-vc-reset-negative-margin\" style=\"background-position:center center!important;\"><div class=\"vc_row wpb_row vc_row-fluid wpex-relative no-bottom-margins\"><div class=\"wpb_column vc_column_container vc_col-sm-6\"><div class=\"vc_column-inner\"><div class=\"wpb_wrapper\"><div class=\"vcex-spacing wpex-w-100 wpex-clear\" style=\"height:100px;\"><\/div><\/div><\/div><\/div><div class=\"wpb_column vc_column_container vc_col-sm-6\"><div class=\"vc_column-inner\"><div class=\"wpb_wrapper\">\n\t<div  class=\"wpb_single_image wpb_content_element vc_align_ wpb_content_element  imagenabsoluta\">\n\t\t\n\t\t<figure class=\"wpb_wrapper vc_figure\">\n\t\t\t<div class=\"vc_single_image-wrapper   vc_box_border_grey\"><img width=\"350\" height=\"400\" src=\"https:\/\/clinicaverda.cetrexmarketing.com\/wp-content\/uploads\/2022\/05\/imatge-logo-clinica-verda-1.png\" class=\"vc_single_image-img attachment-full\" alt=\"\" title=\"imatge-logo-clinica-verda-1\" srcset=\"https:\/\/clinicaverda.cetrexmarketing.com\/wp-content\/uploads\/2022\/05\/imatge-logo-clinica-verda-1.png 350w, https:\/\/clinicaverda.cetrexmarketing.com\/wp-content\/uploads\/2022\/05\/imatge-logo-clinica-verda-1-263x300.png 263w\" sizes=\"(max-width: 350px) 100vw, 350px\" \/><\/div>\n\t\t<\/figure>\n\t<\/div>\n<\/div><\/div><\/div><\/div><\/div><div class=\"vc_section vc_custom_1652780065097 wpex-vc-full-width-section wpex-vc-full-width-section--centered wpex-relative wpex-vc_section-has-fill wpex-vc-reset-negative-margin\"><div class=\"vc_row wpb_row vc_row-fluid wpex-relative no-bottom-margins\"><div class=\"wpb_column vc_column_container vc_col-sm-12\"><div class=\"vc_column-inner\"><div class=\"wpb_wrapper\">\n\t<div style=\"color:#005e63;font-size:20px;\" class=\"wpb_text_column has-custom-color wpex-child-inherit-color wpb_content_element\" >\n\t\t<div class=\"wpb_wrapper\">\n\t\t\t<p>Sp\u00e9cialit\u00e9s Conscientes<\/p>\n\n\t\t<\/div>\n\t<\/div>\n<div class=\"vcex-spacing wpex-w-100 wpex-clear\" style=\"height:10px;\"><\/div>\n\t<div style=\"color:#ffffff;\" class=\"wpb_text_column has-custom-color wpex-child-inherit-color wpb_content_element\" >\n\t\t<div class=\"wpb_wrapper\">\n\t\t\t<h1>Kinesiologie Holistique<\/h1>\n\n\t\t<\/div>\n\t<\/div>\n<\/div><\/div><\/div><\/div><\/div><div class=\"vc_row wpb_row vc_row-fluid vc_custom_1660122416802 vc_column-gap-30 wpex-relative\"><div class=\"wpb_column vc_column_container vc_col-sm-6\"><div class=\"vc_column-inner\"><div class=\"wpb_wrapper\">\n\t<div class=\"wpb_text_column wpb_content_element\" >\n\t\t<div class=\"wpb_wrapper\">\n\t\t\t<p>La kin\u00e9siologie est une proc\u00e9dure diagnostique-th\u00e9rapeutique \u00e0 travers laquelle tous les domaines qui composent la personne sont \u00e9tudi\u00e9s :\u00a0physique-structurel, biochimique-organique, \u00e9motionnel et \u00e9nerg\u00e9tique afin de trouver d&rsquo;o\u00f9 vient la cause du probl\u00e8me qui nous concerne dans chaque cas.<\/p>\n<p>Cela nous permet \u00e9galement d&rsquo;\u00e9valuer comment le corps r\u00e9agit face aux diff\u00e9rents mat\u00e9riaux, suppl\u00e9ments et\/ou m\u00e9dicaments, nous permettant d&rsquo;\u00e9tablir un ordre de priorit\u00e9s et de d\u00e9tecter exactement quels sont les besoins du consultant \u00e0 chaque instant.<\/p>\n<p>Nous \u00e9valuons les r\u00e9ponses de l&rsquo;organisme \u00e0 tous ces stimuli en observant l&rsquo;\u00e9volution de la tonicit\u00e9 des diff\u00e9rentes cha\u00eenes musculaires.\u00a0Cette technique sp\u00e9cifique s&rsquo;appelle\u00a0Arm\u00a0Reflex\u00a0(AR)\u00a0:\u00a0lorsqu&rsquo;on pr\u00e9sente un mat\u00e9riel, un m\u00e9dicament, un aliment ou un compl\u00e9ment nutritionnel, le corps r\u00e9agit imm\u00e9diatement par un rel\u00e2chement ou bien par une contraction musculaire et on peut le percevoir en tenant nos bras :\u00a0devant un stress\u00a0(comme une mati\u00e8re toxique ou une \u00e9motion non ma\u00eetris\u00e9e)\u00a0les cha\u00eenes musculaires d&rsquo;un c\u00f4t\u00e9 se resserrent et un bras se raccourcit.<br \/>\nNous pouvons appliquer la kin\u00e9siologie aussi bien en dentisterie que dans d&rsquo;autres sp\u00e9cialit\u00e9s.\u00a0Eh bien, dans toutes les sp\u00e9cialit\u00e9s, nous trouvons les diff\u00e9rents domaines qui composent l&rsquo;\u00eatre et il nous est tr\u00e8s utile d&rsquo;\u00e9valuer si le mal qui nous concerne a son origine dans un domaine ou un autre.<\/p>\n<p>En\u00a0kin\u00e9siologie holistique on\u00a0prend en compte le concept de la \u00ab trilogie de la sant\u00e9 \u00bb d\u00e9velopp\u00e9 par le Dr.\u00a0Goodheart, l&rsquo;un des pr\u00e9curseurs de la kin\u00e9siologie.\u00a0Ainsi, on consid\u00e8re qu&rsquo;il existe trois facteurs\u00a0(ou piliers de notre sant\u00e9)\u00a0qui doivent \u00eatre en \u00e9quilibre et travailler de mani\u00e8re synchrone pour atteindre l&rsquo;\u00e9tat de sant\u00e9.\u00a0Ce sont :\u00a0le champ structurel, le champ biochimique et le champ \u00e9motionnel.\u00a0Enfin, il y a aussi le champ \u00e9nerg\u00e9tique, qui est ce qui int\u00e8gre les informations de tous les autres et qui fait de nous un lien entre eux. Le champ \u00e9nerg\u00e9tique est ce qui nous transmet toutes les informations lorsque nous faisons un test\u00a0kin\u00e9siologique.<\/p>\n\n\t\t<\/div>\n\t<\/div>\n<div class=\"vcex-spacing wpex-w-100 wpex-clear\" style=\"height:10px;\"><\/div>\n\t<div  class=\"wpb_single_image wpb_content_element vc_align_ wpb_content_element\">\n\t\t\n\t\t<figure class=\"wpb_wrapper vc_figure\">\n\t\t\t<div class=\"vc_single_image-wrapper   vc_box_border_grey\"><img width=\"2560\" height=\"1707\" src=\"https:\/\/clinicaverda.cetrexmarketing.com\/wp-content\/uploads\/2023\/02\/MG_3311-scaled.jpg\" class=\"vc_single_image-img attachment-full\" alt=\"\" title=\"_MG_3311\" srcset=\"https:\/\/clinicaverda.cetrexmarketing.com\/wp-content\/uploads\/2023\/02\/MG_3311-scaled.jpg 2560w, https:\/\/clinicaverda.cetrexmarketing.com\/wp-content\/uploads\/2023\/02\/MG_3311-300x200.jpg 300w, https:\/\/clinicaverda.cetrexmarketing.com\/wp-content\/uploads\/2023\/02\/MG_3311-1024x683.jpg 1024w, https:\/\/clinicaverda.cetrexmarketing.com\/wp-content\/uploads\/2023\/02\/MG_3311-768x512.jpg 768w, https:\/\/clinicaverda.cetrexmarketing.com\/wp-content\/uploads\/2023\/02\/MG_3311-391x260.jpg 391w, https:\/\/clinicaverda.cetrexmarketing.com\/wp-content\/uploads\/2023\/02\/MG_3311-1536x1024.jpg 1536w, https:\/\/clinicaverda.cetrexmarketing.com\/wp-content\/uploads\/2023\/02\/MG_3311-2048x1366.jpg 2048w\" sizes=\"(max-width: 2560px) 100vw, 2560px\" \/><\/div>\n\t\t<\/figure>\n\t<\/div>\n<\/div><\/div><\/div><div class=\"wpb_column vc_column_container vc_col-sm-6\"><div class=\"vc_column-inner\"><div class=\"wpb_wrapper\"><div class=\"vcex-spacing wpex-w-100 wpex-clear\"><\/div>\n\t<div class=\"wpb_text_column wpb_content_element\" >\n\t\t<div class=\"wpb_wrapper\">\n\t\t\t<p>Quel type d&rsquo;informations chaque champ nous donne-t-il\u00a0?<\/p>\n<p><strong>&#8211;\u00a0Le champ Structurel :\u00a0<\/strong>d\u00e9finit\u00a0l&rsquo;\u00e9tat des muscles, fascia, ligaments, tendons, disques intervert\u00e9braux, probl\u00e8mes inter-articulaires, os, etc.\u00a0Si l&rsquo;alt\u00e9ration se situe dans ce domaine, des techniques d&rsquo;ost\u00e9opathie, de chiropractie, de massage, etc.\u00a0sont utilis\u00e9es.\u00a0Bref, la technique manuelle qui s&rsquo;impose pour corriger le probl\u00e8me physique devant nous.<\/p>\n<p><strong>&#8211;\u00a0Le champ Biochimique :<\/strong>\u00a0il nous renseigne sur la fa\u00e7on dont sont nos processus et d\u00e9s\u00e9quilibres organiques, visc\u00e9raux, glandulaires, processus d&rsquo;hom\u00e9ostasie internes de l&rsquo;organisme.\u00a0Il nous informe \u00e9galement des processus d&rsquo;intoxication alimentaire, dus aux m\u00e9taux lourds, parasites, champignons, virus, bact\u00e9ries, etc.\u00a0Les m\u00e9thodes de correction dans ces cas sont par exemple la naturopathie, l&rsquo;hom\u00e9opathie, la\u00a0psychoneuroimmunologie, etc.\u00a0Et on peut aussi utiliser la phytoth\u00e9rapie et d&rsquo;autres produits naturels pour corriger le d\u00e9s\u00e9quilibre biochimique.<\/p>\n<p>Un exemple de l&rsquo;efficacit\u00e9 de la kin\u00e9siologie dans ce domaine serait que, dans notre cas, nous avons pass\u00e9 12 mois \u00e0 v\u00e9rifier avec des analyses de laboratoire les r\u00e9sultats que nous avons obtenus \u00e0 partir des tests kin\u00e9siologiques effectu\u00e9s en conslutation. Nous avons constat\u00e9 que les r\u00e9sultats sont identiques. Cela nous a donn\u00e9 beaucoup de force pour croire en cet outil et l&rsquo;utiliser dans certains cas pour r\u00e9duire le nombre de demandes analytiques et acc\u00e9l\u00e9rer le processus de diagnostic lors d&rsquo;une visite m\u00e9dicale par exemple.<\/p>\n<p><strong>&#8211; Le champ Psycho-\u00e9motionnel :\u00a0<\/strong>ce champ nous renseigne sur d&rsquo;\u00e9ventuels blocages que l&rsquo;individu peut avoir, qu&rsquo;ils soient actuels ou pass\u00e9s, des comportements r\u00e9p\u00e9titifs, des probl\u00e8mes d&rsquo;acceptation, etc.\u00a0Nous pouvons \u00e9galement voir les influences possibles que ces \u00e9v\u00e9nements ont eues sur notre vie de tous les jours.\u00a0Dans ce domaine, les m\u00e9thodes de correction les plus courantes sont g\u00e9n\u00e9ralement les fleurs de Bach, les techniques de lib\u00e9ration \u00e9motionnelle, les relaxations, les r\u00e9gressions, les constellations familiales, la psychog\u00e9n\u00e9alogie, etc.<\/p>\n<p>C&rsquo;est g\u00e9n\u00e9ralement la visite la plus fr\u00e9quente lorsque les m\u00e9decins, dentistes et autres sp\u00e9cialistes de la clinique sont bloqu\u00e9s \u00e0 un point sans explication scientifique apparente.\u00a0Le type de phrase que l&rsquo;on entend le plus fr\u00e9quemment est celle qui exprime \u00ab\u00a0\u00e7a me fait mal, mais ils ne trouvent rien pour moi\u00a0\u00bb.\u00a0Il nous aide \u00e9galement \u00e0 d\u00e9bloquer les conflits li\u00e9s \u00e0 une pi\u00e8ce dentaire ou \u00e0 une structure corporelle afin d&rsquo;atteindre la r\u00e9ussite totale du traitement \u00e0 suivre.<\/p>\n<p><strong>&#8211;\u00a0Le champ \u00e9nerg\u00e9tique :\u00a0<\/strong>ce champ nous renseigne sur le fonctionnement des chakras, des m\u00e9ridiens, des corps subtils, du champ \u00e9lectromagn\u00e9tique de l&rsquo;individu et des diff\u00e9rents types d&rsquo;affects que tous ceux-ci peuvent avoir dus aux\u00a0g\u00e9opathies, surcharges que l&rsquo;individu re\u00e7oit par des champs \u00e9lectromagn\u00e9tiques externes, des cicatrices\u00a0(elles coupent le passage de l&rsquo;\u00e9nergie \u00e0 travers ce tissu cicatriciel.), etc.\u00a0Dans ces cas, les corrections que nous pouvons proposer sont par exemple l&rsquo;acupuncture, les techniques \u00e9nerg\u00e9tiques, les min\u00e9raux ou l&rsquo;\u00e9tude g\u00e9obiologique du domicile de la personne.<\/p>\n<p>Souvent, nous trouvons la r\u00e9ponse dans ce domaine lorsque nous l&rsquo;identifions \u00e0 des questions telles que :\u00a0\u00ab\u00a0Pourquoi est-ce que je ne dors pas bien ?\u00a0\u00bb Ou \u00ab\u00a0pourquoi ne puis-je pas me reposer la nuit ?\u00a0\u00bb Ou \u00ab\u00a0Pourquoi est-ce que je me r\u00e9veille mille fois par nuit ou est-ce que je me r\u00e9veille fatigu\u00e9\u00a0?\u00a0\u00bb.<\/p>\n<p>En conclusion, la kin\u00e9siologie est un outil qui nous permet d&rsquo;aller bien au-del\u00e0 de ce que propose le paradigme scientifique et nous l&rsquo;utilisons lorsque le client est au bout du chemin orthodoxe et n&rsquo;a pas obtenu de r\u00e9ponses \u00e0 son probl\u00e8me.<\/p>\n\n\t\t<\/div>\n\t<\/div>\n<div class=\"vcex-spacing wpex-w-100 wpex-clear\" style=\"height:10px;\"><\/div><\/div><\/div><\/div><\/div><div class=\"vc_section vc_custom_1652780947417 wpex-vc-full-width-section wpex-vc-full-width-section--centered wpex-relative wpex-vc_section-has-fill wpex-vc-reset-negative-margin\"><div class=\"vc_row wpb_row vc_row-fluid vc_custom_1664437319481 wpex-relative no-bottom-margins\"><div class=\"wpb_column vc_column_container vc_col-sm-12\"><div class=\"vc_column-inner\"><div class=\"wpb_wrapper\">\n\t<div class=\"wpb_text_column wpb_content_element\" >\n\t\t<div class=\"wpb_wrapper\">\n\t\t\t<h3 style=\"text-align: center;\">Contactez-nous<\/h3>\n\n\t\t<\/div>\n\t<\/div>\n\n\t<div class=\"wpb_text_column wpb_content_element\" >\n\t\t<div class=\"wpb_wrapper\">\n\t\t\t<p style=\"text-align: center;\">Les champs avec * sont obligatoires<\/p>\n\n\t\t<\/div>\n\t<\/div>\n<\/div><\/div><\/div><\/div><div class=\"vc_row wpb_row vc_row-fluid wpex-relative no-bottom-margins\"><div class=\"wpb_column vc_column_container vc_col-sm-3\"><div class=\"vc_column-inner\"><div class=\"wpb_wrapper\"><\/div><\/div><\/div><div class=\"wpb_column vc_column_container vc_col-sm-6 wpex-vc_col-has-fill\"><div class=\"vc_column-inner vc_custom_1664437382995\"><div class=\"wpb_wrapper\">\n<div class=\"wpcf7 no-js\" id=\"wpcf7-f3499-o1\" lang=\"fr-FR\" dir=\"ltr\" data-wpcf7-id=\"3499\">\n<div class=\"screen-reader-response\"><p role=\"status\" aria-live=\"polite\" aria-atomic=\"true\"><\/p> <ul><\/ul><\/div>\n<form action=\"\/fr\/wp-json\/wp\/v2\/pages\/3032#wpcf7-f3499-o1\" method=\"post\" class=\"wpcf7-form init\" aria-label=\"Formulaire de contact\" novalidate=\"novalidate\" data-status=\"init\">\n<fieldset class=\"hidden-fields-container\"><input type=\"hidden\" name=\"_wpcf7\" value=\"3499\" \/><input type=\"hidden\" name=\"_wpcf7_version\" value=\"6.1.4\" \/><input type=\"hidden\" name=\"_wpcf7_locale\" value=\"fr_FR\" \/><input type=\"hidden\" name=\"_wpcf7_unit_tag\" value=\"wpcf7-f3499-o1\" \/><input type=\"hidden\" name=\"_wpcf7_container_post\" value=\"0\" \/><input type=\"hidden\" name=\"_wpcf7_posted_data_hash\" value=\"\" \/><input type=\"hidden\" name=\"_wpcf7_recaptcha_response\" value=\"\" \/>\n<\/fieldset>\n<p><span class=\"wpcf7-form-control-wrap\" data-name=\"motiu\"><select class=\"wpcf7-form-control wpcf7-select wpcf7-validates-as-required\" aria-required=\"true\" aria-invalid=\"false\" name=\"motiu\"><option value=\"S\u00e9lectionnez la raison\">S\u00e9lectionnez la raison<\/option><option value=\"Demander des informations\">Demander des informations<\/option><option value=\"Demander une consultation ou appeler\">Demander une consultation ou appeler<\/option><option value=\"Autres\">Autres<\/option><\/select><\/span>\n<\/p>\n<p><span class=\"wpcf7-form-control-wrap\" data-name=\"your-name\"><input size=\"40\" maxlength=\"400\" class=\"wpcf7-form-control wpcf7-text wpcf7-validates-as-required\" aria-required=\"true\" aria-invalid=\"false\" placeholder=\"Nom et pr\u00e9nom*\" value=\"\" type=\"text\" name=\"your-name\" \/><\/span>\n<\/p>\n<p><span class=\"wpcf7-form-control-wrap\" data-name=\"your-email\"><input size=\"40\" maxlength=\"400\" class=\"wpcf7-form-control wpcf7-email wpcf7-validates-as-required wpcf7-text wpcf7-validates-as-email\" aria-required=\"true\" aria-invalid=\"false\" placeholder=\"Email*\" value=\"\" type=\"email\" name=\"your-email\" \/><\/span>\n<\/p>\n<p><span class=\"wpcf7-form-control-wrap\" data-name=\"your-phone\"><input size=\"40\" maxlength=\"400\" class=\"wpcf7-form-control wpcf7-text wpcf7-validates-as-required\" aria-required=\"true\" aria-invalid=\"false\" placeholder=\"T\u00e9l\u00e9phone*\" value=\"\" type=\"text\" name=\"your-phone\" \/><\/span>\n<\/p>\n<p><span class=\"wpcf7-form-control-wrap\" data-name=\"your-message\"><textarea cols=\"40\" rows=\"10\" maxlength=\"2000\" class=\"wpcf7-form-control wpcf7-textarea\" aria-invalid=\"false\" placeholder=\"Message*\" name=\"your-message\"><\/textarea><\/span>\n<\/p>\n<p><span class=\"wpcf7-form-control-wrap\" data-name=\"acceptance-697\"><span class=\"wpcf7-form-control wpcf7-acceptance\"><span class=\"wpcf7-list-item\"><input type=\"checkbox\" name=\"acceptance-697\" value=\"1\" aria-invalid=\"false\" \/><\/span><\/span><\/span> J'accepte <a href=\"\/avisos-legales\/\">les mentions l\u00e9gales<\/a> et la <a href=\"\/politica-de-privacidad\/\">Politique de confidentialit\u00e9<\/a>\n<\/p>\n<p><input class=\"wpcf7-form-control wpcf7-submit has-spinner\" type=\"submit\" value=\"Envoyer\" \/>\n<\/p><p style=\"display: none !important;\" class=\"akismet-fields-container\" data-prefix=\"_wpcf7_ak_\"><label>&#916;<textarea name=\"_wpcf7_ak_hp_textarea\" cols=\"45\" rows=\"8\" maxlength=\"100\"><\/textarea><\/label><input type=\"hidden\" id=\"ak_js_1\" name=\"_wpcf7_ak_js\" value=\"210\"\/><script>document.getElementById( \"ak_js_1\" ).setAttribute( \"value\", ( new Date() ).getTime() );<\/script><\/p><div class=\"wpcf7-response-output\" aria-hidden=\"true\"><\/div>\n<\/form>\n<\/div>\n<\/div><\/div><\/div><div class=\"wpb_column vc_column_container vc_col-sm-3\"><div class=\"vc_column-inner\"><div class=\"wpb_wrapper\"><\/div><\/div><\/div><\/div><\/div>\n<\/div>","protected":false},"excerpt":{"rendered":"Sp\u00e9cialit\u00e9s Conscientes Kinesiologie Holistique La kin\u00e9siologie est une proc\u00e9dure diagnostique-th\u00e9rapeutique \u00e0 travers laquelle tous les domaines qui composent la personne sont \u00e9tudi\u00e9s :\u00a0physique-structurel, biochimique-organique, \u00e9motionnel et \u00e9nerg\u00e9tique afin de trouver d'o\u00f9 vient la cause du probl\u00e8me qui nous concerne dans chaque cas. Cela nous permet \u00e9galement d'\u00e9valuer comment le corps r\u00e9agit face aux diff\u00e9rents mat\u00e9riaux,&hellip;","protected":false},"author":1,"featured_media":0,"parent":0,"menu_order":0,"comment_status":"closed","ping_status":"closed","template":"","meta":{"footnotes":""},"class_list":["post-3032","page","type-page","status-publish","hentry","entry","no-media"],"yoast_head":"<!-- This site is optimized with the Yoast SEO plugin v26.9 - https:\/\/yoast.com\/product\/yoast-seo-wordpress\/ -->\n<title>Kinesiologia - La Cl\u00ednica Verda<\/title>\n<meta name=\"robots\" content=\"noindex, follow, max-snippet:-1, max-image-preview:large, max-video-preview:-1\" \/>\n<meta property=\"og:locale\" content=\"fr_FR\" \/>\n<meta property=\"og:type\" content=\"article\" \/>\n<meta property=\"og:title\" content=\"Kinesiologia - La Cl\u00ednica Verda\" \/>\n<meta property=\"og:url\" content=\"https:\/\/clinicaverda.cetrexmarketing.com\/fr\/kinesiologia\/\" \/>\n<meta property=\"og:site_name\" content=\"La Cl\u00ednica Verda\" \/>\n<meta property=\"article:modified_time\" content=\"2023-04-12T15:43:28+00:00\" \/>\n<meta name=\"twitter:card\" content=\"summary_large_image\" \/>\n<meta name=\"twitter:label1\" content=\"Dur\u00e9e de lecture estim\u00e9e\" \/>\n\t<meta name=\"twitter:data1\" content=\"6 minutes\" \/>\n<script type=\"application\/ld+json\" class=\"yoast-schema-graph\">{\"@context\":\"https:\/\/schema.org\",\"@graph\":[{\"@type\":\"WebPage\",\"@id\":\"https:\/\/clinicaverda.cetrexmarketing.com\/fr\/kinesiologia\/\",\"url\":\"https:\/\/clinicaverda.cetrexmarketing.com\/fr\/kinesiologia\/\",\"name\":\"Kinesiologia - La Cl\u00ednica Verda\",\"isPartOf\":{\"@id\":\"https:\/\/clinicaverda.cetrexmarketing.com\/#website\"},\"datePublished\":\"2022-08-10T09:04:47+00:00\",\"dateModified\":\"2023-04-12T15:43:28+00:00\",\"breadcrumb\":{\"@id\":\"https:\/\/clinicaverda.cetrexmarketing.com\/fr\/kinesiologia\/#breadcrumb\"},\"inLanguage\":\"fr-FR\",\"potentialAction\":[{\"@type\":\"ReadAction\",\"target\":[\"https:\/\/clinicaverda.cetrexmarketing.com\/fr\/kinesiologia\/\"]}]},{\"@type\":\"BreadcrumbList\",\"@id\":\"https:\/\/clinicaverda.cetrexmarketing.com\/fr\/kinesiologia\/#breadcrumb\",\"itemListElement\":[{\"@type\":\"ListItem\",\"position\":1,\"name\":\"Home\",\"item\":\"https:\/\/clinicaverda.cetrexmarketing.com\/fr\/\"},{\"@type\":\"ListItem\",\"position\":2,\"name\":\"Kinesiologia\"}]},{\"@type\":\"WebSite\",\"@id\":\"https:\/\/clinicaverda.cetrexmarketing.com\/#website\",\"url\":\"https:\/\/clinicaverda.cetrexmarketing.com\/\",\"name\":\"La Cl\u00ednica Verda\",\"description\":\"Cetrex new project\",\"publisher\":{\"@id\":\"https:\/\/clinicaverda.cetrexmarketing.com\/#organization\"},\"potentialAction\":[{\"@type\":\"SearchAction\",\"target\":{\"@type\":\"EntryPoint\",\"urlTemplate\":\"https:\/\/clinicaverda.cetrexmarketing.com\/?s={search_term_string}\"},\"query-input\":{\"@type\":\"PropertyValueSpecification\",\"valueRequired\":true,\"valueName\":\"search_term_string\"}}],\"inLanguage\":\"fr-FR\"},{\"@type\":\"Organization\",\"@id\":\"https:\/\/clinicaverda.cetrexmarketing.com\/#organization\",\"name\":\"La Cl\u00ednica Verda\",\"url\":\"https:\/\/clinicaverda.cetrexmarketing.com\/\",\"logo\":{\"@type\":\"ImageObject\",\"inLanguage\":\"fr-FR\",\"@id\":\"https:\/\/clinicaverda.cetrexmarketing.com\/#\/schema\/logo\/image\/\",\"url\":\"https:\/\/clinicaverda.cetrexmarketing.com\/wp-content\/uploads\/2022\/05\/logo-la-clinica-verda.png\",\"contentUrl\":\"https:\/\/clinicaverda.cetrexmarketing.com\/wp-content\/uploads\/2022\/05\/logo-la-clinica-verda.png\",\"width\":900,\"height\":256,\"caption\":\"La Cl\u00ednica Verda\"},\"image\":{\"@id\":\"https:\/\/clinicaverda.cetrexmarketing.com\/#\/schema\/logo\/image\/\"}}]}<\/script>\n<!-- \/ Yoast SEO plugin. -->","yoast_head_json":{"title":"Kinesiologia - La Cl\u00ednica Verda","robots":{"index":"noindex","follow":"follow","max-snippet":"max-snippet:-1","max-image-preview":"max-image-preview:large","max-video-preview":"max-video-preview:-1"},"og_locale":"fr_FR","og_type":"article","og_title":"Kinesiologia - La Cl\u00ednica Verda","og_url":"https:\/\/clinicaverda.cetrexmarketing.com\/fr\/kinesiologia\/","og_site_name":"La Cl\u00ednica Verda","article_modified_time":"2023-04-12T15:43:28+00:00","twitter_card":"summary_large_image","twitter_misc":{"Dur\u00e9e de lecture estim\u00e9e":"6 minutes"},"schema":{"@context":"https:\/\/schema.org","@graph":[{"@type":"WebPage","@id":"https:\/\/clinicaverda.cetrexmarketing.com\/fr\/kinesiologia\/","url":"https:\/\/clinicaverda.cetrexmarketing.com\/fr\/kinesiologia\/","name":"Kinesiologia - La Cl\u00ednica Verda","isPartOf":{"@id":"https:\/\/clinicaverda.cetrexmarketing.com\/#website"},"datePublished":"2022-08-10T09:04:47+00:00","dateModified":"2023-04-12T15:43:28+00:00","breadcrumb":{"@id":"https:\/\/clinicaverda.cetrexmarketing.com\/fr\/kinesiologia\/#breadcrumb"},"inLanguage":"fr-FR","potentialAction":[{"@type":"ReadAction","target":["https:\/\/clinicaverda.cetrexmarketing.com\/fr\/kinesiologia\/"]}]},{"@type":"BreadcrumbList","@id":"https:\/\/clinicaverda.cetrexmarketing.com\/fr\/kinesiologia\/#breadcrumb","itemListElement":[{"@type":"ListItem","position":1,"name":"Home","item":"https:\/\/clinicaverda.cetrexmarketing.com\/fr\/"},{"@type":"ListItem","position":2,"name":"Kinesiologia"}]},{"@type":"WebSite","@id":"https:\/\/clinicaverda.cetrexmarketing.com\/#website","url":"https:\/\/clinicaverda.cetrexmarketing.com\/","name":"La Cl\u00ednica Verda","description":"Cetrex new project","publisher":{"@id":"https:\/\/clinicaverda.cetrexmarketing.com\/#organization"},"potentialAction":[{"@type":"SearchAction","target":{"@type":"EntryPoint","urlTemplate":"https:\/\/clinicaverda.cetrexmarketing.com\/?s={search_term_string}"},"query-input":{"@type":"PropertyValueSpecification","valueRequired":true,"valueName":"search_term_string"}}],"inLanguage":"fr-FR"},{"@type":"Organization","@id":"https:\/\/clinicaverda.cetrexmarketing.com\/#organization","name":"La Cl\u00ednica Verda","url":"https:\/\/clinicaverda.cetrexmarketing.com\/","logo":{"@type":"ImageObject","inLanguage":"fr-FR","@id":"https:\/\/clinicaverda.cetrexmarketing.com\/#\/schema\/logo\/image\/","url":"https:\/\/clinicaverda.cetrexmarketing.com\/wp-content\/uploads\/2022\/05\/logo-la-clinica-verda.png","contentUrl":"https:\/\/clinicaverda.cetrexmarketing.com\/wp-content\/uploads\/2022\/05\/logo-la-clinica-verda.png","width":900,"height":256,"caption":"La Cl\u00ednica Verda"},"image":{"@id":"https:\/\/clinicaverda.cetrexmarketing.com\/#\/schema\/logo\/image\/"}}]}},"_links":{"self":[{"href":"https:\/\/clinicaverda.cetrexmarketing.com\/fr\/wp-json\/wp\/v2\/pages\/3032","targetHints":{"allow":["GET"]}}],"collection":[{"href":"https:\/\/clinicaverda.cetrexmarketing.com\/fr\/wp-json\/wp\/v2\/pages"}],"about":[{"href":"https:\/\/clinicaverda.cetrexmarketing.com\/fr\/wp-json\/wp\/v2\/types\/page"}],"author":[{"embeddable":true,"href":"https:\/\/clinicaverda.cetrexmarketing.com\/fr\/wp-json\/wp\/v2\/users\/1"}],"replies":[{"embeddable":true,"href":"https:\/\/clinicaverda.cetrexmarketing.com\/fr\/wp-json\/wp\/v2\/comments?post=3032"}],"version-history":[{"count":3,"href":"https:\/\/clinicaverda.cetrexmarketing.com\/fr\/wp-json\/wp\/v2\/pages\/3032\/revisions"}],"predecessor-version":[{"id":3785,"href":"https:\/\/clinicaverda.cetrexmarketing.com\/fr\/wp-json\/wp\/v2\/pages\/3032\/revisions\/3785"}],"wp:attachment":[{"href":"https:\/\/clinicaverda.cetrexmarketing.com\/fr\/wp-json\/wp\/v2\/media?parent=3032"}],"curies":[{"name":"wp","href":"https:\/\/api.w.org\/{rel}","templated":true}]}}