{"id":2694,"date":"2022-08-10T09:08:28","date_gmt":"2022-08-10T09:08:28","guid":{"rendered":"https:\/\/clinicaverda.cetrexmarketing.com\/biohabitabilitat\/"},"modified":"2023-04-12T15:41:56","modified_gmt":"2023-04-12T15:41:56","slug":"biohabitabilitat","status":"publish","type":"page","link":"https:\/\/clinicaverda.cetrexmarketing.com\/fr\/biohabitabilitat\/","title":{"rendered":"Biohabitabilitat"},"content":{"rendered":"<div class=\"wpb-content-wrapper\"><div class=\"vc_section vc_custom_1669804383834 wpex-vc-full-width-section wpex-vc-full-width-section--centered wpex-relative wpex-vc_section-has-fill wpex-vc-reset-negative-margin\" style=\"background-position:center center!important;\"><div class=\"vc_row wpb_row vc_row-fluid wpex-relative no-bottom-margins\"><div class=\"wpb_column vc_column_container vc_col-sm-6\"><div class=\"vc_column-inner\"><div class=\"wpb_wrapper\"><div class=\"vcex-spacing wpex-w-100 wpex-clear\" style=\"height:100px;\"><\/div><\/div><\/div><\/div><div class=\"wpb_column vc_column_container vc_col-sm-6\"><div class=\"vc_column-inner\"><div class=\"wpb_wrapper\">\n\t<div  class=\"wpb_single_image wpb_content_element vc_align_ wpb_content_element  imagenabsoluta\">\n\t\t\n\t\t<figure class=\"wpb_wrapper vc_figure\">\n\t\t\t<div class=\"vc_single_image-wrapper   vc_box_border_grey\"><img width=\"350\" height=\"400\" src=\"https:\/\/clinicaverda.cetrexmarketing.com\/wp-content\/uploads\/2022\/05\/imatge-logo-clinica-verda-1.png\" class=\"vc_single_image-img attachment-full\" alt=\"\" title=\"imatge-logo-clinica-verda-1\" srcset=\"https:\/\/clinicaverda.cetrexmarketing.com\/wp-content\/uploads\/2022\/05\/imatge-logo-clinica-verda-1.png 350w, https:\/\/clinicaverda.cetrexmarketing.com\/wp-content\/uploads\/2022\/05\/imatge-logo-clinica-verda-1-263x300.png 263w\" sizes=\"(max-width: 350px) 100vw, 350px\" \/><\/div>\n\t\t<\/figure>\n\t<\/div>\n<\/div><\/div><\/div><\/div><\/div><div class=\"vc_section vc_custom_1652780065097 wpex-vc-full-width-section wpex-vc-full-width-section--centered wpex-relative wpex-vc_section-has-fill wpex-vc-reset-negative-margin\"><div class=\"vc_row wpb_row vc_row-fluid wpex-relative no-bottom-margins\"><div class=\"wpb_column vc_column_container vc_col-sm-12\"><div class=\"vc_column-inner\"><div class=\"wpb_wrapper\">\n\t<div style=\"color:#005e63;font-size:20px;\" class=\"wpb_text_column has-custom-color wpex-child-inherit-color wpb_content_element\" >\n\t\t<div class=\"wpb_wrapper\">\n\t\t\t<p>Sp\u00e9cialit\u00e9s Conscientes<\/p>\n\n\t\t<\/div>\n\t<\/div>\n<div class=\"vcex-spacing wpex-w-100 wpex-clear\" style=\"height:10px;\"><\/div>\n\t<div style=\"color:#ffffff;\" class=\"wpb_text_column has-custom-color wpex-child-inherit-color wpb_content_element\" >\n\t\t<div class=\"wpb_wrapper\">\n\t\t\t<h1><strong>Biohabitabilit\u00e9<\/strong><\/h1>\n\n\t\t<\/div>\n\t<\/div>\n<\/div><\/div><\/div><\/div><\/div><div class=\"vc_row wpb_row vc_row-fluid vc_custom_1660122416802 vc_column-gap-30 wpex-relative\"><div class=\"wpb_column vc_column_container vc_col-sm-6\"><div class=\"vc_column-inner\"><div class=\"wpb_wrapper\">\n\t<div class=\"wpb_text_column wpb_content_element\" >\n\t\t<div class=\"wpb_wrapper\">\n\t\t\t<p>Pour nous assurer que nous vivons dans une maison saine, une seule visite \u00e0 la propri\u00e9t\u00e9 est n\u00e9cessaire afin d&rsquo;effectuer un relev\u00e9 exhaustif des principaux agents environnementaux pr\u00e9sents dans l&rsquo;espace.\u00a0Dans cette prospection, des facteurs provenant d&rsquo;agents physiques, tels que le champ \u00e9lectromagn\u00e9tique ou la pr\u00e9sence d&rsquo;alt\u00e9rations dans le sous-sol, sont analys\u00e9s, ainsi que des agents chimiques et biologiques.<\/p>\n<p>C&rsquo;est une visite qui peut durer entre 2 et 5 heures selon la surface \u00e0 prospecter et les particularit\u00e9s des facteurs \u00e0 \u00e9tudier.\u00a0Au cours de la visite, d&rsquo;\u00e9ventuelles alt\u00e9rations du sous-sol qui d\u00e9forment le rayonnement naturel sont localis\u00e9es et analys\u00e9es, des mesures sont prises du champ \u00e9lectrique alternatif et du champ \u00e9lectromagn\u00e9tique de\u00a0haute\u00a0et\u00a0basse\u00a0fr\u00e9quence, ainsi que la mise \u00e0 la terre du b\u00e2timent. Aussi les sources sont \u00e9tudi\u00e9es, les \u00e9metteurs ext\u00e9rieurs et int\u00e9rieurs de rayonnement artificiel et d&rsquo;autres polluants environnementaux qui affectent l&rsquo;espace.<\/p>\n<p>Les r\u00e9sultats de chaque facteur analys\u00e9 sont pr\u00e9sent\u00e9s et des conclusions sont tir\u00e9es et partag\u00e9es.<\/p>\n\n\t\t<\/div>\n\t<\/div>\n\n\t<div  class=\"wpb_single_image wpb_content_element vc_align_ wpb_content_element vc_custom_1676476830692\">\n\t\t\n\t\t<figure class=\"wpb_wrapper vc_figure\">\n\t\t\t<div class=\"vc_single_image-wrapper   vc_box_border_grey\"><img width=\"1600\" height=\"1067\" src=\"https:\/\/clinicaverda.cetrexmarketing.com\/wp-content\/uploads\/2023\/02\/clinicaverda_montsecapdevila-08266.jpg\" class=\"vc_single_image-img attachment-full\" alt=\"\" title=\"La Clinica Verda\" srcset=\"https:\/\/clinicaverda.cetrexmarketing.com\/wp-content\/uploads\/2023\/02\/clinicaverda_montsecapdevila-08266.jpg 1600w, https:\/\/clinicaverda.cetrexmarketing.com\/wp-content\/uploads\/2023\/02\/clinicaverda_montsecapdevila-08266-300x200.jpg 300w, https:\/\/clinicaverda.cetrexmarketing.com\/wp-content\/uploads\/2023\/02\/clinicaverda_montsecapdevila-08266-1024x683.jpg 1024w, https:\/\/clinicaverda.cetrexmarketing.com\/wp-content\/uploads\/2023\/02\/clinicaverda_montsecapdevila-08266-768x512.jpg 768w, https:\/\/clinicaverda.cetrexmarketing.com\/wp-content\/uploads\/2023\/02\/clinicaverda_montsecapdevila-08266-391x260.jpg 391w, https:\/\/clinicaverda.cetrexmarketing.com\/wp-content\/uploads\/2023\/02\/clinicaverda_montsecapdevila-08266-1536x1024.jpg 1536w\" sizes=\"(max-width: 1600px) 100vw, 1600px\" \/><\/div>\n\t\t<\/figure>\n\t<\/div>\n\n\t<div class=\"wpb_text_column wpb_content_element\" >\n\t\t<div class=\"wpb_wrapper\">\n\t\t\t<p>La possibilit\u00e9 de r\u00e9agencer l&rsquo;espace est discut\u00e9e avec le client pour s&rsquo;assurer que les principales activit\u00e9s qui y sont exerc\u00e9es se d\u00e9roulent dans les zones les plus neutres, ainsi que la possibilit\u00e9 d&rsquo;harmoniser l&rsquo;espace par l&rsquo;application de trac\u00e9es g\u00e9om\u00e9triques r\u00e9gulatrices.<\/p>\n<p>En fonction des facteurs \u00e9tudi\u00e9s, l&rsquo;opportunit\u00e9 de r\u00e9aliser une intervention technique pour r\u00e9duire le champ \u00e9lectrique et \u00e9lectromagn\u00e9tique pr\u00e9sent sera \u00e9galement \u00e9valu\u00e9e.\u00a0Le cas \u00e9ch\u00e9ant, une proposition sera faite pour le planning et le budget correspondant \u00e0 cette intervention technique.<\/p>\n\n\t\t<\/div>\n\t<\/div>\n<\/div><\/div><\/div><div class=\"wpb_column vc_column_container vc_col-sm-6\"><div class=\"vc_column-inner\"><div class=\"wpb_wrapper\"><div class=\"vcex-spacing wpex-w-100 wpex-clear\"><\/div>\n\t<div class=\"wpb_text_column wpb_content_element\" >\n\t\t<div class=\"wpb_wrapper\">\n\t\t\t<p>Bien que le seul \u00e9l\u00e9ment essentiel pour garantir la\u00a0biohabitabilit\u00e9\u00a0de la maison soit d&rsquo;appliquer les suggestions indiqu\u00e9es sur la base de l&rsquo;enqu\u00eate, il est \u00e9galement possible de commander un rapport sur l&rsquo;\u00e9tat de la\u00a0biohabitabilit\u00e9\u00a0de la propri\u00e9t\u00e9.\u00a0C&rsquo;est un document tr\u00e8s complet, indiqu\u00e9 par les individus qui veulent aller un peu plus loin et comprendre par eux-m\u00eames la nature des facteurs environnementaux \u00e9tudi\u00e9s, et ainsi apprendre \u00e0 les reconna\u00eetre et \u00e0 vivre avec eux d&rsquo;une mani\u00e8re plus saine et donc ne plus d\u00e9pendre des\u00a0indications d&rsquo;un expert.<\/p>\n<p>Le rapport pr\u00e9sente le concept de\u00a0biohabitabilit\u00e9\u00a0et aussi le reste des facteurs \u00e9tudi\u00e9s, ainsi que l&rsquo;impact qu&rsquo;ils ont sur la sant\u00e9 des organismes, les param\u00e8tres li\u00e9s \u00e0 la\u00a0biohabitabilit\u00e9, le cadre juridique, la m\u00e9thodologie et l&rsquo;appareil de mesure.\u00a0Il comprend des cartes descriptives de l&rsquo;\u00e9tat de\u00a0biohabitabilit\u00e9\u00a0de l&rsquo;espace \u00e9tudi\u00e9, des observations de chaque facteur analys\u00e9 et des propositions d&rsquo;am\u00e9lioration correspondantes.\u00a0Sa longueur variera en fonction de la complexit\u00e9 de l&rsquo;affaire, mais en g\u00e9n\u00e9ral, ce sera une dizaine de pages.<\/p>\n<p>Une fois corrig\u00e9s les aspects\u00a0qui ont \u00e9t\u00e9 signal\u00e9s lors de l&rsquo;enqu\u00eate, il y a ceux qui souhaitent r\u00e9aliser une deuxi\u00e8me enqu\u00eate pour assurer un maximum de neutralit\u00e9 et d&rsquo;harmonie des lieux.\u00a0Dans ce cas, une deuxi\u00e8me visite sera envisag\u00e9e pour confirmer que les interventions et am\u00e9liorations techniques propos\u00e9es ont \u00e9t\u00e9 r\u00e9alis\u00e9es correctement.<\/p>\n\n\t\t<\/div>\n\t<\/div>\n\n\t<div  class=\"wpb_single_image wpb_content_element vc_align_ wpb_content_element vc_custom_1676476853649\">\n\t\t\n\t\t<figure class=\"wpb_wrapper vc_figure\">\n\t\t\t<div class=\"vc_single_image-wrapper   vc_box_border_grey\"><img width=\"1600\" height=\"1067\" src=\"https:\/\/clinicaverda.cetrexmarketing.com\/wp-content\/uploads\/2023\/02\/clinicaverda_montsecapdevila-07917.jpg\" class=\"vc_single_image-img attachment-full\" alt=\"\" title=\"La Clinica Verda\" srcset=\"https:\/\/clinicaverda.cetrexmarketing.com\/wp-content\/uploads\/2023\/02\/clinicaverda_montsecapdevila-07917.jpg 1600w, https:\/\/clinicaverda.cetrexmarketing.com\/wp-content\/uploads\/2023\/02\/clinicaverda_montsecapdevila-07917-300x200.jpg 300w, https:\/\/clinicaverda.cetrexmarketing.com\/wp-content\/uploads\/2023\/02\/clinicaverda_montsecapdevila-07917-1024x683.jpg 1024w, https:\/\/clinicaverda.cetrexmarketing.com\/wp-content\/uploads\/2023\/02\/clinicaverda_montsecapdevila-07917-768x512.jpg 768w, https:\/\/clinicaverda.cetrexmarketing.com\/wp-content\/uploads\/2023\/02\/clinicaverda_montsecapdevila-07917-391x260.jpg 391w, https:\/\/clinicaverda.cetrexmarketing.com\/wp-content\/uploads\/2023\/02\/clinicaverda_montsecapdevila-07917-1536x1024.jpg 1536w\" sizes=\"(max-width: 1600px) 100vw, 1600px\" \/><\/div>\n\t\t<\/figure>\n\t<\/div>\n<div class=\"vcex-spacing wpex-w-100 wpex-clear\" style=\"height:10px;\"><\/div><\/div><\/div><\/div><\/div><div class=\"vc_section vc_custom_1652780947417 wpex-vc-full-width-section wpex-vc-full-width-section--centered wpex-relative wpex-vc_section-has-fill wpex-vc-reset-negative-margin\"><div class=\"vc_row wpb_row vc_row-fluid vc_custom_1664437319481 wpex-relative no-bottom-margins\"><div class=\"wpb_column vc_column_container vc_col-sm-12\"><div class=\"vc_column-inner\"><div class=\"wpb_wrapper\">\n\t<div class=\"wpb_text_column wpb_content_element\" >\n\t\t<div class=\"wpb_wrapper\">\n\t\t\t<h3 style=\"text-align: center;\">Contactez-nous<\/h3>\n\n\t\t<\/div>\n\t<\/div>\n\n\t<div class=\"wpb_text_column wpb_content_element\" >\n\t\t<div class=\"wpb_wrapper\">\n\t\t\t<p style=\"text-align: center;\">Les champs avec * sont obligatoires<\/p>\n\n\t\t<\/div>\n\t<\/div>\n<\/div><\/div><\/div><\/div><div class=\"vc_row wpb_row vc_row-fluid wpex-relative no-bottom-margins\"><div class=\"wpb_column vc_column_container vc_col-sm-3\"><div class=\"vc_column-inner\"><div class=\"wpb_wrapper\"><\/div><\/div><\/div><div class=\"wpb_column vc_column_container vc_col-sm-6 wpex-vc_col-has-fill\"><div class=\"vc_column-inner vc_custom_1664437382995\"><div class=\"wpb_wrapper\">\n<div class=\"wpcf7 no-js\" id=\"wpcf7-f3499-o1\" lang=\"fr-FR\" dir=\"ltr\" data-wpcf7-id=\"3499\">\n<div class=\"screen-reader-response\"><p role=\"status\" aria-live=\"polite\" aria-atomic=\"true\"><\/p> <ul><\/ul><\/div>\n<form action=\"\/fr\/wp-json\/wp\/v2\/pages\/2694#wpcf7-f3499-o1\" method=\"post\" class=\"wpcf7-form init\" aria-label=\"Formulaire de contact\" novalidate=\"novalidate\" data-status=\"init\">\n<fieldset class=\"hidden-fields-container\"><input type=\"hidden\" name=\"_wpcf7\" value=\"3499\" \/><input type=\"hidden\" name=\"_wpcf7_version\" value=\"6.1.4\" \/><input type=\"hidden\" name=\"_wpcf7_locale\" value=\"fr_FR\" \/><input type=\"hidden\" name=\"_wpcf7_unit_tag\" value=\"wpcf7-f3499-o1\" \/><input type=\"hidden\" name=\"_wpcf7_container_post\" value=\"0\" \/><input type=\"hidden\" name=\"_wpcf7_posted_data_hash\" value=\"\" \/><input type=\"hidden\" name=\"_wpcf7_recaptcha_response\" value=\"\" \/>\n<\/fieldset>\n<p><span class=\"wpcf7-form-control-wrap\" data-name=\"motiu\"><select class=\"wpcf7-form-control wpcf7-select wpcf7-validates-as-required\" aria-required=\"true\" aria-invalid=\"false\" name=\"motiu\"><option value=\"S\u00e9lectionnez la raison\">S\u00e9lectionnez la raison<\/option><option value=\"Demander des informations\">Demander des informations<\/option><option value=\"Demander une consultation ou appeler\">Demander une consultation ou appeler<\/option><option value=\"Autres\">Autres<\/option><\/select><\/span>\n<\/p>\n<p><span class=\"wpcf7-form-control-wrap\" data-name=\"your-name\"><input size=\"40\" maxlength=\"400\" class=\"wpcf7-form-control wpcf7-text wpcf7-validates-as-required\" aria-required=\"true\" aria-invalid=\"false\" placeholder=\"Nom et pr\u00e9nom*\" value=\"\" type=\"text\" name=\"your-name\" \/><\/span>\n<\/p>\n<p><span class=\"wpcf7-form-control-wrap\" data-name=\"your-email\"><input size=\"40\" maxlength=\"400\" class=\"wpcf7-form-control wpcf7-email wpcf7-validates-as-required wpcf7-text wpcf7-validates-as-email\" aria-required=\"true\" aria-invalid=\"false\" placeholder=\"Email*\" value=\"\" type=\"email\" name=\"your-email\" \/><\/span>\n<\/p>\n<p><span class=\"wpcf7-form-control-wrap\" data-name=\"your-phone\"><input size=\"40\" maxlength=\"400\" class=\"wpcf7-form-control wpcf7-text wpcf7-validates-as-required\" aria-required=\"true\" aria-invalid=\"false\" placeholder=\"T\u00e9l\u00e9phone*\" value=\"\" type=\"text\" name=\"your-phone\" \/><\/span>\n<\/p>\n<p><span class=\"wpcf7-form-control-wrap\" data-name=\"your-message\"><textarea cols=\"40\" rows=\"10\" maxlength=\"2000\" class=\"wpcf7-form-control wpcf7-textarea\" aria-invalid=\"false\" placeholder=\"Message*\" name=\"your-message\"><\/textarea><\/span>\n<\/p>\n<p><span class=\"wpcf7-form-control-wrap\" data-name=\"acceptance-697\"><span class=\"wpcf7-form-control wpcf7-acceptance\"><span class=\"wpcf7-list-item\"><input type=\"checkbox\" name=\"acceptance-697\" value=\"1\" aria-invalid=\"false\" \/><\/span><\/span><\/span> J'accepte <a href=\"\/avisos-legales\/\">les mentions l\u00e9gales<\/a> et la <a href=\"\/politica-de-privacidad\/\">Politique de confidentialit\u00e9<\/a>\n<\/p>\n<p><input class=\"wpcf7-form-control wpcf7-submit has-spinner\" type=\"submit\" value=\"Envoyer\" \/>\n<\/p><p style=\"display: none !important;\" class=\"akismet-fields-container\" data-prefix=\"_wpcf7_ak_\"><label>&#916;<textarea name=\"_wpcf7_ak_hp_textarea\" cols=\"45\" rows=\"8\" maxlength=\"100\"><\/textarea><\/label><input type=\"hidden\" id=\"ak_js_1\" name=\"_wpcf7_ak_js\" value=\"224\"\/><script>document.getElementById( \"ak_js_1\" ).setAttribute( \"value\", ( new Date() ).getTime() );<\/script><\/p><div class=\"wpcf7-response-output\" aria-hidden=\"true\"><\/div>\n<\/form>\n<\/div>\n<\/div><\/div><\/div><div class=\"wpb_column vc_column_container vc_col-sm-3\"><div class=\"vc_column-inner\"><div class=\"wpb_wrapper\"><\/div><\/div><\/div><\/div><\/div>\n<\/div>","protected":false},"excerpt":{"rendered":"Sp\u00e9cialit\u00e9s Conscientes Biohabitabilit\u00e9 Pour nous assurer que nous vivons dans une maison saine, une seule visite \u00e0 la propri\u00e9t\u00e9 est n\u00e9cessaire afin d'effectuer un relev\u00e9 exhaustif des principaux agents environnementaux pr\u00e9sents dans l'espace.\u00a0Dans cette prospection, des facteurs provenant d'agents physiques, tels que le champ \u00e9lectromagn\u00e9tique ou la pr\u00e9sence d'alt\u00e9rations dans le sous-sol, sont analys\u00e9s, ainsi&hellip;","protected":false},"author":1,"featured_media":0,"parent":0,"menu_order":0,"comment_status":"closed","ping_status":"closed","template":"","meta":{"footnotes":""},"class_list":["post-2694","page","type-page","status-publish","hentry","entry","no-media"],"yoast_head":"<!-- This site is optimized with the Yoast SEO plugin v26.9 - https:\/\/yoast.com\/product\/yoast-seo-wordpress\/ -->\n<title>Biohabitabilitat - La Cl\u00ednica Verda<\/title>\n<meta name=\"robots\" content=\"noindex, follow, max-snippet:-1, max-image-preview:large, max-video-preview:-1\" \/>\n<meta property=\"og:locale\" content=\"fr_FR\" \/>\n<meta property=\"og:type\" content=\"article\" \/>\n<meta property=\"og:title\" content=\"Biohabitabilitat - La Cl\u00ednica Verda\" \/>\n<meta property=\"og:url\" content=\"https:\/\/clinicaverda.cetrexmarketing.com\/fr\/biohabitabilitat\/\" \/>\n<meta property=\"og:site_name\" content=\"La Cl\u00ednica Verda\" \/>\n<meta property=\"article:modified_time\" content=\"2023-04-12T15:41:56+00:00\" \/>\n<meta name=\"twitter:card\" content=\"summary_large_image\" \/>\n<meta name=\"twitter:label1\" content=\"Dur\u00e9e de lecture estim\u00e9e\" \/>\n\t<meta name=\"twitter:data1\" content=\"4 minutes\" \/>\n<script type=\"application\/ld+json\" class=\"yoast-schema-graph\">{\"@context\":\"https:\/\/schema.org\",\"@graph\":[{\"@type\":\"WebPage\",\"@id\":\"https:\/\/clinicaverda.cetrexmarketing.com\/fr\/biohabitabilitat\/\",\"url\":\"https:\/\/clinicaverda.cetrexmarketing.com\/fr\/biohabitabilitat\/\",\"name\":\"Biohabitabilitat - La Cl\u00ednica Verda\",\"isPartOf\":{\"@id\":\"https:\/\/clinicaverda.cetrexmarketing.com\/#website\"},\"datePublished\":\"2022-08-10T09:08:28+00:00\",\"dateModified\":\"2023-04-12T15:41:56+00:00\",\"breadcrumb\":{\"@id\":\"https:\/\/clinicaverda.cetrexmarketing.com\/fr\/biohabitabilitat\/#breadcrumb\"},\"inLanguage\":\"fr-FR\",\"potentialAction\":[{\"@type\":\"ReadAction\",\"target\":[\"https:\/\/clinicaverda.cetrexmarketing.com\/fr\/biohabitabilitat\/\"]}]},{\"@type\":\"BreadcrumbList\",\"@id\":\"https:\/\/clinicaverda.cetrexmarketing.com\/fr\/biohabitabilitat\/#breadcrumb\",\"itemListElement\":[{\"@type\":\"ListItem\",\"position\":1,\"name\":\"Home\",\"item\":\"https:\/\/clinicaverda.cetrexmarketing.com\/fr\/\"},{\"@type\":\"ListItem\",\"position\":2,\"name\":\"Biohabitabilitat\"}]},{\"@type\":\"WebSite\",\"@id\":\"https:\/\/clinicaverda.cetrexmarketing.com\/#website\",\"url\":\"https:\/\/clinicaverda.cetrexmarketing.com\/\",\"name\":\"La Cl\u00ednica Verda\",\"description\":\"Cetrex new project\",\"publisher\":{\"@id\":\"https:\/\/clinicaverda.cetrexmarketing.com\/#organization\"},\"potentialAction\":[{\"@type\":\"SearchAction\",\"target\":{\"@type\":\"EntryPoint\",\"urlTemplate\":\"https:\/\/clinicaverda.cetrexmarketing.com\/?s={search_term_string}\"},\"query-input\":{\"@type\":\"PropertyValueSpecification\",\"valueRequired\":true,\"valueName\":\"search_term_string\"}}],\"inLanguage\":\"fr-FR\"},{\"@type\":\"Organization\",\"@id\":\"https:\/\/clinicaverda.cetrexmarketing.com\/#organization\",\"name\":\"La Cl\u00ednica Verda\",\"url\":\"https:\/\/clinicaverda.cetrexmarketing.com\/\",\"logo\":{\"@type\":\"ImageObject\",\"inLanguage\":\"fr-FR\",\"@id\":\"https:\/\/clinicaverda.cetrexmarketing.com\/#\/schema\/logo\/image\/\",\"url\":\"https:\/\/clinicaverda.cetrexmarketing.com\/wp-content\/uploads\/2022\/05\/logo-la-clinica-verda.png\",\"contentUrl\":\"https:\/\/clinicaverda.cetrexmarketing.com\/wp-content\/uploads\/2022\/05\/logo-la-clinica-verda.png\",\"width\":900,\"height\":256,\"caption\":\"La Cl\u00ednica Verda\"},\"image\":{\"@id\":\"https:\/\/clinicaverda.cetrexmarketing.com\/#\/schema\/logo\/image\/\"}}]}<\/script>\n<!-- \/ Yoast SEO plugin. -->","yoast_head_json":{"title":"Biohabitabilitat - La Cl\u00ednica Verda","robots":{"index":"noindex","follow":"follow","max-snippet":"max-snippet:-1","max-image-preview":"max-image-preview:large","max-video-preview":"max-video-preview:-1"},"og_locale":"fr_FR","og_type":"article","og_title":"Biohabitabilitat - La Cl\u00ednica Verda","og_url":"https:\/\/clinicaverda.cetrexmarketing.com\/fr\/biohabitabilitat\/","og_site_name":"La Cl\u00ednica Verda","article_modified_time":"2023-04-12T15:41:56+00:00","twitter_card":"summary_large_image","twitter_misc":{"Dur\u00e9e de lecture estim\u00e9e":"4 minutes"},"schema":{"@context":"https:\/\/schema.org","@graph":[{"@type":"WebPage","@id":"https:\/\/clinicaverda.cetrexmarketing.com\/fr\/biohabitabilitat\/","url":"https:\/\/clinicaverda.cetrexmarketing.com\/fr\/biohabitabilitat\/","name":"Biohabitabilitat - La Cl\u00ednica Verda","isPartOf":{"@id":"https:\/\/clinicaverda.cetrexmarketing.com\/#website"},"datePublished":"2022-08-10T09:08:28+00:00","dateModified":"2023-04-12T15:41:56+00:00","breadcrumb":{"@id":"https:\/\/clinicaverda.cetrexmarketing.com\/fr\/biohabitabilitat\/#breadcrumb"},"inLanguage":"fr-FR","potentialAction":[{"@type":"ReadAction","target":["https:\/\/clinicaverda.cetrexmarketing.com\/fr\/biohabitabilitat\/"]}]},{"@type":"BreadcrumbList","@id":"https:\/\/clinicaverda.cetrexmarketing.com\/fr\/biohabitabilitat\/#breadcrumb","itemListElement":[{"@type":"ListItem","position":1,"name":"Home","item":"https:\/\/clinicaverda.cetrexmarketing.com\/fr\/"},{"@type":"ListItem","position":2,"name":"Biohabitabilitat"}]},{"@type":"WebSite","@id":"https:\/\/clinicaverda.cetrexmarketing.com\/#website","url":"https:\/\/clinicaverda.cetrexmarketing.com\/","name":"La Cl\u00ednica Verda","description":"Cetrex new project","publisher":{"@id":"https:\/\/clinicaverda.cetrexmarketing.com\/#organization"},"potentialAction":[{"@type":"SearchAction","target":{"@type":"EntryPoint","urlTemplate":"https:\/\/clinicaverda.cetrexmarketing.com\/?s={search_term_string}"},"query-input":{"@type":"PropertyValueSpecification","valueRequired":true,"valueName":"search_term_string"}}],"inLanguage":"fr-FR"},{"@type":"Organization","@id":"https:\/\/clinicaverda.cetrexmarketing.com\/#organization","name":"La Cl\u00ednica Verda","url":"https:\/\/clinicaverda.cetrexmarketing.com\/","logo":{"@type":"ImageObject","inLanguage":"fr-FR","@id":"https:\/\/clinicaverda.cetrexmarketing.com\/#\/schema\/logo\/image\/","url":"https:\/\/clinicaverda.cetrexmarketing.com\/wp-content\/uploads\/2022\/05\/logo-la-clinica-verda.png","contentUrl":"https:\/\/clinicaverda.cetrexmarketing.com\/wp-content\/uploads\/2022\/05\/logo-la-clinica-verda.png","width":900,"height":256,"caption":"La Cl\u00ednica Verda"},"image":{"@id":"https:\/\/clinicaverda.cetrexmarketing.com\/#\/schema\/logo\/image\/"}}]}},"_links":{"self":[{"href":"https:\/\/clinicaverda.cetrexmarketing.com\/fr\/wp-json\/wp\/v2\/pages\/2694","targetHints":{"allow":["GET"]}}],"collection":[{"href":"https:\/\/clinicaverda.cetrexmarketing.com\/fr\/wp-json\/wp\/v2\/pages"}],"about":[{"href":"https:\/\/clinicaverda.cetrexmarketing.com\/fr\/wp-json\/wp\/v2\/types\/page"}],"author":[{"embeddable":true,"href":"https:\/\/clinicaverda.cetrexmarketing.com\/fr\/wp-json\/wp\/v2\/users\/1"}],"replies":[{"embeddable":true,"href":"https:\/\/clinicaverda.cetrexmarketing.com\/fr\/wp-json\/wp\/v2\/comments?post=2694"}],"version-history":[{"count":5,"href":"https:\/\/clinicaverda.cetrexmarketing.com\/fr\/wp-json\/wp\/v2\/pages\/2694\/revisions"}],"predecessor-version":[{"id":3782,"href":"https:\/\/clinicaverda.cetrexmarketing.com\/fr\/wp-json\/wp\/v2\/pages\/2694\/revisions\/3782"}],"wp:attachment":[{"href":"https:\/\/clinicaverda.cetrexmarketing.com\/fr\/wp-json\/wp\/v2\/media?parent=2694"}],"curies":[{"name":"wp","href":"https:\/\/api.w.org\/{rel}","templated":true}]}}