{"id":1764,"date":"2022-08-10T09:12:27","date_gmt":"2022-08-10T09:12:27","guid":{"rendered":"https:\/\/clinicaverda.cetrexmarketing.com\/?page_id=1764"},"modified":"2023-03-30T08:33:51","modified_gmt":"2023-03-30T08:33:51","slug":"respiracion","status":"publish","type":"page","link":"https:\/\/clinicaverda.cetrexmarketing.com\/es\/respiracion\/","title":{"rendered":"Respiraci\u00f3n"},"content":{"rendered":"<div class=\"wpb-content-wrapper\"><div class=\"vc_section vc_custom_1676463195903 wpex-vc-full-width-section wpex-vc-full-width-section--centered wpex-relative wpex-vc_section-has-fill wpex-vc-reset-negative-margin\" style=\"background-position:center center!important;\"><div class=\"vc_row wpb_row vc_row-fluid wpex-relative no-bottom-margins\"><div class=\"wpb_column vc_column_container vc_col-sm-6\"><div class=\"vc_column-inner\"><div class=\"wpb_wrapper\"><div class=\"vcex-spacing wpex-w-100 wpex-clear\" style=\"height:100px;\"><\/div><\/div><\/div><\/div><div class=\"wpb_column vc_column_container vc_col-sm-6\"><div class=\"vc_column-inner\"><div class=\"wpb_wrapper\">\n\t<div  class=\"wpb_single_image wpb_content_element vc_align_ wpb_content_element  imagenabsoluta\">\n\t\t\n\t\t<figure class=\"wpb_wrapper vc_figure\">\n\t\t\t<div class=\"vc_single_image-wrapper   vc_box_border_grey\"><img width=\"350\" height=\"400\" src=\"https:\/\/clinicaverda.cetrexmarketing.com\/wp-content\/uploads\/2022\/05\/imatge-logo-clinica-verda-1.png\" class=\"vc_single_image-img attachment-full\" alt=\"\" title=\"imatge-logo-clinica-verda-1\" srcset=\"https:\/\/clinicaverda.cetrexmarketing.com\/wp-content\/uploads\/2022\/05\/imatge-logo-clinica-verda-1.png 350w, https:\/\/clinicaverda.cetrexmarketing.com\/wp-content\/uploads\/2022\/05\/imatge-logo-clinica-verda-1-263x300.png 263w\" sizes=\"(max-width: 350px) 100vw, 350px\" \/><\/div>\n\t\t<\/figure>\n\t<\/div>\n<\/div><\/div><\/div><\/div><\/div><div class=\"vc_section vc_custom_1652780065097 wpex-vc-full-width-section wpex-vc-full-width-section--centered wpex-relative wpex-vc_section-has-fill wpex-vc-reset-negative-margin\"><div class=\"vc_row wpb_row vc_row-fluid wpex-relative no-bottom-margins\"><div class=\"wpb_column vc_column_container vc_col-sm-12\"><div class=\"vc_column-inner\"><div class=\"wpb_wrapper\">\n\t<div style=\"color:#005e63;font-size:20px;\" class=\"wpb_text_column has-custom-color wpex-child-inherit-color wpb_content_element\" >\n\t\t<div class=\"wpb_wrapper\">\n\t\t\t<p>Especialidades conscientes<\/p>\n\n\t\t<\/div>\n\t<\/div>\n<div class=\"vcex-spacing wpex-w-100 wpex-clear\" style=\"height:10px;\"><\/div>\n\t<div style=\"color:#ffffff;\" class=\"wpb_text_column has-custom-color wpex-child-inherit-color wpb_content_element\" >\n\t\t<div class=\"wpb_wrapper\">\n\t\t\t<h1><strong>Respiraci\u00f3n<\/strong><\/h1>\n\n\t\t<\/div>\n\t<\/div>\n<\/div><\/div><\/div><\/div><\/div><div class=\"vc_row wpb_row vc_row-fluid vc_custom_1660122416802 vc_column-gap-30 wpex-relative\"><div class=\"wpb_column vc_column_container vc_col-sm-6\"><div class=\"vc_column-inner\"><div class=\"wpb_wrapper\">\n\t<div class=\"wpb_text_column wpb_content_element\" >\n\t\t<div class=\"wpb_wrapper\">\n\t\t\t<p><span style=\"font-weight: 400;\">La respiraci\u00f3n desempe\u00f1a un papel fundamental para el mantenimiento de nuestro bienestar y estado de salud \u00f3ptimo.<\/span><\/p>\n<p><span style=\"font-weight: 400;\">Seguramente ya ha o\u00eddo hablar muchas veces de esto, pero, \u00bfconoce los detalles? \u00bfPor qu\u00e9 es tan importante? \u00bfC\u00f3mo debe ser esta respiraci\u00f3n para jugar a nuestro favor y no en contra?<\/span><\/p>\n<p><span style=\"font-weight: 400;\">Pues la respiraci\u00f3n fisiol\u00f3gica es la respiraci\u00f3n nasal, existen numerosos estudios que lo confirman y tambi\u00e9n la experiencia de muchos individuos que han respirado toda su vida por la boca y experimentan el bienestar que ganan cuando aprenden a respirar por la nariz d\u00eda y noche.<\/span><\/p>\n<p><span style=\"font-weight: 400;\">Aparte de por d\u00f3nde respirar, \u00bfes muy importante el c\u00f3mo? \u00bfCon qu\u00e9 frecuencia respiramos? Pues por lo general, gran parte del d\u00eda estamos en un estado de activaci\u00f3n excesivo y esto se traduce en un ritmo respiratorio acelerado. A trav\u00e9s de ejercicios de respiraci\u00f3n concretos podemos aprender a bajar el ritmo respiratorio para as\u00ed tambi\u00e9n bajar el flujo de pensamientos que nos atraviesan la mente y estar m\u00e1s tranquilos y \u00abcentrados\u00bb o \u00abconcentrados\u00bb en nuestro d\u00eda a d\u00eda, evitando un desgaste de energ\u00eda innecesario y cuidando nuestro sistema nervioso.<\/span><\/p>\n<p><span style=\"font-weight: 400;\">En la Cl\u00ednica Verda hemos puesto a su servicio un programa de acompa\u00f1amiento para rehabilitar los h\u00e1bitos respiratorios porque, a trav\u00e9s de los tratamientos de dentosof\u00eda, nos hemos dado cuenta del gran n\u00famero de ni\u00f1os y adultos que respiran de manera habitual por la boca y dif\u00edcil que es cambiar ese h\u00e1bito.<\/span><\/p>\n<p><span style=\"font-weight: 400;\">Tambi\u00e9n nos hemos dado cuenta del gran n\u00famero de individuos que viven en un estado de estr\u00e9s cr\u00f3nico que les lleva a tensionar la musculatura de la cara y la boca, produciendo bruxismo, migra\u00f1as, dolores de espalda y cervicales, etc. y de c\u00f3mo la respiraci\u00f3n puede ayudar a mejorar todos estos s\u00edntomas.<\/span><\/p>\n<p><span style=\"font-weight: 400;\">La respiraci\u00f3n es un acto completamente autom\u00e1tico e inconsciente, ya que se realiza toda la vida y durante las 24 horas del d\u00eda. Nuestro sistema nervioso vegetativo se asegura que nunca paremos de respirar porque sabe muy bien que de eso depende la vida. Por eso, pase lo que pase, respiramos. \u00bfPero c\u00f3mo?<\/span><\/p>\n<p><span style=\"font-weight: 400;\">Una vez que nuestro subconsciente tiene el h\u00e1bito de respirar de una determinada manera, hay que poner conciencia y trabajar de manera regular para conseguir \u201cgrabar\u201d esta nueva manera de respirar que nos interesa, para mejorar nuestro bienestar f\u00edsico y emocional, y que esta se vuelva igualmente \u201cautom\u00e1tico\u201d de forma definitiva.<\/span><\/p>\n\n\t\t<\/div>\n\t<\/div>\n<\/div><\/div><\/div><div class=\"wpb_column vc_column_container vc_col-sm-6\"><div class=\"vc_column-inner\"><div class=\"wpb_wrapper\">\n\t<div class=\"wpb_text_column wpb_content_element\" >\n\t\t<div class=\"wpb_wrapper\">\n\t\t\t<p><span style=\"font-weight: 400;\">Para ello, hemos dise\u00f1ado un programa de acompa\u00f1amiento en el que se realizan unas sesiones individuales para poder personalizar el tratamiento, dar las herramientas necesarias y practicar conjuntamente varios ejercicios de respiraci\u00f3n. Adem\u00e1s, entre una y otra sesi\u00f3n le enviamos ejercicios grabados en audio para que los pod\u00e1is practicar a diario, desde casa, pero acompa\u00f1ados por nuestra voz.<\/span><\/p>\n<p><span style=\"font-weight: 400;\">A trav\u00e9s de este recorrido progresivo podr\u00e1 ir practicando y aprendiendo diferentes tipos de respiraci\u00f3n que, aparte de ayudarle a reeducar el h\u00e1bito de respiraci\u00f3n nasal, le pueden ayudar a tener herramientas para relajar o activar el sistema nervioso seg\u00fan le convenga en cada situaci\u00f3n, a prepararse para meditar, a aumentar la concentraci\u00f3n y la memoria, a dormir mejor las noches, etc.<\/span><\/p>\n<p><span style=\"font-weight: 400;\">Este programa de entrada fue dise\u00f1ado para acompa\u00f1ar a las personas que llevan un activador plurifuncional y necesitan reeducar la respiraci\u00f3n para evitar que los dientes se vuelvan a colocar mal una vez terminado el tratamiento. Sin embargo, finalmente lo hemos abierto a todo el que pueda estar interesado en realizar un trabajo respiratorio, ya que tambi\u00e9n puede ser de gran ayuda para gestionar el estr\u00e9s, las tensiones a nivel mandibular, el bruxismo y los problemas de concentraci\u00f3n, entre otros.<\/span><\/p>\n<p><span style=\"font-weight: 400;\">Dentro, podr\u00e1 encontrar una combinaci\u00f3n de t\u00e9cnicas y ejercicios provenientes de t\u00e9cnicas de Pranayama, del m\u00e9todo Butheyko y tambi\u00e9n de otros m\u00e9todos de autoconciencia corporal, para as\u00ed dar un trabajo completo y que abarque las necesidades cambiantes de la sociedad en la que vivimos.<\/span><\/p>\n\n\t\t<\/div>\n\t<\/div>\n<div class=\"vcex-spacing wpex-w-100 wpex-clear\" style=\"height:10px;\"><\/div>\n\t<div  class=\"wpb_single_image wpb_content_element vc_align_ wpb_content_element\">\n\t\t\n\t\t<figure class=\"wpb_wrapper vc_figure\">\n\t\t\t<div class=\"vc_single_image-wrapper   vc_box_border_grey\"><img width=\"2560\" height=\"1707\" src=\"https:\/\/clinicaverda.cetrexmarketing.com\/wp-content\/uploads\/2023\/02\/MG_3369-scaled.jpg\" class=\"vc_single_image-img attachment-full\" alt=\"\" title=\"_MG_3369\" srcset=\"https:\/\/clinicaverda.cetrexmarketing.com\/wp-content\/uploads\/2023\/02\/MG_3369-scaled.jpg 2560w, https:\/\/clinicaverda.cetrexmarketing.com\/wp-content\/uploads\/2023\/02\/MG_3369-300x200.jpg 300w, https:\/\/clinicaverda.cetrexmarketing.com\/wp-content\/uploads\/2023\/02\/MG_3369-1024x683.jpg 1024w, https:\/\/clinicaverda.cetrexmarketing.com\/wp-content\/uploads\/2023\/02\/MG_3369-768x512.jpg 768w, https:\/\/clinicaverda.cetrexmarketing.com\/wp-content\/uploads\/2023\/02\/MG_3369-391x260.jpg 391w, https:\/\/clinicaverda.cetrexmarketing.com\/wp-content\/uploads\/2023\/02\/MG_3369-1536x1024.jpg 1536w, https:\/\/clinicaverda.cetrexmarketing.com\/wp-content\/uploads\/2023\/02\/MG_3369-2048x1365.jpg 2048w\" sizes=\"(max-width: 2560px) 100vw, 2560px\" \/><\/div>\n\t\t<\/figure>\n\t<\/div>\n<\/div><\/div><\/div><\/div><div class=\"vc_section vc_custom_1652780947417 wpex-vc-full-width-section wpex-vc-full-width-section--centered wpex-relative wpex-vc_section-has-fill wpex-vc-reset-negative-margin\"><div class=\"vc_row wpb_row vc_row-fluid vc_custom_1664437319481 wpex-relative no-bottom-margins\"><div class=\"wpb_column vc_column_container vc_col-sm-12\"><div class=\"vc_column-inner\"><div class=\"wpb_wrapper\">\n\t<div class=\"wpb_text_column wpb_content_element\" >\n\t\t<div class=\"wpb_wrapper\">\n\t\t\t<h3 style=\"text-align: center;\">Contacta con nosotros<\/h3>\n\n\t\t<\/div>\n\t<\/div>\n\n\t<div class=\"wpb_text_column wpb_content_element\" >\n\t\t<div class=\"wpb_wrapper\">\n\t\t\t<p style=\"text-align: center;\">Los campos con * son obligatorios<\/p>\n\n\t\t<\/div>\n\t<\/div>\n<\/div><\/div><\/div><\/div><div class=\"vc_row wpb_row vc_row-fluid wpex-relative no-bottom-margins\"><div class=\"wpb_column vc_column_container vc_col-sm-3\"><div class=\"vc_column-inner\"><div class=\"wpb_wrapper\"><\/div><\/div><\/div><div class=\"wpb_column vc_column_container vc_col-sm-6 wpex-vc_col-has-fill\"><div class=\"vc_column-inner vc_custom_1664437382995\"><div class=\"wpb_wrapper\">\n<div class=\"wpcf7 no-js\" id=\"wpcf7-f2452-o1\" lang=\"es-ES\" dir=\"ltr\" data-wpcf7-id=\"2452\">\n<div class=\"screen-reader-response\"><p role=\"status\" aria-live=\"polite\" aria-atomic=\"true\"><\/p> <ul><\/ul><\/div>\n<form action=\"\/es\/wp-json\/wp\/v2\/pages\/1764#wpcf7-f2452-o1\" method=\"post\" class=\"wpcf7-form init\" aria-label=\"Formulario de contacto\" novalidate=\"novalidate\" data-status=\"init\">\n<fieldset class=\"hidden-fields-container\"><input type=\"hidden\" name=\"_wpcf7\" value=\"2452\" \/><input type=\"hidden\" name=\"_wpcf7_version\" value=\"6.1.4\" \/><input type=\"hidden\" name=\"_wpcf7_locale\" value=\"es_ES\" \/><input type=\"hidden\" name=\"_wpcf7_unit_tag\" value=\"wpcf7-f2452-o1\" \/><input type=\"hidden\" name=\"_wpcf7_container_post\" value=\"0\" \/><input type=\"hidden\" name=\"_wpcf7_posted_data_hash\" value=\"\" \/><input type=\"hidden\" name=\"_wpcf7_recaptcha_response\" value=\"\" \/>\n<\/fieldset>\n<p><span class=\"wpcf7-form-control-wrap\" data-name=\"motiu\"><select class=\"wpcf7-form-control wpcf7-select wpcf7-validates-as-required\" aria-required=\"true\" aria-invalid=\"false\" name=\"motiu\"><option value=\"Selecciona el motivo\">Selecciona el motivo<\/option><option value=\"Pedir informaci\u00f3n\">Pedir informaci\u00f3n<\/option><option value=\"Pedir consulta o llamada\">Pedir consulta o llamada<\/option><option value=\"Contar mi caso\">Contar mi caso<\/option><option value=\"Inscripci\u00f3n a formaci\u00f3n\">Inscripci\u00f3n a formaci\u00f3n<\/option><option value=\"otros\">otros<\/option><\/select><\/span>\n<\/p>\n<p><span class=\"wpcf7-form-control-wrap\" data-name=\"your-name\"><input size=\"40\" maxlength=\"400\" class=\"wpcf7-form-control wpcf7-text wpcf7-validates-as-required\" aria-required=\"true\" aria-invalid=\"false\" placeholder=\"Nombre y apellidos*\" value=\"\" type=\"text\" name=\"your-name\" \/><\/span>\n<\/p>\n<p><span class=\"wpcf7-form-control-wrap\" data-name=\"your-email\"><input size=\"40\" maxlength=\"400\" class=\"wpcf7-form-control wpcf7-email wpcf7-validates-as-required wpcf7-text wpcf7-validates-as-email\" aria-required=\"true\" aria-invalid=\"false\" placeholder=\"Email*\" value=\"\" type=\"email\" name=\"your-email\" \/><\/span>\n<\/p>\n<p><span class=\"wpcf7-form-control-wrap\" data-name=\"your-phone\"><input size=\"40\" maxlength=\"400\" class=\"wpcf7-form-control wpcf7-text wpcf7-validates-as-required\" aria-required=\"true\" aria-invalid=\"false\" placeholder=\"Tel\u00e9fono*\" value=\"\" type=\"text\" name=\"your-phone\" \/><\/span>\n<\/p>\n<p><span class=\"wpcf7-form-control-wrap\" data-name=\"your-message\"><textarea cols=\"40\" rows=\"10\" maxlength=\"2000\" class=\"wpcf7-form-control wpcf7-textarea\" aria-invalid=\"false\" placeholder=\"Mensaje*\" name=\"your-message\"><\/textarea><\/span>\n<\/p>\n<p><span class=\"wpcf7-form-control-wrap\" data-name=\"acceptance-697\"><span class=\"wpcf7-form-control wpcf7-acceptance\"><span class=\"wpcf7-list-item\"><input type=\"checkbox\" name=\"acceptance-697\" value=\"1\" aria-invalid=\"false\" \/><\/span><\/span><\/span> Acepto el <a href=\"\/es\/avisos-legales\/\">Aviso legal<\/a> y la <a href=\"\/es\/politica-de-privacidad\/\">pol\u00edtica de privacidad<\/a>\n<\/p>\n<p><input class=\"wpcf7-form-control wpcf7-submit has-spinner\" type=\"submit\" value=\"Enviar\" \/>\n<\/p><p style=\"display: none !important;\" class=\"akismet-fields-container\" data-prefix=\"_wpcf7_ak_\"><label>&#916;<textarea name=\"_wpcf7_ak_hp_textarea\" cols=\"45\" rows=\"8\" maxlength=\"100\"><\/textarea><\/label><input type=\"hidden\" id=\"ak_js_1\" name=\"_wpcf7_ak_js\" value=\"183\"\/><script>document.getElementById( \"ak_js_1\" ).setAttribute( \"value\", ( new Date() ).getTime() );<\/script><\/p><div class=\"wpcf7-response-output\" aria-hidden=\"true\"><\/div>\n<\/form>\n<\/div>\n<\/div><\/div><\/div><div class=\"wpb_column vc_column_container vc_col-sm-3\"><div class=\"vc_column-inner\"><div class=\"wpb_wrapper\"><\/div><\/div><\/div><\/div><\/div>\n<\/div>","protected":false},"excerpt":{"rendered":"Especialidades conscientes Respiraci\u00f3n La respiraci\u00f3n desempe\u00f1a un papel fundamental para el mantenimiento de nuestro bienestar y estado de salud \u00f3ptimo. Seguramente ya ha o\u00eddo hablar muchas veces de esto, pero, \u00bfconoce los detalles? \u00bfPor qu\u00e9 es tan importante? \u00bfC\u00f3mo debe ser esta respiraci\u00f3n para jugar a nuestro favor y no en contra? Pues la respiraci\u00f3n&hellip;","protected":false},"author":1,"featured_media":0,"parent":0,"menu_order":0,"comment_status":"closed","ping_status":"closed","template":"","meta":{"footnotes":""},"class_list":["post-1764","page","type-page","status-publish","hentry","entry","no-media"],"yoast_head":"<!-- This site is optimized with the Yoast SEO plugin v26.9 - https:\/\/yoast.com\/product\/yoast-seo-wordpress\/ -->\n<title>Respiraci\u00f3n - La Cl\u00ednica Verda<\/title>\n<meta name=\"robots\" content=\"noindex, follow, max-snippet:-1, max-image-preview:large, max-video-preview:-1\" \/>\n<meta property=\"og:locale\" content=\"es_ES\" \/>\n<meta property=\"og:type\" content=\"article\" \/>\n<meta property=\"og:title\" content=\"Respiraci\u00f3n - La Cl\u00ednica Verda\" \/>\n<meta property=\"og:url\" content=\"https:\/\/clinicaverda.cetrexmarketing.com\/es\/respiracion\/\" \/>\n<meta property=\"og:site_name\" content=\"La Cl\u00ednica Verda\" \/>\n<meta property=\"article:modified_time\" content=\"2023-03-30T08:33:51+00:00\" \/>\n<meta name=\"twitter:card\" content=\"summary_large_image\" \/>\n<meta name=\"twitter:label1\" content=\"Tiempo de lectura\" \/>\n\t<meta name=\"twitter:data1\" content=\"4 minutos\" \/>\n<script type=\"application\/ld+json\" class=\"yoast-schema-graph\">{\"@context\":\"https:\/\/schema.org\",\"@graph\":[{\"@type\":\"WebPage\",\"@id\":\"https:\/\/clinicaverda.cetrexmarketing.com\/es\/respiracion\/\",\"url\":\"https:\/\/clinicaverda.cetrexmarketing.com\/es\/respiracion\/\",\"name\":\"Respiraci\u00f3n - La Cl\u00ednica Verda\",\"isPartOf\":{\"@id\":\"https:\/\/clinicaverda.cetrexmarketing.com\/#website\"},\"datePublished\":\"2022-08-10T09:12:27+00:00\",\"dateModified\":\"2023-03-30T08:33:51+00:00\",\"breadcrumb\":{\"@id\":\"https:\/\/clinicaverda.cetrexmarketing.com\/es\/respiracion\/#breadcrumb\"},\"inLanguage\":\"es\",\"potentialAction\":[{\"@type\":\"ReadAction\",\"target\":[\"https:\/\/clinicaverda.cetrexmarketing.com\/es\/respiracion\/\"]}]},{\"@type\":\"BreadcrumbList\",\"@id\":\"https:\/\/clinicaverda.cetrexmarketing.com\/es\/respiracion\/#breadcrumb\",\"itemListElement\":[{\"@type\":\"ListItem\",\"position\":1,\"name\":\"Home\",\"item\":\"https:\/\/clinicaverda.cetrexmarketing.com\/es\/\"},{\"@type\":\"ListItem\",\"position\":2,\"name\":\"Respiraci\u00f3n\"}]},{\"@type\":\"WebSite\",\"@id\":\"https:\/\/clinicaverda.cetrexmarketing.com\/#website\",\"url\":\"https:\/\/clinicaverda.cetrexmarketing.com\/\",\"name\":\"La Cl\u00ednica Verda\",\"description\":\"Cetrex new project\",\"publisher\":{\"@id\":\"https:\/\/clinicaverda.cetrexmarketing.com\/#organization\"},\"potentialAction\":[{\"@type\":\"SearchAction\",\"target\":{\"@type\":\"EntryPoint\",\"urlTemplate\":\"https:\/\/clinicaverda.cetrexmarketing.com\/?s={search_term_string}\"},\"query-input\":{\"@type\":\"PropertyValueSpecification\",\"valueRequired\":true,\"valueName\":\"search_term_string\"}}],\"inLanguage\":\"es\"},{\"@type\":\"Organization\",\"@id\":\"https:\/\/clinicaverda.cetrexmarketing.com\/#organization\",\"name\":\"La Cl\u00ednica Verda\",\"url\":\"https:\/\/clinicaverda.cetrexmarketing.com\/\",\"logo\":{\"@type\":\"ImageObject\",\"inLanguage\":\"es\",\"@id\":\"https:\/\/clinicaverda.cetrexmarketing.com\/#\/schema\/logo\/image\/\",\"url\":\"https:\/\/clinicaverda.cetrexmarketing.com\/wp-content\/uploads\/2022\/05\/logo-la-clinica-verda.png\",\"contentUrl\":\"https:\/\/clinicaverda.cetrexmarketing.com\/wp-content\/uploads\/2022\/05\/logo-la-clinica-verda.png\",\"width\":900,\"height\":256,\"caption\":\"La Cl\u00ednica Verda\"},\"image\":{\"@id\":\"https:\/\/clinicaverda.cetrexmarketing.com\/#\/schema\/logo\/image\/\"}}]}<\/script>\n<!-- \/ Yoast SEO plugin. -->","yoast_head_json":{"title":"Respiraci\u00f3n - La Cl\u00ednica Verda","robots":{"index":"noindex","follow":"follow","max-snippet":"max-snippet:-1","max-image-preview":"max-image-preview:large","max-video-preview":"max-video-preview:-1"},"og_locale":"es_ES","og_type":"article","og_title":"Respiraci\u00f3n - La Cl\u00ednica Verda","og_url":"https:\/\/clinicaverda.cetrexmarketing.com\/es\/respiracion\/","og_site_name":"La Cl\u00ednica Verda","article_modified_time":"2023-03-30T08:33:51+00:00","twitter_card":"summary_large_image","twitter_misc":{"Tiempo de lectura":"4 minutos"},"schema":{"@context":"https:\/\/schema.org","@graph":[{"@type":"WebPage","@id":"https:\/\/clinicaverda.cetrexmarketing.com\/es\/respiracion\/","url":"https:\/\/clinicaverda.cetrexmarketing.com\/es\/respiracion\/","name":"Respiraci\u00f3n - La Cl\u00ednica Verda","isPartOf":{"@id":"https:\/\/clinicaverda.cetrexmarketing.com\/#website"},"datePublished":"2022-08-10T09:12:27+00:00","dateModified":"2023-03-30T08:33:51+00:00","breadcrumb":{"@id":"https:\/\/clinicaverda.cetrexmarketing.com\/es\/respiracion\/#breadcrumb"},"inLanguage":"es","potentialAction":[{"@type":"ReadAction","target":["https:\/\/clinicaverda.cetrexmarketing.com\/es\/respiracion\/"]}]},{"@type":"BreadcrumbList","@id":"https:\/\/clinicaverda.cetrexmarketing.com\/es\/respiracion\/#breadcrumb","itemListElement":[{"@type":"ListItem","position":1,"name":"Home","item":"https:\/\/clinicaverda.cetrexmarketing.com\/es\/"},{"@type":"ListItem","position":2,"name":"Respiraci\u00f3n"}]},{"@type":"WebSite","@id":"https:\/\/clinicaverda.cetrexmarketing.com\/#website","url":"https:\/\/clinicaverda.cetrexmarketing.com\/","name":"La Cl\u00ednica Verda","description":"Cetrex new project","publisher":{"@id":"https:\/\/clinicaverda.cetrexmarketing.com\/#organization"},"potentialAction":[{"@type":"SearchAction","target":{"@type":"EntryPoint","urlTemplate":"https:\/\/clinicaverda.cetrexmarketing.com\/?s={search_term_string}"},"query-input":{"@type":"PropertyValueSpecification","valueRequired":true,"valueName":"search_term_string"}}],"inLanguage":"es"},{"@type":"Organization","@id":"https:\/\/clinicaverda.cetrexmarketing.com\/#organization","name":"La Cl\u00ednica Verda","url":"https:\/\/clinicaverda.cetrexmarketing.com\/","logo":{"@type":"ImageObject","inLanguage":"es","@id":"https:\/\/clinicaverda.cetrexmarketing.com\/#\/schema\/logo\/image\/","url":"https:\/\/clinicaverda.cetrexmarketing.com\/wp-content\/uploads\/2022\/05\/logo-la-clinica-verda.png","contentUrl":"https:\/\/clinicaverda.cetrexmarketing.com\/wp-content\/uploads\/2022\/05\/logo-la-clinica-verda.png","width":900,"height":256,"caption":"La Cl\u00ednica Verda"},"image":{"@id":"https:\/\/clinicaverda.cetrexmarketing.com\/#\/schema\/logo\/image\/"}}]}},"_links":{"self":[{"href":"https:\/\/clinicaverda.cetrexmarketing.com\/es\/wp-json\/wp\/v2\/pages\/1764","targetHints":{"allow":["GET"]}}],"collection":[{"href":"https:\/\/clinicaverda.cetrexmarketing.com\/es\/wp-json\/wp\/v2\/pages"}],"about":[{"href":"https:\/\/clinicaverda.cetrexmarketing.com\/es\/wp-json\/wp\/v2\/types\/page"}],"author":[{"embeddable":true,"href":"https:\/\/clinicaverda.cetrexmarketing.com\/es\/wp-json\/wp\/v2\/users\/1"}],"replies":[{"embeddable":true,"href":"https:\/\/clinicaverda.cetrexmarketing.com\/es\/wp-json\/wp\/v2\/comments?post=1764"}],"version-history":[{"count":3,"href":"https:\/\/clinicaverda.cetrexmarketing.com\/es\/wp-json\/wp\/v2\/pages\/1764\/revisions"}],"predecessor-version":[{"id":2493,"href":"https:\/\/clinicaverda.cetrexmarketing.com\/es\/wp-json\/wp\/v2\/pages\/1764\/revisions\/2493"}],"wp:attachment":[{"href":"https:\/\/clinicaverda.cetrexmarketing.com\/es\/wp-json\/wp\/v2\/media?parent=1764"}],"curies":[{"name":"wp","href":"https:\/\/api.w.org\/{rel}","templated":true}]}}