{"id":1754,"date":"2022-08-10T09:39:50","date_gmt":"2022-08-10T09:39:50","guid":{"rendered":"https:\/\/clinicaverda.cetrexmarketing.com\/?page_id=1754"},"modified":"2023-03-30T08:39:01","modified_gmt":"2023-03-30T08:39:01","slug":"optometria-comportamental","status":"publish","type":"page","link":"https:\/\/clinicaverda.cetrexmarketing.com\/es\/optometria-comportamental\/","title":{"rendered":"Optometria Comportamental"},"content":{"rendered":"<div class=\"wpb-content-wrapper\"><div class=\"vc_section vc_custom_1669804506268 wpex-vc-full-width-section wpex-vc-full-width-section--centered wpex-relative wpex-vc_section-has-fill wpex-vc-reset-negative-margin\" style=\"background-position:center center!important;\"><div class=\"vc_row wpb_row vc_row-fluid wpex-relative no-bottom-margins\"><div class=\"wpb_column vc_column_container vc_col-sm-6\"><div class=\"vc_column-inner\"><div class=\"wpb_wrapper\"><div class=\"vcex-spacing wpex-w-100 wpex-clear\" style=\"height:100px;\"><\/div><\/div><\/div><\/div><div class=\"wpb_column vc_column_container vc_col-sm-6\"><div class=\"vc_column-inner\"><div class=\"wpb_wrapper\">\n\t<div  class=\"wpb_single_image wpb_content_element vc_align_ wpb_content_element  imagenabsoluta\">\n\t\t\n\t\t<figure class=\"wpb_wrapper vc_figure\">\n\t\t\t<div class=\"vc_single_image-wrapper   vc_box_border_grey\"><img width=\"350\" height=\"400\" src=\"https:\/\/clinicaverda.cetrexmarketing.com\/wp-content\/uploads\/2022\/05\/imatge-logo-clinica-verda-1.png\" class=\"vc_single_image-img attachment-full\" alt=\"\" title=\"imatge-logo-clinica-verda-1\" srcset=\"https:\/\/clinicaverda.cetrexmarketing.com\/wp-content\/uploads\/2022\/05\/imatge-logo-clinica-verda-1.png 350w, https:\/\/clinicaverda.cetrexmarketing.com\/wp-content\/uploads\/2022\/05\/imatge-logo-clinica-verda-1-263x300.png 263w\" sizes=\"(max-width: 350px) 100vw, 350px\" \/><\/div>\n\t\t<\/figure>\n\t<\/div>\n<\/div><\/div><\/div><\/div><\/div><div class=\"vc_section vc_custom_1652780065097 wpex-vc-full-width-section wpex-vc-full-width-section--centered wpex-relative wpex-vc_section-has-fill wpex-vc-reset-negative-margin\"><div class=\"vc_row wpb_row vc_row-fluid wpex-relative no-bottom-margins\"><div class=\"wpb_column vc_column_container vc_col-sm-12\"><div class=\"vc_column-inner\"><div class=\"wpb_wrapper\">\n\t<div style=\"color:#005e63;font-size:20px;\" class=\"wpb_text_column has-custom-color wpex-child-inherit-color wpb_content_element\" >\n\t\t<div class=\"wpb_wrapper\">\n\t\t\t<p>Especialidades conscientes<\/p>\n\n\t\t<\/div>\n\t<\/div>\n<div class=\"vcex-spacing wpex-w-100 wpex-clear\" style=\"height:10px;\"><\/div>\n\t<div style=\"color:#ffffff;\" class=\"wpb_text_column has-custom-color wpex-child-inherit-color wpb_content_element\" >\n\t\t<div class=\"wpb_wrapper\">\n\t\t\t<h1>Optometria Comportamental<\/h1>\n\n\t\t<\/div>\n\t<\/div>\n<\/div><\/div><\/div><\/div><\/div><div class=\"vc_row wpb_row vc_row-fluid vc_custom_1660122416802 vc_column-gap-30 wpex-relative\"><div class=\"wpb_column vc_column_container vc_col-sm-6\"><div class=\"vc_column-inner\"><div class=\"wpb_wrapper\">\n\t<div class=\"wpb_text_column wpb_content_element\" >\n\t\t<div class=\"wpb_wrapper\">\n\t\t\t<p>La Optometr\u00eda es la ciencia que estudia, trata y hace prevenci\u00f3n de los problemas visuales. La especialidad en Optometr\u00eda Comportamental trabaja con ayudas \u00f3pticas y Terapia Visual para conseguir optimizar el rendimiento visual y cognitivo en adultos y en el desarrollo infantil; en los \u00e1mbitos escolar, laboral y deportivo. Puesto que las habilidades visuales y perceptivas tienen una gran influencia sobre la estabilidad emocional y el \u00e9xito en amplios campos de la vida. As\u00ed, la visi\u00f3n est\u00e1 \u00edntimamente conectada a nivel oral, auditivo, vestibular, postural y propioceptivo. Damos servicio para el diagn\u00f3stico de alteraciones visuales en pacientes de Dentosof\u00eda o cualquier persona interesada. Se valora el rendimiento a nivel de la agudeza visual, de las capacidades de enfoque, de la visi\u00f3n binocular, de la visi\u00f3n perif\u00e9rica, la velocidad y precisi\u00f3n de los movimientos oculares, las dominancias visuales, la integraci\u00f3n entre hemisferios cerebrales, la capacidad de procesamiento visual (memoria, discriminaci\u00f3n, figura-fondo, constancia de forma, relaciones viso-espaciales), la coordinaci\u00f3n ojo-mano, la integraci\u00f3n motora y de los reflejos primarios. El 80% de los conocimientos se obtienen a trav\u00e9s de la visi\u00f3n, un 30% del fracaso escolar se debe a la falta de un correcto desarrollo de todas las habilidades visuales, a pesar de tener el m\u00e1ximo en visi\u00f3n de lejos sin gafas.<\/p>\n\n\t\t<\/div>\n\t<\/div>\n<\/div><\/div><\/div><div class=\"wpb_column vc_column_container vc_col-sm-6\"><div class=\"vc_column-inner\"><div class=\"wpb_wrapper\">\n\t<div class=\"wpb_text_column wpb_content_element\" >\n\t\t<div class=\"wpb_wrapper\">\n\t\t\t<p><span style=\"font-weight: 400;\">A nivel de SALUD damos servicio cl\u00ednico para la mejora en:<\/span><\/p>\n<ul>\n<li><span style=\"font-weight: 400;\"> MIOP\u00cdA (Disminuci\u00f3n no quir\u00fargica de las dioptr\u00edas)<\/span><\/li>\n<li><span style=\"font-weight: 400;\"> ESTRABISMOS (ojos desviados)<\/span><\/li>\n<li><span style=\"font-weight: 400;\"> AMBLIOPIA (soluciones en el ojo vago con estimulaci\u00f3n activa y sin oclusi\u00f3n)<\/span><\/li>\n<li><span style=\"font-weight: 400;\"> DIPLOP\u00cdA (visi\u00f3n doble)<\/span><\/li>\n<li><span style=\"font-weight: 400;\"> Otras dificultades de la visi\u00f3n tanto en ni\u00f1os como en adultos.<\/span><\/li>\n<\/ul>\n<p><span style=\"font-weight: 400;\">A nivel de ESCUELA, damos soluciones para la angustia en el fracaso escolar y para mejorar el rendimiento de ni\u00f1os inteligentes o con dificultades de desarrollo que no coordinan las diferentes habilidades de la ruta visual:<\/span><\/p>\n<ul>\n<li><b> <\/b><span style=\"font-weight: 400;\">DIFICULTAD LECTORA por lentitud de los movimientos oculares, falta de enfoque, control oculomotor o disminuci\u00f3n de la visi\u00f3n perif\u00e9rica.<\/span><\/li>\n<li><span style=\"font-weight: 400;\"> PROBLEMAS DE GRAF\u00cdA y coordinaci\u00f3n ojo-mano.<\/span><\/li>\n<li><span style=\"font-weight: 400;\"> LATERALIDAD CRUZADA y problemas viso-espaciales (inversiones de n\u00fameros o letras).<\/span><\/li>\n<li><span style=\"font-weight: 400;\"> Integraci\u00f3n de REFLEJOS PRIMARIOS: psicomotricidad general y ocular.<\/span><\/li>\n<\/ul>\n\n\t\t<\/div>\n\t<\/div>\n<div class=\"vcex-spacing wpex-w-100 wpex-clear\" style=\"height:10px;\"><\/div><\/div><\/div><\/div><\/div><div class=\"vc_section vc_custom_1652780947417 wpex-vc-full-width-section wpex-vc-full-width-section--centered wpex-relative wpex-vc_section-has-fill wpex-vc-reset-negative-margin\"><div class=\"vc_row wpb_row vc_row-fluid vc_custom_1664437319481 wpex-relative no-bottom-margins\"><div class=\"wpb_column vc_column_container vc_col-sm-12\"><div class=\"vc_column-inner\"><div class=\"wpb_wrapper\">\n\t<div class=\"wpb_text_column wpb_content_element\" >\n\t\t<div class=\"wpb_wrapper\">\n\t\t\t<h3 style=\"text-align: center;\">Contacta con nosotros<\/h3>\n\n\t\t<\/div>\n\t<\/div>\n\n\t<div class=\"wpb_text_column wpb_content_element\" >\n\t\t<div class=\"wpb_wrapper\">\n\t\t\t<p style=\"text-align: center;\">Los campos con * son obligatorios<\/p>\n\n\t\t<\/div>\n\t<\/div>\n<\/div><\/div><\/div><\/div><div class=\"vc_row wpb_row vc_row-fluid wpex-relative no-bottom-margins\"><div class=\"wpb_column vc_column_container vc_col-sm-3\"><div class=\"vc_column-inner\"><div class=\"wpb_wrapper\"><\/div><\/div><\/div><div class=\"wpb_column vc_column_container vc_col-sm-6 wpex-vc_col-has-fill\"><div class=\"vc_column-inner vc_custom_1664437382995\"><div class=\"wpb_wrapper\">\n<div class=\"wpcf7 no-js\" id=\"wpcf7-f2295-o1\" lang=\"es-ES\" dir=\"ltr\" data-wpcf7-id=\"2295\">\n<div class=\"screen-reader-response\"><p role=\"status\" aria-live=\"polite\" aria-atomic=\"true\"><\/p> <ul><\/ul><\/div>\n<form action=\"\/es\/wp-json\/wp\/v2\/pages\/1754#wpcf7-f2295-o1\" method=\"post\" class=\"wpcf7-form init\" aria-label=\"Formulario de contacto\" novalidate=\"novalidate\" data-status=\"init\">\n<fieldset class=\"hidden-fields-container\"><input type=\"hidden\" name=\"_wpcf7\" value=\"2295\" \/><input type=\"hidden\" name=\"_wpcf7_version\" value=\"6.1.4\" \/><input type=\"hidden\" name=\"_wpcf7_locale\" value=\"es_ES\" \/><input type=\"hidden\" name=\"_wpcf7_unit_tag\" value=\"wpcf7-f2295-o1\" \/><input type=\"hidden\" name=\"_wpcf7_container_post\" value=\"0\" \/><input type=\"hidden\" name=\"_wpcf7_posted_data_hash\" value=\"\" \/><input type=\"hidden\" name=\"_wpcf7_recaptcha_response\" value=\"\" \/>\n<\/fieldset>\n<p><span class=\"wpcf7-form-control-wrap\" data-name=\"motiu\"><select class=\"wpcf7-form-control wpcf7-select wpcf7-validates-as-required\" aria-required=\"true\" aria-invalid=\"false\" name=\"motiu\"><option value=\"Selecciona el motivo\">Selecciona el motivo<\/option><option value=\"Pedir informaci\u00f3n\">Pedir informaci\u00f3n<\/option><option value=\"Pedir consulta o llamada\">Pedir consulta o llamada<\/option><option value=\"Contar mi caso\">Contar mi caso<\/option><option value=\"Inscripci\u00f3n a formaci\u00f3n\">Inscripci\u00f3n a formaci\u00f3n<\/option><option value=\"otros\">otros<\/option><\/select><\/span>\n<\/p>\n<p><span class=\"wpcf7-form-control-wrap\" data-name=\"your-name\"><input size=\"40\" maxlength=\"400\" class=\"wpcf7-form-control wpcf7-text wpcf7-validates-as-required\" aria-required=\"true\" aria-invalid=\"false\" placeholder=\"Nombre y apellidos*\" value=\"\" type=\"text\" name=\"your-name\" \/><\/span>\n<\/p>\n<p><span class=\"wpcf7-form-control-wrap\" data-name=\"your-email\"><input size=\"40\" maxlength=\"400\" class=\"wpcf7-form-control wpcf7-email wpcf7-validates-as-required wpcf7-text wpcf7-validates-as-email\" aria-required=\"true\" aria-invalid=\"false\" placeholder=\"Email*\" value=\"\" type=\"email\" name=\"your-email\" \/><\/span>\n<\/p>\n<p><span class=\"wpcf7-form-control-wrap\" data-name=\"your-phone\"><input size=\"40\" maxlength=\"400\" class=\"wpcf7-form-control wpcf7-text wpcf7-validates-as-required\" aria-required=\"true\" aria-invalid=\"false\" placeholder=\"Tel\u00e9fono*\" value=\"\" type=\"text\" name=\"your-phone\" \/><\/span>\n<\/p>\n<p><span class=\"wpcf7-form-control-wrap\" data-name=\"your-message\"><textarea cols=\"40\" rows=\"10\" maxlength=\"2000\" class=\"wpcf7-form-control wpcf7-textarea\" aria-invalid=\"false\" placeholder=\"Mensaje*\" name=\"your-message\"><\/textarea><\/span>\n<\/p>\n<p><span class=\"wpcf7-form-control-wrap\" data-name=\"acceptance-697\"><span class=\"wpcf7-form-control wpcf7-acceptance\"><span class=\"wpcf7-list-item\"><input type=\"checkbox\" name=\"acceptance-697\" value=\"1\" aria-invalid=\"false\" \/><\/span><\/span><\/span> Acepto el <a href=\"\/es\/avisos-legales\/\">Aviso legal<\/a> y la <a href=\"\/es\/politica-de-privacidad\/\">pol\u00edtica de privacidad<\/a>\n<\/p>\n<p><input class=\"wpcf7-form-control wpcf7-submit has-spinner\" type=\"submit\" value=\"Enviar\" \/>\n<\/p><p style=\"display: none !important;\" class=\"akismet-fields-container\" data-prefix=\"_wpcf7_ak_\"><label>&#916;<textarea name=\"_wpcf7_ak_hp_textarea\" cols=\"45\" rows=\"8\" maxlength=\"100\"><\/textarea><\/label><input type=\"hidden\" id=\"ak_js_1\" name=\"_wpcf7_ak_js\" value=\"125\"\/><script>document.getElementById( \"ak_js_1\" ).setAttribute( \"value\", ( new Date() ).getTime() );<\/script><\/p><div class=\"wpcf7-response-output\" aria-hidden=\"true\"><\/div>\n<\/form>\n<\/div>\n<\/div><\/div><\/div><div class=\"wpb_column vc_column_container vc_col-sm-3\"><div class=\"vc_column-inner\"><div class=\"wpb_wrapper\"><\/div><\/div><\/div><\/div><\/div>\n<\/div>","protected":false},"excerpt":{"rendered":"Especialidades conscientes Optometria Comportamental La Optometr\u00eda es la ciencia que estudia, trata y hace prevenci\u00f3n de los problemas visuales. La especialidad en Optometr\u00eda Comportamental trabaja con ayudas \u00f3pticas y Terapia Visual para conseguir optimizar el rendimiento visual y cognitivo en adultos y en el desarrollo infantil; en los \u00e1mbitos escolar, laboral y deportivo. Puesto que&hellip;","protected":false},"author":1,"featured_media":0,"parent":0,"menu_order":0,"comment_status":"closed","ping_status":"closed","template":"","meta":{"footnotes":""},"class_list":["post-1754","page","type-page","status-publish","hentry","entry","no-media"],"yoast_head":"<!-- This site is optimized with the Yoast SEO plugin v26.9 - https:\/\/yoast.com\/product\/yoast-seo-wordpress\/ -->\n<title>Optometria Comportamental - La Cl\u00ednica Verda<\/title>\n<meta name=\"robots\" content=\"noindex, follow, max-snippet:-1, max-image-preview:large, max-video-preview:-1\" \/>\n<meta property=\"og:locale\" content=\"es_ES\" \/>\n<meta property=\"og:type\" content=\"article\" \/>\n<meta property=\"og:title\" content=\"Optometria Comportamental - La Cl\u00ednica Verda\" \/>\n<meta property=\"og:url\" content=\"https:\/\/clinicaverda.cetrexmarketing.com\/es\/optometria-comportamental\/\" \/>\n<meta property=\"og:site_name\" content=\"La Cl\u00ednica Verda\" \/>\n<meta property=\"article:modified_time\" content=\"2023-03-30T08:39:01+00:00\" \/>\n<meta name=\"twitter:card\" content=\"summary_large_image\" \/>\n<meta name=\"twitter:label1\" content=\"Tiempo de lectura\" \/>\n\t<meta name=\"twitter:data1\" content=\"3 minutos\" \/>\n<script type=\"application\/ld+json\" class=\"yoast-schema-graph\">{\"@context\":\"https:\/\/schema.org\",\"@graph\":[{\"@type\":\"WebPage\",\"@id\":\"https:\/\/clinicaverda.cetrexmarketing.com\/es\/optometria-comportamental\/\",\"url\":\"https:\/\/clinicaverda.cetrexmarketing.com\/es\/optometria-comportamental\/\",\"name\":\"Optometria Comportamental - La Cl\u00ednica Verda\",\"isPartOf\":{\"@id\":\"https:\/\/clinicaverda.cetrexmarketing.com\/#website\"},\"datePublished\":\"2022-08-10T09:39:50+00:00\",\"dateModified\":\"2023-03-30T08:39:01+00:00\",\"breadcrumb\":{\"@id\":\"https:\/\/clinicaverda.cetrexmarketing.com\/es\/optometria-comportamental\/#breadcrumb\"},\"inLanguage\":\"es\",\"potentialAction\":[{\"@type\":\"ReadAction\",\"target\":[\"https:\/\/clinicaverda.cetrexmarketing.com\/es\/optometria-comportamental\/\"]}]},{\"@type\":\"BreadcrumbList\",\"@id\":\"https:\/\/clinicaverda.cetrexmarketing.com\/es\/optometria-comportamental\/#breadcrumb\",\"itemListElement\":[{\"@type\":\"ListItem\",\"position\":1,\"name\":\"Home\",\"item\":\"https:\/\/clinicaverda.cetrexmarketing.com\/es\/\"},{\"@type\":\"ListItem\",\"position\":2,\"name\":\"Optometria Comportamental\"}]},{\"@type\":\"WebSite\",\"@id\":\"https:\/\/clinicaverda.cetrexmarketing.com\/#website\",\"url\":\"https:\/\/clinicaverda.cetrexmarketing.com\/\",\"name\":\"La Cl\u00ednica Verda\",\"description\":\"Cetrex new project\",\"publisher\":{\"@id\":\"https:\/\/clinicaverda.cetrexmarketing.com\/#organization\"},\"potentialAction\":[{\"@type\":\"SearchAction\",\"target\":{\"@type\":\"EntryPoint\",\"urlTemplate\":\"https:\/\/clinicaverda.cetrexmarketing.com\/?s={search_term_string}\"},\"query-input\":{\"@type\":\"PropertyValueSpecification\",\"valueRequired\":true,\"valueName\":\"search_term_string\"}}],\"inLanguage\":\"es\"},{\"@type\":\"Organization\",\"@id\":\"https:\/\/clinicaverda.cetrexmarketing.com\/#organization\",\"name\":\"La Cl\u00ednica Verda\",\"url\":\"https:\/\/clinicaverda.cetrexmarketing.com\/\",\"logo\":{\"@type\":\"ImageObject\",\"inLanguage\":\"es\",\"@id\":\"https:\/\/clinicaverda.cetrexmarketing.com\/#\/schema\/logo\/image\/\",\"url\":\"https:\/\/clinicaverda.cetrexmarketing.com\/wp-content\/uploads\/2022\/05\/logo-la-clinica-verda.png\",\"contentUrl\":\"https:\/\/clinicaverda.cetrexmarketing.com\/wp-content\/uploads\/2022\/05\/logo-la-clinica-verda.png\",\"width\":900,\"height\":256,\"caption\":\"La Cl\u00ednica Verda\"},\"image\":{\"@id\":\"https:\/\/clinicaverda.cetrexmarketing.com\/#\/schema\/logo\/image\/\"}}]}<\/script>\n<!-- \/ Yoast SEO plugin. -->","yoast_head_json":{"title":"Optometria Comportamental - La Cl\u00ednica Verda","robots":{"index":"noindex","follow":"follow","max-snippet":"max-snippet:-1","max-image-preview":"max-image-preview:large","max-video-preview":"max-video-preview:-1"},"og_locale":"es_ES","og_type":"article","og_title":"Optometria Comportamental - La Cl\u00ednica Verda","og_url":"https:\/\/clinicaverda.cetrexmarketing.com\/es\/optometria-comportamental\/","og_site_name":"La Cl\u00ednica Verda","article_modified_time":"2023-03-30T08:39:01+00:00","twitter_card":"summary_large_image","twitter_misc":{"Tiempo de lectura":"3 minutos"},"schema":{"@context":"https:\/\/schema.org","@graph":[{"@type":"WebPage","@id":"https:\/\/clinicaverda.cetrexmarketing.com\/es\/optometria-comportamental\/","url":"https:\/\/clinicaverda.cetrexmarketing.com\/es\/optometria-comportamental\/","name":"Optometria Comportamental - La Cl\u00ednica Verda","isPartOf":{"@id":"https:\/\/clinicaverda.cetrexmarketing.com\/#website"},"datePublished":"2022-08-10T09:39:50+00:00","dateModified":"2023-03-30T08:39:01+00:00","breadcrumb":{"@id":"https:\/\/clinicaverda.cetrexmarketing.com\/es\/optometria-comportamental\/#breadcrumb"},"inLanguage":"es","potentialAction":[{"@type":"ReadAction","target":["https:\/\/clinicaverda.cetrexmarketing.com\/es\/optometria-comportamental\/"]}]},{"@type":"BreadcrumbList","@id":"https:\/\/clinicaverda.cetrexmarketing.com\/es\/optometria-comportamental\/#breadcrumb","itemListElement":[{"@type":"ListItem","position":1,"name":"Home","item":"https:\/\/clinicaverda.cetrexmarketing.com\/es\/"},{"@type":"ListItem","position":2,"name":"Optometria Comportamental"}]},{"@type":"WebSite","@id":"https:\/\/clinicaverda.cetrexmarketing.com\/#website","url":"https:\/\/clinicaverda.cetrexmarketing.com\/","name":"La Cl\u00ednica Verda","description":"Cetrex new project","publisher":{"@id":"https:\/\/clinicaverda.cetrexmarketing.com\/#organization"},"potentialAction":[{"@type":"SearchAction","target":{"@type":"EntryPoint","urlTemplate":"https:\/\/clinicaverda.cetrexmarketing.com\/?s={search_term_string}"},"query-input":{"@type":"PropertyValueSpecification","valueRequired":true,"valueName":"search_term_string"}}],"inLanguage":"es"},{"@type":"Organization","@id":"https:\/\/clinicaverda.cetrexmarketing.com\/#organization","name":"La Cl\u00ednica Verda","url":"https:\/\/clinicaverda.cetrexmarketing.com\/","logo":{"@type":"ImageObject","inLanguage":"es","@id":"https:\/\/clinicaverda.cetrexmarketing.com\/#\/schema\/logo\/image\/","url":"https:\/\/clinicaverda.cetrexmarketing.com\/wp-content\/uploads\/2022\/05\/logo-la-clinica-verda.png","contentUrl":"https:\/\/clinicaverda.cetrexmarketing.com\/wp-content\/uploads\/2022\/05\/logo-la-clinica-verda.png","width":900,"height":256,"caption":"La Cl\u00ednica Verda"},"image":{"@id":"https:\/\/clinicaverda.cetrexmarketing.com\/#\/schema\/logo\/image\/"}}]}},"_links":{"self":[{"href":"https:\/\/clinicaverda.cetrexmarketing.com\/es\/wp-json\/wp\/v2\/pages\/1754","targetHints":{"allow":["GET"]}}],"collection":[{"href":"https:\/\/clinicaverda.cetrexmarketing.com\/es\/wp-json\/wp\/v2\/pages"}],"about":[{"href":"https:\/\/clinicaverda.cetrexmarketing.com\/es\/wp-json\/wp\/v2\/types\/page"}],"author":[{"embeddable":true,"href":"https:\/\/clinicaverda.cetrexmarketing.com\/es\/wp-json\/wp\/v2\/users\/1"}],"replies":[{"embeddable":true,"href":"https:\/\/clinicaverda.cetrexmarketing.com\/es\/wp-json\/wp\/v2\/comments?post=1754"}],"version-history":[{"count":4,"href":"https:\/\/clinicaverda.cetrexmarketing.com\/es\/wp-json\/wp\/v2\/pages\/1754\/revisions"}],"predecessor-version":[{"id":2499,"href":"https:\/\/clinicaverda.cetrexmarketing.com\/es\/wp-json\/wp\/v2\/pages\/1754\/revisions\/2499"}],"wp:attachment":[{"href":"https:\/\/clinicaverda.cetrexmarketing.com\/es\/wp-json\/wp\/v2\/media?parent=1754"}],"curies":[{"name":"wp","href":"https:\/\/api.w.org\/{rel}","templated":true}]}}