{"id":1752,"date":"2022-08-23T08:53:44","date_gmt":"2022-08-23T08:53:44","guid":{"rendered":"https:\/\/clinicaverda.cetrexmarketing.com\/?page_id=1752"},"modified":"2023-04-01T06:31:32","modified_gmt":"2023-04-01T06:31:32","slug":"nutricion","status":"publish","type":"page","link":"https:\/\/clinicaverda.cetrexmarketing.com\/es\/nutricion\/","title":{"rendered":"Nutrici\u00f3n"},"content":{"rendered":"<div class=\"wpb-content-wrapper\"><div class=\"vc_section vc_custom_1669804819832 wpex-vc-full-width-section wpex-vc-full-width-section--centered wpex-relative wpex-vc_section-has-fill wpex-vc-reset-negative-margin\" style=\"background-position:center center!important;\"><div class=\"vc_row wpb_row vc_row-fluid wpex-relative no-bottom-margins\"><div class=\"wpb_column vc_column_container vc_col-sm-6\"><div class=\"vc_column-inner\"><div class=\"wpb_wrapper\"><div class=\"vcex-spacing wpex-w-100 wpex-clear\" style=\"height:100px;\"><\/div><\/div><\/div><\/div><div class=\"wpb_column vc_column_container vc_col-sm-6\"><div class=\"vc_column-inner\"><div class=\"wpb_wrapper\">\n\t<div  class=\"wpb_single_image wpb_content_element vc_align_ wpb_content_element  imagenabsoluta\">\n\t\t\n\t\t<figure class=\"wpb_wrapper vc_figure\">\n\t\t\t<div class=\"vc_single_image-wrapper   vc_box_border_grey\"><img width=\"350\" height=\"400\" src=\"https:\/\/clinicaverda.cetrexmarketing.com\/wp-content\/uploads\/2022\/05\/imatge-logo-clinica-verda-1.png\" class=\"vc_single_image-img attachment-full\" alt=\"\" title=\"imatge-logo-clinica-verda-1\" srcset=\"https:\/\/clinicaverda.cetrexmarketing.com\/wp-content\/uploads\/2022\/05\/imatge-logo-clinica-verda-1.png 350w, https:\/\/clinicaverda.cetrexmarketing.com\/wp-content\/uploads\/2022\/05\/imatge-logo-clinica-verda-1-263x300.png 263w\" sizes=\"(max-width: 350px) 100vw, 350px\" \/><\/div>\n\t\t<\/figure>\n\t<\/div>\n<\/div><\/div><\/div><\/div><\/div><div class=\"vc_section vc_custom_1652780065097 wpex-vc-full-width-section wpex-vc-full-width-section--centered wpex-relative wpex-vc_section-has-fill wpex-vc-reset-negative-margin\"><div class=\"vc_row wpb_row vc_row-fluid wpex-relative no-bottom-margins\"><div class=\"wpb_column vc_column_container vc_col-sm-12\"><div class=\"vc_column-inner\"><div class=\"wpb_wrapper\">\n\t<div style=\"color:#005e63;font-size:20px;\" class=\"wpb_text_column has-custom-color wpex-child-inherit-color wpb_content_element\" >\n\t\t<div class=\"wpb_wrapper\">\n\t\t\t<div class=\"wpb_text_column has-custom-color wpex-child-inherit-color has-custom-color wpex-child-inherit-color wpb_content_element \">\n<div class=\"wpb_wrapper\">\n<p>Medicina<\/p>\n<\/div>\n<\/div>\n\n\t\t<\/div>\n\t<\/div>\n<div class=\"vcex-spacing wpex-w-100 wpex-clear\" style=\"height:10px;\"><\/div>\n\t<div style=\"color:#ffffff;\" class=\"wpb_text_column has-custom-color wpex-child-inherit-color wpb_content_element\" >\n\t\t<div class=\"wpb_wrapper\">\n\t\t\t<h1>Nutrici\u00f3n<\/h1>\n\n\t\t<\/div>\n\t<\/div>\n<\/div><\/div><\/div><\/div><\/div><div class=\"vc_row wpb_row vc_row-fluid vc_custom_1660122416802 vc_column-gap-30 wpex-relative\"><div class=\"wpb_column vc_column_container vc_col-sm-6\"><div class=\"vc_column-inner\"><div class=\"wpb_wrapper\">\n\t<div class=\"wpb_text_column wpb_content_element\" >\n\t\t<div class=\"wpb_wrapper\">\n\t\t\t<p><b>\u00a0<\/b><span style=\"font-weight: 400;\">En este punto revisamos conceptos b\u00e1sicos inherentes al hecho de estar vivos:<\/span><\/p>\n<ul>\n<li><b><\/b><span style=\"font-weight: 400;\"> Libre albedr\u00edo: cada uno de nosotros tiene la responsabilidad, el derecho y el deber de escoger qu\u00e9 alimento se mete en la boca.<\/span><\/li>\n<li><b><\/b><span style=\"font-weight: 400;\"> Alimentarse es dotar al cuerpo de la materia prima para regenerarse.<\/span><\/li>\n<li><b><\/b><span style=\"font-weight: 400;\"> El cuerpo de un ser adulto se renueva por completo cada 7 a\u00f1os.<\/span><\/li>\n<li><b><\/b><span style=\"font-weight: 400;\"> La energ\u00eda para quemar lo que realmente necesita un humano que no haga 3 horas de deporte al d\u00eda es rid\u00edcula. Con vegetales y frutos ya se logra.<\/span><\/li>\n<\/ul>\n<p><span style=\"font-weight: 400;\">Para realizar una elecci\u00f3n consciente de los nutrientes es necesario integrar los siguientes conceptos:<\/span><\/p>\n<ul>\n<li><b><\/b><span style=\"font-weight: 400;\"> Cada una de nuestras c\u00e9lulas nace, crece, se reproduce y muere. La m\u00e1s lenta tarda 7 a\u00f1os en realizar un ciclo de vida, la m\u00e1s r\u00e1pida unas horas. Teniendo este concepto claro, podremos entender f\u00e1cilmente que la carne de la que estar\u00e9 fabricada en 7 a\u00f1os provendr\u00e1 de los alimentos que entren dentro de m\u00ed durante estos 7 a\u00f1os.\u00a0 <\/span><\/li>\n<li><b><\/b><span style=\"font-weight: 400;\"> \u00bfLos alimentos envasados \u200b\u200baportan lo mismo a mi cuerpo que los alimentos sin etiqueta? Radicalmente NO. No deber\u00edamos consumir alimentos con etiqueta. Todo alimento envasado ha sido pasteurizado (calentado a alta temperatura) o lleva una cantidad de venenos espantosa para eliminar las bacterias y los hongos propios de la comida y que le llevan al proceso de putrefacci\u00f3n. Si los humanos hemos comido durante milenios las bacterias y hongos que llevan incorporadas frutas y hortalizas del huerto, \u00bfc\u00f3mo podemos imaginar que no las seguimos necesitando para el buen funcionamiento de nuestro cuerpo?<br \/>\n<\/span><\/li>\n<li><b><\/b><span style=\"font-weight: 400;\"> Analizamos la dieta m\u00e1s extendida en nuestra sociedad, la m\u00e1s \u00abf\u00e1cil\u00bb, \u00abla que hace todo el mundo\u00bb, la que \u00ablo puede comer porque lo quema\u00bb\u2026 pan, pasta, pizza, galletas, arroz, patatas\u2026 \u00bfEs posible que mi cuerpo funcione correctamente si solo consumo hidratos de carbono? Radicalmente NO. Est\u00e1 extensamente probado que en la actualidad existen personas de entre 30 y 50 a\u00f1os que \u00abno saben\u00bb comer vegetales crudos ni grasas vegetales y que est\u00e1n desarrollando enfermedades propias de la desnutrici\u00f3n.<br \/>\n<\/span><\/li>\n<li><b><\/b><span style=\"font-weight: 400;\"> Estar en sobrepeso y estar desnutrido. Esta es una tendencia delirante de nuestra sociedad. Personas sobrealimentadas y al mismo tiempo desnutridas. Este es el resultado de una alimentaci\u00f3n basada en \u201ccalor\u00edas vac\u00edas de nutrientes\u201d.\u00a0 <\/span><\/li>\n<li><span style=\"font-weight: 400;\">Encontrarse <\/span> <span style=\"font-weight: 400;\">cansado o dormirse despu\u00e9s de las comidas es consecuencia de la <\/span> <span style=\"font-weight: 400;\">ingesta de grandes cantidades de hidratos o de la mala combinaci\u00f3n <\/span> <span style=\"font-weight: 400;\">de alimentos. En La Cl\u00ednica Verda promocionamos unas <\/span> <span style=\"font-weight: 400;\">digestiones ligeras ingiriendo combinaciones de alimentos que no <\/span> <span style=\"font-weight: 400;\">exijan a nuestro sistema un esfuerzo innecesario. Por ejemplo: si en <\/span> <span style=\"font-weight: 400;\">un mismo plato ponemos macarrones de trigo y carne, estamos <\/span> <span style=\"font-weight: 400;\">sobrecargando el sistema digestivo y nuestro cuerpo utilizar\u00e1 <\/span> <span style=\"font-weight: 400;\">demasiada energ\u00eda vital para su digesti\u00f3n. En un plato, la base <\/span> <span style=\"font-weight: 400;\">debe ser verdura, y debemos escoger con qu\u00e9 la combinamos: si con <\/span> <span style=\"font-weight: 400;\">legumbre (prote\u00edna vegetal) o con hidratos de carbono (pasta, <\/span> <span style=\"font-weight: 400;\">arroz, f\u00e9cula, \u2026). <\/span><\/li>\n<\/ul>\n\n\t\t<\/div>\n\t<\/div>\n<\/div><\/div><\/div><div class=\"wpb_column vc_column_container vc_col-sm-6\"><div class=\"vc_column-inner\"><div class=\"wpb_wrapper\">\n\t<div class=\"wpb_text_column wpb_content_element\" >\n\t\t<div class=\"wpb_wrapper\">\n\t\t\t<ul>\n<li style=\"font-weight: 400;\" aria-level=\"1\">Hacer 5 comidas al d\u00eda, \u00bfno dejar parar el aparato digestivo m\u00e1s que durante solamente las 8\u202fh de sue\u00f1o? Radicalmente NO. Es absolutamente indispensable para el buen funcionamiento del sistema inmunol\u00f3gico que nuestros intestinos dejen de trabajar un m\u00ednimo de 12\u202fh\/d\u00eda de las 24\u202fh que tiene. Nosotros promocionamos ayunos de 18\u202fh al d\u00eda en las personas enfermas, ya que as\u00ed el sistema no debe estar trabajando en la digesti\u00f3n y las c\u00e9lulas de defensa nuestras (natural killers) pueden ser m\u00e1s efectivas y capturar y expulsar procesos tumorales y frenar procesos autoinmunes. <span style=\"font-weight: 400;\"><br \/>\n<\/span><b><\/b><\/li>\n<li><b><\/b><span style=\"font-weight: 400;\">\u00bfPor <\/span> <span style=\"font-weight: 400;\">qu\u00e9 algunos de nosotros tenemos alergias, problemas de dolor de <\/span> <span style=\"font-weight: 400;\">est\u00f3mago, problemas en la piel, dolor en las articulaciones, <\/span> <span style=\"font-weight: 400;\">diabetes\u2026? Todas estas enfermedades o afecciones proceden de <\/span> <span style=\"font-weight: 400;\">alteraciones del sistema inmunol\u00f3gico. Este est\u00e1 tan <\/span> <span style=\"font-weight: 400;\">descuidado que decide atacar al propio cuerpo. Estamos viviendo <\/span> <span style=\"font-weight: 400;\">vidas tan desnaturalizadas que nuestro propio \u00absistema de <\/span> <span style=\"font-weight: 400;\">defensa\u00bb no diferencia \u00abnuestra carne\u00bb de los ataques <\/span> <span style=\"font-weight: 400;\">de entidades externas verdaderamente nocivas. <\/span><\/li>\n<\/ul>\n<p>&nbsp;<\/p>\n<p><span style=\"font-weight: 400;\">Primero <strong>observamos la enfermedad como un desequilibrio de la salud, que nos habla de nuestra adaptaci\u00f3n al medio<\/strong>, nos dice que hay condiciones que impiden gozar de bienestar. Cada ser es responsable de su estado de salud.\u00a0<\/span><span style=\"font-weight: 400;\">Estar bien adaptado a una sociedad enferma no es buena idea. Responsabilizarte de tu estado de salud es un proceso duro en el que<strong> es necesario abandonar el estado de persona \u201cpaciente\u201d para convertirte en persona \u201cactiva\u201d<\/strong>. Abandonar el rol de v\u00edctima de la enfermedad y aceptar que la enfermedad no es un castigo, sino simplemente una posibilidad de aumentar el propio autoconocimiento.<\/span><\/p>\n<p><span style=\"font-weight: 400;\">\u00a0<\/span><\/p>\n<p><span style=\"font-weight: 400;\">Despu\u00e9s, tomamos conciencia de las causas que nos desequilibran y animamos a actuar en consecuencia. No delegamos la toma de decisiones en las creencias mayoritarias, sino que buscamos el propio universo de creencias. No debemos olvidar que disfrutamos del libre albedr\u00edo, de la posibilidad de dudar, de ampliar la informaci\u00f3n. Nuestro objetivo es incrementar tu autoconocimiento para hacerte sentir m\u00e1s seguro en la toma de decisiones. Si el cuerpo se queja una y otra vez, debemos escucharlo y entender el conflicto para dar respuesta. Si algo hemos constatado con la experiencia es que, <strong>la medicina basada en la farmacolog\u00eda cronifica las enfermedades, no las cura.<\/strong> La medicina quir\u00fargica y prot\u00e9sica a veces da una soluci\u00f3n duradera, pero demasiado a menudo lleva a m\u00e1s cirug\u00edas y m\u00e1s pr\u00f3tesis.<\/span><\/p>\n<p><span style=\"font-weight: 400;\"><strong>La sanaci\u00f3n, en todos los casos,<\/strong> tanto si tomamos f\u00e1rmacos como si nos exponemos a cirug\u00edas, y siempre sin excepci\u00f3n, <strong>proviene del propio cuerpo del paciente.<\/strong> Hay que ofrecer unas condiciones adecuadas, un terreno bien abonado para que la salud brote. No existe ning\u00fan comprimido bioqu\u00edmico ni droga que sane. Las pastillas pueden disminuir los s\u00edntomas y mejorar los marcadores bioqu\u00edmicos de salud para hacer m\u00e1s llevadero el tiempo que dura el proceso de sanaci\u00f3n, pero en ning\u00fan caso son las responsables del reequilibrio.<\/span><\/p>\n<p>Nosotras te explicaremos c\u00f3mo conseguir los nutrientes necesarios para que tu cuerpo rejuvenezca y sane con los productos de los que se ha nutrido siempre a la humanidad.<\/p>\n\n\t\t<\/div>\n\t<\/div>\n<\/div><\/div><\/div><\/div><div class=\"vc_section vc_custom_1652780947417 wpex-vc-full-width-section wpex-vc-full-width-section--centered wpex-relative wpex-vc_section-has-fill wpex-vc-reset-negative-margin\"><div class=\"vc_row wpb_row vc_row-fluid vc_custom_1664437319481 wpex-relative no-bottom-margins\"><div class=\"wpb_column vc_column_container vc_col-sm-12\"><div class=\"vc_column-inner\"><div class=\"wpb_wrapper\">\n\t<div class=\"wpb_text_column wpb_content_element\" >\n\t\t<div class=\"wpb_wrapper\">\n\t\t\t<h3 style=\"text-align: center;\">Contacta con nosoltras<\/h3>\n\n\t\t<\/div>\n\t<\/div>\n\n\t<div class=\"wpb_text_column wpb_content_element\" >\n\t\t<div class=\"wpb_wrapper\">\n\t\t\t<p style=\"text-align: center;\">Los campos con * son obligatorios<\/p>\n\n\t\t<\/div>\n\t<\/div>\n<\/div><\/div><\/div><\/div><div class=\"vc_row wpb_row vc_row-fluid wpex-relative no-bottom-margins\"><div class=\"wpb_column vc_column_container vc_col-sm-3\"><div class=\"vc_column-inner\"><div class=\"wpb_wrapper\"><\/div><\/div><\/div><div class=\"wpb_column vc_column_container vc_col-sm-6 wpex-vc_col-has-fill\"><div class=\"vc_column-inner vc_custom_1664437382995\"><div class=\"wpb_wrapper\">\n<div class=\"wpcf7 no-js\" id=\"wpcf7-f2293-o1\" lang=\"es-ES\" dir=\"ltr\" data-wpcf7-id=\"2293\">\n<div class=\"screen-reader-response\"><p role=\"status\" aria-live=\"polite\" aria-atomic=\"true\"><\/p> <ul><\/ul><\/div>\n<form action=\"\/es\/wp-json\/wp\/v2\/pages\/1752#wpcf7-f2293-o1\" method=\"post\" class=\"wpcf7-form init\" aria-label=\"Formulario de contacto\" novalidate=\"novalidate\" data-status=\"init\">\n<fieldset class=\"hidden-fields-container\"><input type=\"hidden\" name=\"_wpcf7\" value=\"2293\" \/><input type=\"hidden\" name=\"_wpcf7_version\" value=\"6.1.4\" \/><input type=\"hidden\" name=\"_wpcf7_locale\" value=\"es_ES\" \/><input type=\"hidden\" name=\"_wpcf7_unit_tag\" value=\"wpcf7-f2293-o1\" \/><input type=\"hidden\" name=\"_wpcf7_container_post\" value=\"0\" \/><input type=\"hidden\" name=\"_wpcf7_posted_data_hash\" value=\"\" \/><input type=\"hidden\" name=\"_wpcf7_recaptcha_response\" value=\"\" \/>\n<\/fieldset>\n<p><span class=\"wpcf7-form-control-wrap\" data-name=\"motiu\"><select class=\"wpcf7-form-control wpcf7-select wpcf7-validates-as-required\" aria-required=\"true\" aria-invalid=\"false\" name=\"motiu\"><option value=\"Selecciona el motivo\">Selecciona el motivo<\/option><option value=\"Pedir informaci\u00f3n\">Pedir informaci\u00f3n<\/option><option value=\"Pedir consulta o llamada\">Pedir consulta o llamada<\/option><option value=\"Contar mi caso\">Contar mi caso<\/option><option value=\"Inscripci\u00f3n a formaci\u00f3n\">Inscripci\u00f3n a formaci\u00f3n<\/option><option value=\"otros\">otros<\/option><\/select><\/span>\n<\/p>\n<p><span class=\"wpcf7-form-control-wrap\" data-name=\"your-name\"><input size=\"40\" maxlength=\"400\" class=\"wpcf7-form-control wpcf7-text wpcf7-validates-as-required\" aria-required=\"true\" aria-invalid=\"false\" placeholder=\"Nombre y apellidos*\" value=\"\" type=\"text\" name=\"your-name\" \/><\/span>\n<\/p>\n<p><span class=\"wpcf7-form-control-wrap\" data-name=\"your-email\"><input size=\"40\" maxlength=\"400\" class=\"wpcf7-form-control wpcf7-email wpcf7-validates-as-required wpcf7-text wpcf7-validates-as-email\" aria-required=\"true\" aria-invalid=\"false\" placeholder=\"Email*\" value=\"\" type=\"email\" name=\"your-email\" \/><\/span>\n<\/p>\n<p><span class=\"wpcf7-form-control-wrap\" data-name=\"your-phone\"><input size=\"40\" maxlength=\"400\" class=\"wpcf7-form-control wpcf7-text wpcf7-validates-as-required\" aria-required=\"true\" aria-invalid=\"false\" placeholder=\"Tel\u00e9fono*\" value=\"\" type=\"text\" name=\"your-phone\" \/><\/span>\n<\/p>\n<p><span class=\"wpcf7-form-control-wrap\" data-name=\"your-message\"><textarea cols=\"40\" rows=\"10\" maxlength=\"2000\" class=\"wpcf7-form-control wpcf7-textarea\" aria-invalid=\"false\" placeholder=\"Mensaje*\" name=\"your-message\"><\/textarea><\/span>\n<\/p>\n<p><span class=\"wpcf7-form-control-wrap\" data-name=\"acceptance-697\"><span class=\"wpcf7-form-control wpcf7-acceptance\"><span class=\"wpcf7-list-item\"><input type=\"checkbox\" name=\"acceptance-697\" value=\"1\" aria-invalid=\"false\" \/><\/span><\/span><\/span> Acepto el <a href=\"\/es\/avisos-legales\/\">Aviso legal<\/a> y la <a href=\"\/es\/politica-de-privacidad\/\">pol\u00edtica de privacidad<\/a>\n<\/p>\n<p><input class=\"wpcf7-form-control wpcf7-submit has-spinner\" type=\"submit\" value=\"Enviar\" \/>\n<\/p><p style=\"display: none !important;\" class=\"akismet-fields-container\" data-prefix=\"_wpcf7_ak_\"><label>&#916;<textarea name=\"_wpcf7_ak_hp_textarea\" cols=\"45\" rows=\"8\" maxlength=\"100\"><\/textarea><\/label><input type=\"hidden\" id=\"ak_js_1\" name=\"_wpcf7_ak_js\" value=\"43\"\/><script>document.getElementById( \"ak_js_1\" ).setAttribute( \"value\", ( new Date() ).getTime() );<\/script><\/p><div class=\"wpcf7-response-output\" aria-hidden=\"true\"><\/div>\n<\/form>\n<\/div>\n<\/div><\/div><\/div><div class=\"wpb_column vc_column_container vc_col-sm-3\"><div class=\"vc_column-inner\"><div class=\"wpb_wrapper\"><\/div><\/div><\/div><\/div><\/div>\n<\/div>","protected":false},"excerpt":{"rendered":"Medicina Nutrici\u00f3n \u00a0En este punto revisamos conceptos b\u00e1sicos inherentes al hecho de estar vivos: Libre albedr\u00edo: cada uno de nosotros tiene la responsabilidad, el derecho y el deber de escoger qu\u00e9 alimento se mete en la boca. Alimentarse es dotar al cuerpo de la materia prima para regenerarse. El cuerpo de un ser adulto se&hellip;","protected":false},"author":1,"featured_media":0,"parent":0,"menu_order":0,"comment_status":"closed","ping_status":"closed","template":"","meta":{"footnotes":""},"class_list":["post-1752","page","type-page","status-publish","hentry","entry","no-media"],"yoast_head":"<!-- This site is optimized with the Yoast SEO plugin v26.9 - https:\/\/yoast.com\/product\/yoast-seo-wordpress\/ -->\n<title>Nutrici\u00f3n - La Cl\u00ednica Verda<\/title>\n<meta name=\"robots\" content=\"noindex, follow, max-snippet:-1, max-image-preview:large, max-video-preview:-1\" \/>\n<meta property=\"og:locale\" content=\"es_ES\" \/>\n<meta property=\"og:type\" content=\"article\" \/>\n<meta property=\"og:title\" content=\"Nutrici\u00f3n - La Cl\u00ednica Verda\" \/>\n<meta property=\"og:url\" content=\"https:\/\/clinicaverda.cetrexmarketing.com\/es\/nutricion\/\" \/>\n<meta property=\"og:site_name\" content=\"La Cl\u00ednica Verda\" \/>\n<meta property=\"article:modified_time\" content=\"2023-04-01T06:31:32+00:00\" \/>\n<meta name=\"twitter:card\" content=\"summary_large_image\" \/>\n<meta name=\"twitter:label1\" content=\"Tiempo de lectura\" \/>\n\t<meta name=\"twitter:data1\" content=\"6 minutos\" \/>\n<script type=\"application\/ld+json\" class=\"yoast-schema-graph\">{\"@context\":\"https:\/\/schema.org\",\"@graph\":[{\"@type\":\"WebPage\",\"@id\":\"https:\/\/clinicaverda.cetrexmarketing.com\/es\/nutricion\/\",\"url\":\"https:\/\/clinicaverda.cetrexmarketing.com\/es\/nutricion\/\",\"name\":\"Nutrici\u00f3n - La Cl\u00ednica Verda\",\"isPartOf\":{\"@id\":\"https:\/\/clinicaverda.cetrexmarketing.com\/#website\"},\"datePublished\":\"2022-08-23T08:53:44+00:00\",\"dateModified\":\"2023-04-01T06:31:32+00:00\",\"breadcrumb\":{\"@id\":\"https:\/\/clinicaverda.cetrexmarketing.com\/es\/nutricion\/#breadcrumb\"},\"inLanguage\":\"es\",\"potentialAction\":[{\"@type\":\"ReadAction\",\"target\":[\"https:\/\/clinicaverda.cetrexmarketing.com\/es\/nutricion\/\"]}]},{\"@type\":\"BreadcrumbList\",\"@id\":\"https:\/\/clinicaverda.cetrexmarketing.com\/es\/nutricion\/#breadcrumb\",\"itemListElement\":[{\"@type\":\"ListItem\",\"position\":1,\"name\":\"Home\",\"item\":\"https:\/\/clinicaverda.cetrexmarketing.com\/es\/\"},{\"@type\":\"ListItem\",\"position\":2,\"name\":\"Nutrici\u00f3n\"}]},{\"@type\":\"WebSite\",\"@id\":\"https:\/\/clinicaverda.cetrexmarketing.com\/#website\",\"url\":\"https:\/\/clinicaverda.cetrexmarketing.com\/\",\"name\":\"La Cl\u00ednica Verda\",\"description\":\"Cetrex new project\",\"publisher\":{\"@id\":\"https:\/\/clinicaverda.cetrexmarketing.com\/#organization\"},\"potentialAction\":[{\"@type\":\"SearchAction\",\"target\":{\"@type\":\"EntryPoint\",\"urlTemplate\":\"https:\/\/clinicaverda.cetrexmarketing.com\/?s={search_term_string}\"},\"query-input\":{\"@type\":\"PropertyValueSpecification\",\"valueRequired\":true,\"valueName\":\"search_term_string\"}}],\"inLanguage\":\"es\"},{\"@type\":\"Organization\",\"@id\":\"https:\/\/clinicaverda.cetrexmarketing.com\/#organization\",\"name\":\"La Cl\u00ednica Verda\",\"url\":\"https:\/\/clinicaverda.cetrexmarketing.com\/\",\"logo\":{\"@type\":\"ImageObject\",\"inLanguage\":\"es\",\"@id\":\"https:\/\/clinicaverda.cetrexmarketing.com\/#\/schema\/logo\/image\/\",\"url\":\"https:\/\/clinicaverda.cetrexmarketing.com\/wp-content\/uploads\/2022\/05\/logo-la-clinica-verda.png\",\"contentUrl\":\"https:\/\/clinicaverda.cetrexmarketing.com\/wp-content\/uploads\/2022\/05\/logo-la-clinica-verda.png\",\"width\":900,\"height\":256,\"caption\":\"La Cl\u00ednica Verda\"},\"image\":{\"@id\":\"https:\/\/clinicaverda.cetrexmarketing.com\/#\/schema\/logo\/image\/\"}}]}<\/script>\n<!-- \/ Yoast SEO plugin. -->","yoast_head_json":{"title":"Nutrici\u00f3n - La Cl\u00ednica Verda","robots":{"index":"noindex","follow":"follow","max-snippet":"max-snippet:-1","max-image-preview":"max-image-preview:large","max-video-preview":"max-video-preview:-1"},"og_locale":"es_ES","og_type":"article","og_title":"Nutrici\u00f3n - La Cl\u00ednica Verda","og_url":"https:\/\/clinicaverda.cetrexmarketing.com\/es\/nutricion\/","og_site_name":"La Cl\u00ednica Verda","article_modified_time":"2023-04-01T06:31:32+00:00","twitter_card":"summary_large_image","twitter_misc":{"Tiempo de lectura":"6 minutos"},"schema":{"@context":"https:\/\/schema.org","@graph":[{"@type":"WebPage","@id":"https:\/\/clinicaverda.cetrexmarketing.com\/es\/nutricion\/","url":"https:\/\/clinicaverda.cetrexmarketing.com\/es\/nutricion\/","name":"Nutrici\u00f3n - La Cl\u00ednica Verda","isPartOf":{"@id":"https:\/\/clinicaverda.cetrexmarketing.com\/#website"},"datePublished":"2022-08-23T08:53:44+00:00","dateModified":"2023-04-01T06:31:32+00:00","breadcrumb":{"@id":"https:\/\/clinicaverda.cetrexmarketing.com\/es\/nutricion\/#breadcrumb"},"inLanguage":"es","potentialAction":[{"@type":"ReadAction","target":["https:\/\/clinicaverda.cetrexmarketing.com\/es\/nutricion\/"]}]},{"@type":"BreadcrumbList","@id":"https:\/\/clinicaverda.cetrexmarketing.com\/es\/nutricion\/#breadcrumb","itemListElement":[{"@type":"ListItem","position":1,"name":"Home","item":"https:\/\/clinicaverda.cetrexmarketing.com\/es\/"},{"@type":"ListItem","position":2,"name":"Nutrici\u00f3n"}]},{"@type":"WebSite","@id":"https:\/\/clinicaverda.cetrexmarketing.com\/#website","url":"https:\/\/clinicaverda.cetrexmarketing.com\/","name":"La Cl\u00ednica Verda","description":"Cetrex new project","publisher":{"@id":"https:\/\/clinicaverda.cetrexmarketing.com\/#organization"},"potentialAction":[{"@type":"SearchAction","target":{"@type":"EntryPoint","urlTemplate":"https:\/\/clinicaverda.cetrexmarketing.com\/?s={search_term_string}"},"query-input":{"@type":"PropertyValueSpecification","valueRequired":true,"valueName":"search_term_string"}}],"inLanguage":"es"},{"@type":"Organization","@id":"https:\/\/clinicaverda.cetrexmarketing.com\/#organization","name":"La Cl\u00ednica Verda","url":"https:\/\/clinicaverda.cetrexmarketing.com\/","logo":{"@type":"ImageObject","inLanguage":"es","@id":"https:\/\/clinicaverda.cetrexmarketing.com\/#\/schema\/logo\/image\/","url":"https:\/\/clinicaverda.cetrexmarketing.com\/wp-content\/uploads\/2022\/05\/logo-la-clinica-verda.png","contentUrl":"https:\/\/clinicaverda.cetrexmarketing.com\/wp-content\/uploads\/2022\/05\/logo-la-clinica-verda.png","width":900,"height":256,"caption":"La Cl\u00ednica Verda"},"image":{"@id":"https:\/\/clinicaverda.cetrexmarketing.com\/#\/schema\/logo\/image\/"}}]}},"_links":{"self":[{"href":"https:\/\/clinicaverda.cetrexmarketing.com\/es\/wp-json\/wp\/v2\/pages\/1752","targetHints":{"allow":["GET"]}}],"collection":[{"href":"https:\/\/clinicaverda.cetrexmarketing.com\/es\/wp-json\/wp\/v2\/pages"}],"about":[{"href":"https:\/\/clinicaverda.cetrexmarketing.com\/es\/wp-json\/wp\/v2\/types\/page"}],"author":[{"embeddable":true,"href":"https:\/\/clinicaverda.cetrexmarketing.com\/es\/wp-json\/wp\/v2\/users\/1"}],"replies":[{"embeddable":true,"href":"https:\/\/clinicaverda.cetrexmarketing.com\/es\/wp-json\/wp\/v2\/comments?post=1752"}],"version-history":[{"count":6,"href":"https:\/\/clinicaverda.cetrexmarketing.com\/es\/wp-json\/wp\/v2\/pages\/1752\/revisions"}],"predecessor-version":[{"id":2540,"href":"https:\/\/clinicaverda.cetrexmarketing.com\/es\/wp-json\/wp\/v2\/pages\/1752\/revisions\/2540"}],"wp:attachment":[{"href":"https:\/\/clinicaverda.cetrexmarketing.com\/es\/wp-json\/wp\/v2\/media?parent=1752"}],"curies":[{"name":"wp","href":"https:\/\/api.w.org\/{rel}","templated":true}]}}