{"id":1747,"date":"2022-08-23T08:39:53","date_gmt":"2022-08-23T08:39:53","guid":{"rendered":"https:\/\/clinicaverda.cetrexmarketing.com\/?page_id=1747"},"modified":"2023-03-30T07:13:03","modified_gmt":"2023-03-30T07:13:03","slug":"medicina","status":"publish","type":"page","link":"https:\/\/clinicaverda.cetrexmarketing.com\/es\/medicina\/","title":{"rendered":"Medicina"},"content":{"rendered":"<div class=\"wpb-content-wrapper\"><div class=\"vc_section vc_custom_1669805035010 wpex-vc-full-width-section wpex-vc-full-width-section--centered wpex-relative wpex-vc_section-has-fill wpex-vc-reset-negative-margin\" style=\"background-position:center center!important;\"><div class=\"vc_row wpb_row vc_row-fluid wpex-relative no-bottom-margins\"><div class=\"wpb_column vc_column_container vc_col-sm-6\"><div class=\"vc_column-inner\"><div class=\"wpb_wrapper\"><div class=\"vcex-spacing wpex-w-100 wpex-clear\" style=\"height:100px;\"><\/div><\/div><\/div><\/div><div class=\"wpb_column vc_column_container vc_col-sm-6\"><div class=\"vc_column-inner\"><div class=\"wpb_wrapper\">\n\t<div  class=\"wpb_single_image wpb_content_element vc_align_ wpb_content_element  imagenabsoluta\">\n\t\t\n\t\t<figure class=\"wpb_wrapper vc_figure\">\n\t\t\t<div class=\"vc_single_image-wrapper   vc_box_border_grey\"><img width=\"350\" height=\"400\" src=\"https:\/\/clinicaverda.cetrexmarketing.com\/wp-content\/uploads\/2022\/05\/imatge-logo-clinica-verda-1.png\" class=\"vc_single_image-img attachment-full\" alt=\"\" title=\"imatge-logo-clinica-verda-1\" srcset=\"https:\/\/clinicaverda.cetrexmarketing.com\/wp-content\/uploads\/2022\/05\/imatge-logo-clinica-verda-1.png 350w, https:\/\/clinicaverda.cetrexmarketing.com\/wp-content\/uploads\/2022\/05\/imatge-logo-clinica-verda-1-263x300.png 263w\" sizes=\"(max-width: 350px) 100vw, 350px\" \/><\/div>\n\t\t<\/figure>\n\t<\/div>\n<\/div><\/div><\/div><\/div><\/div><div class=\"vc_section vc_custom_1652780065097 wpex-vc-full-width-section wpex-vc-full-width-section--centered wpex-relative wpex-vc_section-has-fill wpex-vc-reset-negative-margin\"><div class=\"vc_row wpb_row vc_row-fluid wpex-relative no-bottom-margins\"><div class=\"wpb_column vc_column_container vc_col-sm-12\"><div class=\"vc_column-inner\"><div class=\"wpb_wrapper\">\n\t<div style=\"color:#005e63;font-size:20px;\" class=\"wpb_text_column has-custom-color wpex-child-inherit-color wpb_content_element\" >\n\t\t<div class=\"wpb_wrapper\">\n\t\t\t<p>Especialitats Conscients<\/p>\n\n\t\t<\/div>\n\t<\/div>\n<div class=\"vcex-spacing wpex-w-100 wpex-clear\" style=\"height:10px;\"><\/div>\n\t<div style=\"color:#ffffff;\" class=\"wpb_text_column has-custom-color wpex-child-inherit-color wpb_content_element\" >\n\t\t<div class=\"wpb_wrapper\">\n\t\t\t<h1>Medicina<\/h1>\n\n\t\t<\/div>\n\t<\/div>\n<\/div><\/div><\/div><\/div><\/div><div class=\"vc_row wpb_row vc_row-fluid vc_custom_1660122416802 vc_column-gap-30 wpex-relative\"><div class=\"wpb_column vc_column_container vc_col-sm-6\"><div class=\"vc_column-inner\"><div class=\"wpb_wrapper\">\n\t<div class=\"wpb_text_column wpb_content_element\" >\n\t\t<div class=\"wpb_wrapper\">\n\t\t\t<p><span style=\"font-weight: 400;\">En la Cl\u00ednica Verda la medicina que ofrecemos, es una medicina bioreguladora, ya que nuestro objetivo siempre es potenciar la capacidad autorreguladora y autosanadora del propio cuerpo.<\/span><\/p>\n<p><span style=\"font-weight: 400;\">La medicina bioreguladora est\u00e1 basada en los principios de Claude Bernard, de la medicina experimental y de la nueva medicina germ\u00e1nica del doctor Hammer. Se trata de identificar y retirar t\u00f3xicos que imposibilitan la autocuraci\u00f3n. Estos pueden tener forma f\u00edsica, forma bioqu\u00edmica, forma psicoemocional y forma energ\u00e9tica.<\/span><\/p>\n<p><span style=\"font-weight: 400;\"> De esta forma estamos teniendo en cuenta los cuatro campos que conforman el organismo:<\/span><\/p>\n<p><strong>-En el Plano F\u00edsico: <span style=\"font-weight: 400;\">podemos identificar f\u00e1cilmente estructuras adquiridas como pr\u00f3tesis (por ejemplo mamarias) e implantes (por ejemplo implantes dentales) que necesariamente implican una reacci\u00f3n en el sistema que las acoge. Esta reacci\u00f3n puede aparecer en cualquiera de los cuatro campos anteriormente citados. Todos los meridianos de acupuntura cruzan la boca y planta de los pies. Cualquier introducci\u00f3n de un agente externo en estas dos partes del cuerpo tiene un efecto a distancia que puede ser m\u00e1s o menos evidente y se llama foco irritativo. Las cicatrices en la piel tambi\u00e9n son barreras en el flujo energ\u00e9tico de los meridianos de acupuntura que cruzan, provocando una disminuci\u00f3n del flujo energ\u00e9tico en ese punto. Por tanto, aqu\u00ed vemos c\u00f3mo una alteraci\u00f3n en el campo f\u00edsico puede tener consecuencias en el campo energ\u00e9tico, y viceversa.<\/span><\/strong><\/p>\n<p><strong>-En el Plano Bioqu\u00edmico:<span style=\"font-weight: 400;\"> estudiamos las mol\u00e9culas, iones y \u00e1tomos que conforman nuestros tejidos. La variable m\u00e1s limitante de nuestro cuerpo bioqu\u00edmico es el pH. Este debe mantenerse invariable por nuestra salud. Si var\u00eda hacia \u00e1cido se inicia un sobre crecimiento bacteriano y una descalcificaci\u00f3n de tejidos duros.<\/span><\/strong><\/p>\n<p>Esta explicaci\u00f3n sirve para entender porque una bacteria como la E.Cuele, que vive en todos nosotros, en algunos individuos se vuelve tanto perjudicial (\u00falceras, diarreas, infecciones de orina, etc.). Tenemos que utilizar atbc? No, tenemos que restituir el pH.<\/p>\n<p><span style=\"font-weight: 400;\">Otro ejemplo muy com\u00fan es la descalcificaci\u00f3n de huesos y dientes: los huesos y los dientes son el reservorio natural de calcio (ion Ca+) del cuerpo, as\u00ed que para reequilibrar el pH el organismo toma Ca de huesos y dientes. \u00bfEs necesario tomar Ca+ sint\u00e9tico? No, es necesario tener una alimentaci\u00f3n alta en calcio biodisponible.<\/span><\/p>\n<p>Los iones met\u00e1licos son esenciales por la vida puesto que est\u00e1n implicados en el funcionamiento de nuestro sistema nervioso, entre otros. Actualmente existen m\u00faltiplos contaminantes provenientes de la industria, llamados metales pesados. Estos interfieren en el proceso habitual de transmisi\u00f3n nerviosa provocando m\u00faltiples enfermedades (Alzheimer, enfermedades neurodegenerativas\u2026). No es casual que en la mayor\u00eda de anal\u00edticas encontremos pacientes bajos en zinc, selenio, magnesio y molibdeno puesto que los metales pesados provenientes de la contaminaci\u00f3n industrial y de la alimentaci\u00f3n se unen a los receptores y desbanquen estos elementos b\u00e1sicos para nuestro bienestar.<\/p>\n<p>Bacterias, hongos y par\u00e1sitos\u00a0 excretan sustancias t\u00f3xicas (toxinas) que tambi\u00e9n influencian en el desequilibrio bioqu\u00edmico. A la vez tambi\u00e9n se alimentan de nosotros. Los virus se recombinan con El ADN de nuestras c\u00e9lulas, haciendo que estas se comporten de manera patol\u00f3gica.<\/p>\n<p>En todos los casos se trata de desintoxicar, desprogramar, liberar y movilizar t\u00f3xicos del cuerpo.<\/p>\n\n\t\t<\/div>\n\t<\/div>\n<\/div><\/div><\/div><div class=\"wpb_column vc_column_container vc_col-sm-6\"><div class=\"vc_column-inner\"><div class=\"wpb_wrapper\"><div class=\"vcex-spacing wpex-w-100 wpex-clear\" style=\"height:10px;\"><\/div>\n\t<div class=\"wpb_text_column wpb_content_element\" >\n\t\t<div class=\"wpb_wrapper\">\n\t\t\t<p><strong>&#8211;\u00a0<\/strong><span style=\"font-weight: 400;\"><strong>En el Plano Psicoemocional<\/strong>: es necesario tener en cuenta y tratar emociones bloqueadas a nivel subconsciente que nos est\u00e1n provocando dolencias f\u00edsicas, o incluso emociones de las que somos m\u00e1s conscientes, pero para las que no tenemos las herramientas necesarias en este momento. Pues cualquiera de estos casos, y otros muchos, pueden ser los causantes silenciosos del motivo de consulta de la persona que nos visita.<\/span><strong><br style=\"font-weight: 400;\" \/><\/strong><\/p>\n<p><strong>-En el Plano Energ\u00e9tico:<span style=\"font-weight: 400;\"> encontramos todo lo referente a bloqueos de canales energ\u00e9ticos (meridianos de acupuntura) y tambi\u00e9n afectaciones del medio en el que habita la persona, es decir, geopat\u00edas, contaminantes ambientales, campos electromagn\u00e9ticos, altas frecuencias, etc. Todo esto tambi\u00e9n puede estar impidiendo un estado de salud \u00f3ptimo y lo tenemos en cuenta.<\/span><\/strong><\/p>\n<p><span style=\"font-weight: 400;\">Para contemplar y tratar todos estos campos tambi\u00e9n aplicamos principios m\u00e9dicos procedentes de la Naturopat\u00eda, conocida tambi\u00e9n como medicina naturista, que igualmente promueve la autocuraci\u00f3n del organismo a partir de t\u00e9cnicas naturales y no invasivas, como la dietoterapia, la oligoterapia, las sales de Sch\u00fcssler, la kinesiolog\u00eda, la terapia orto-molecular, la fitoterapia, los aceites esenciales, o est\u00edmulos naturales como el agua de mar o las flores de Bach.<\/span><\/p>\n<p><span style=\"font-weight: 400;\">En Naturopat\u00eda no se trata solamente el s\u00edntoma, sino que se busca su origen, se averiguan las razones que llevan al organismo a desarrollar una patolog\u00eda y se busca acabar con el problema desde la base.<\/span><\/p>\n<p><span style=\"font-weight: 400;\">En nuestra metodolog\u00eda de trabajo se empieza siempre mirando el terreno. Imag\u00ednate un campo en el que quieras plantar. Primero habr\u00e1 que limpiarlo y nutrirlo, para sembrar la semilla que finalmente dar\u00e1 sus frutos. Pues llevamos esta idea al cuerpo: Antes de someterse a cualquier tratamiento, el primer paso ser\u00eda retirar sus t\u00f3xicos, asegurar una buena evacuaci\u00f3n, mantener una dieta limpia, bajar el nivel de estr\u00e9s y mantener un sistema inmunitario fuerte.<\/span><\/p>\n<p><span style=\"font-weight: 400;\">En definitiva, cambiar los h\u00e1bitos de forma que favorezcan tu salud. Un cuerpo limpio es un cuerpo m\u00e1s apto para conseguir el \u00e9xito del tratamiento y ganar en calidad de vida.<\/span><\/p>\n\n\t\t<\/div>\n\t<\/div>\n<div class=\"vc_separator wpb_content_element vc_separator_align_center vc_sep_width_100 vc_sep_pos_align_center vc_separator_no_text vc_sep_color_white vc_custom_1676469612441 wpb_content_element  vc_custom_1676469612441 wpb_content_element\" ><span class=\"vc_sep_holder vc_sep_holder_l\"><span class=\"vc_sep_line\"><\/span><\/span><span class=\"vc_sep_holder vc_sep_holder_r\"><span class=\"vc_sep_line\"><\/span><\/span>\n<\/div>\n\t<div  class=\"wpb_single_image wpb_content_element vc_align_ wpb_content_element\">\n\t\t\n\t\t<figure class=\"wpb_wrapper vc_figure\">\n\t\t\t<div class=\"vc_single_image-wrapper   vc_box_border_grey\"><img width=\"1600\" height=\"1067\" src=\"https:\/\/clinicaverda.cetrexmarketing.com\/wp-content\/uploads\/2023\/02\/clinicaverda_montsecapdevila-07677.jpg\" class=\"vc_single_image-img attachment-full\" alt=\"\" title=\"La Clinica Verda\" srcset=\"https:\/\/clinicaverda.cetrexmarketing.com\/wp-content\/uploads\/2023\/02\/clinicaverda_montsecapdevila-07677.jpg 1600w, https:\/\/clinicaverda.cetrexmarketing.com\/wp-content\/uploads\/2023\/02\/clinicaverda_montsecapdevila-07677-300x200.jpg 300w, https:\/\/clinicaverda.cetrexmarketing.com\/wp-content\/uploads\/2023\/02\/clinicaverda_montsecapdevila-07677-1024x683.jpg 1024w, https:\/\/clinicaverda.cetrexmarketing.com\/wp-content\/uploads\/2023\/02\/clinicaverda_montsecapdevila-07677-768x512.jpg 768w, https:\/\/clinicaverda.cetrexmarketing.com\/wp-content\/uploads\/2023\/02\/clinicaverda_montsecapdevila-07677-391x260.jpg 391w, https:\/\/clinicaverda.cetrexmarketing.com\/wp-content\/uploads\/2023\/02\/clinicaverda_montsecapdevila-07677-1536x1024.jpg 1536w\" sizes=\"(max-width: 1600px) 100vw, 1600px\" \/><\/div>\n\t\t<\/figure>\n\t<\/div>\n<\/div><\/div><\/div><\/div><div class=\"vc_section vc_custom_1652780947417 wpex-vc-full-width-section wpex-vc-full-width-section--centered wpex-relative wpex-vc_section-has-fill wpex-vc-reset-negative-margin\"><div class=\"vc_row wpb_row vc_row-fluid vc_custom_1664437319481 wpex-relative no-bottom-margins\"><div class=\"wpb_column vc_column_container vc_col-sm-12\"><div class=\"vc_column-inner\"><div class=\"wpb_wrapper\">\n\t<div class=\"wpb_text_column wpb_content_element\" >\n\t\t<div class=\"wpb_wrapper\">\n\t\t\t<h3 style=\"text-align: center;\">Contacta con nosotros<\/h3>\n\n\t\t<\/div>\n\t<\/div>\n\n\t<div class=\"wpb_text_column wpb_content_element\" >\n\t\t<div class=\"wpb_wrapper\">\n\t\t\t<p style=\"text-align: center;\">Los campos con * son obligatorios<\/p>\n\n\t\t<\/div>\n\t<\/div>\n<\/div><\/div><\/div><\/div><div class=\"vc_row wpb_row vc_row-fluid wpex-relative no-bottom-margins\"><div class=\"wpb_column vc_column_container vc_col-sm-3\"><div class=\"vc_column-inner\"><div class=\"wpb_wrapper\"><\/div><\/div><\/div><div class=\"wpb_column vc_column_container vc_col-sm-6 wpex-vc_col-has-fill\"><div class=\"vc_column-inner vc_custom_1664437382995\"><div class=\"wpb_wrapper\">\n<div class=\"wpcf7 no-js\" id=\"wpcf7-f2289-o1\" lang=\"es-ES\" dir=\"ltr\" data-wpcf7-id=\"2289\">\n<div class=\"screen-reader-response\"><p role=\"status\" aria-live=\"polite\" aria-atomic=\"true\"><\/p> <ul><\/ul><\/div>\n<form action=\"\/es\/wp-json\/wp\/v2\/pages\/1747#wpcf7-f2289-o1\" method=\"post\" class=\"wpcf7-form init\" aria-label=\"Formulario de contacto\" novalidate=\"novalidate\" data-status=\"init\">\n<fieldset class=\"hidden-fields-container\"><input type=\"hidden\" name=\"_wpcf7\" value=\"2289\" \/><input type=\"hidden\" name=\"_wpcf7_version\" value=\"6.1.4\" \/><input type=\"hidden\" name=\"_wpcf7_locale\" value=\"es_ES\" \/><input type=\"hidden\" name=\"_wpcf7_unit_tag\" value=\"wpcf7-f2289-o1\" \/><input type=\"hidden\" name=\"_wpcf7_container_post\" value=\"0\" \/><input type=\"hidden\" name=\"_wpcf7_posted_data_hash\" value=\"\" \/><input type=\"hidden\" name=\"_wpcf7_recaptcha_response\" value=\"\" \/>\n<\/fieldset>\n<p><span class=\"wpcf7-form-control-wrap\" data-name=\"motiu\"><select class=\"wpcf7-form-control wpcf7-select wpcf7-validates-as-required\" aria-required=\"true\" aria-invalid=\"false\" name=\"motiu\"><option value=\"Selecciona el motivo\">Selecciona el motivo<\/option><option value=\"Pedir informaci\u00f3n\">Pedir informaci\u00f3n<\/option><option value=\"Pedir consulta o llamada\">Pedir consulta o llamada<\/option><option value=\"Contar mi caso\">Contar mi caso<\/option><option value=\"Inscripci\u00f3n a formaci\u00f3n\">Inscripci\u00f3n a formaci\u00f3n<\/option><option value=\"otros\">otros<\/option><\/select><\/span>\n<\/p>\n<p><span class=\"wpcf7-form-control-wrap\" data-name=\"your-name\"><input size=\"40\" maxlength=\"400\" class=\"wpcf7-form-control wpcf7-text wpcf7-validates-as-required\" aria-required=\"true\" aria-invalid=\"false\" placeholder=\"Nombre y apellidos*\" value=\"\" type=\"text\" name=\"your-name\" \/><\/span>\n<\/p>\n<p><span class=\"wpcf7-form-control-wrap\" data-name=\"your-email\"><input size=\"40\" maxlength=\"400\" class=\"wpcf7-form-control wpcf7-email wpcf7-validates-as-required wpcf7-text wpcf7-validates-as-email\" aria-required=\"true\" aria-invalid=\"false\" placeholder=\"Email*\" value=\"\" type=\"email\" name=\"your-email\" \/><\/span>\n<\/p>\n<p><span class=\"wpcf7-form-control-wrap\" data-name=\"your-phone\"><input size=\"40\" maxlength=\"400\" class=\"wpcf7-form-control wpcf7-text wpcf7-validates-as-required\" aria-required=\"true\" aria-invalid=\"false\" placeholder=\"Tel\u00e9fono*\" value=\"\" type=\"text\" name=\"your-phone\" \/><\/span>\n<\/p>\n<p><span class=\"wpcf7-form-control-wrap\" data-name=\"your-message\"><textarea cols=\"40\" rows=\"10\" maxlength=\"2000\" class=\"wpcf7-form-control wpcf7-textarea\" aria-invalid=\"false\" placeholder=\"Mensaje*\" name=\"your-message\"><\/textarea><\/span>\n<\/p>\n<p><span class=\"wpcf7-form-control-wrap\" data-name=\"acceptance-697\"><span class=\"wpcf7-form-control wpcf7-acceptance\"><span class=\"wpcf7-list-item\"><input type=\"checkbox\" name=\"acceptance-697\" value=\"1\" aria-invalid=\"false\" \/><\/span><\/span><\/span> Acepto el <a href=\"\/es\/avisos-legales\/\">Aviso legal<\/a> y la <a href=\"\/es\/politica-de-privacidad\/\">pol\u00edtica de privacidad<\/a>\n<\/p>\n<p><input class=\"wpcf7-form-control wpcf7-submit has-spinner\" type=\"submit\" value=\"Enviar\" \/>\n<\/p><p style=\"display: none !important;\" class=\"akismet-fields-container\" data-prefix=\"_wpcf7_ak_\"><label>&#916;<textarea name=\"_wpcf7_ak_hp_textarea\" cols=\"45\" rows=\"8\" maxlength=\"100\"><\/textarea><\/label><input type=\"hidden\" id=\"ak_js_1\" name=\"_wpcf7_ak_js\" value=\"103\"\/><script>document.getElementById( \"ak_js_1\" ).setAttribute( \"value\", ( new Date() ).getTime() );<\/script><\/p><div class=\"wpcf7-response-output\" aria-hidden=\"true\"><\/div>\n<\/form>\n<\/div>\n<\/div><\/div><\/div><div class=\"wpb_column vc_column_container vc_col-sm-3\"><div class=\"vc_column-inner\"><div class=\"wpb_wrapper\"><\/div><\/div><\/div><\/div><\/div>\n<\/div>","protected":false},"excerpt":{"rendered":"Especialitats Conscients Medicina En la Cl\u00ednica Verda la medicina que ofrecemos, es una medicina bioreguladora, ya que nuestro objetivo siempre es potenciar la capacidad autorreguladora y autosanadora del propio cuerpo. La medicina bioreguladora est\u00e1 basada en los principios de Claude Bernard, de la medicina experimental y de la nueva medicina germ\u00e1nica del doctor Hammer. Se&hellip;","protected":false},"author":1,"featured_media":0,"parent":0,"menu_order":0,"comment_status":"closed","ping_status":"closed","template":"","meta":{"footnotes":""},"class_list":["post-1747","page","type-page","status-publish","hentry","entry","no-media"],"yoast_head":"<!-- This site is optimized with the Yoast SEO plugin v26.9 - https:\/\/yoast.com\/product\/yoast-seo-wordpress\/ -->\n<title>Medicina - La Cl\u00ednica Verda<\/title>\n<meta name=\"robots\" content=\"noindex, follow, max-snippet:-1, max-image-preview:large, max-video-preview:-1\" \/>\n<meta property=\"og:locale\" content=\"es_ES\" \/>\n<meta property=\"og:type\" content=\"article\" \/>\n<meta property=\"og:title\" content=\"Medicina - La Cl\u00ednica Verda\" \/>\n<meta property=\"og:url\" content=\"https:\/\/clinicaverda.cetrexmarketing.com\/es\/medicina\/\" \/>\n<meta property=\"og:site_name\" content=\"La Cl\u00ednica Verda\" \/>\n<meta property=\"article:modified_time\" content=\"2023-03-30T07:13:03+00:00\" \/>\n<meta name=\"twitter:card\" content=\"summary_large_image\" \/>\n<meta name=\"twitter:label1\" content=\"Tiempo de lectura\" \/>\n\t<meta name=\"twitter:data1\" content=\"6 minutos\" \/>\n<script type=\"application\/ld+json\" class=\"yoast-schema-graph\">{\"@context\":\"https:\/\/schema.org\",\"@graph\":[{\"@type\":\"WebPage\",\"@id\":\"https:\/\/clinicaverda.cetrexmarketing.com\/es\/medicina\/\",\"url\":\"https:\/\/clinicaverda.cetrexmarketing.com\/es\/medicina\/\",\"name\":\"Medicina - La Cl\u00ednica Verda\",\"isPartOf\":{\"@id\":\"https:\/\/clinicaverda.cetrexmarketing.com\/#website\"},\"datePublished\":\"2022-08-23T08:39:53+00:00\",\"dateModified\":\"2023-03-30T07:13:03+00:00\",\"breadcrumb\":{\"@id\":\"https:\/\/clinicaverda.cetrexmarketing.com\/es\/medicina\/#breadcrumb\"},\"inLanguage\":\"es\",\"potentialAction\":[{\"@type\":\"ReadAction\",\"target\":[\"https:\/\/clinicaverda.cetrexmarketing.com\/es\/medicina\/\"]}]},{\"@type\":\"BreadcrumbList\",\"@id\":\"https:\/\/clinicaverda.cetrexmarketing.com\/es\/medicina\/#breadcrumb\",\"itemListElement\":[{\"@type\":\"ListItem\",\"position\":1,\"name\":\"Home\",\"item\":\"https:\/\/clinicaverda.cetrexmarketing.com\/es\/\"},{\"@type\":\"ListItem\",\"position\":2,\"name\":\"Medicina\"}]},{\"@type\":\"WebSite\",\"@id\":\"https:\/\/clinicaverda.cetrexmarketing.com\/#website\",\"url\":\"https:\/\/clinicaverda.cetrexmarketing.com\/\",\"name\":\"La Cl\u00ednica Verda\",\"description\":\"Cetrex new project\",\"publisher\":{\"@id\":\"https:\/\/clinicaverda.cetrexmarketing.com\/#organization\"},\"potentialAction\":[{\"@type\":\"SearchAction\",\"target\":{\"@type\":\"EntryPoint\",\"urlTemplate\":\"https:\/\/clinicaverda.cetrexmarketing.com\/?s={search_term_string}\"},\"query-input\":{\"@type\":\"PropertyValueSpecification\",\"valueRequired\":true,\"valueName\":\"search_term_string\"}}],\"inLanguage\":\"es\"},{\"@type\":\"Organization\",\"@id\":\"https:\/\/clinicaverda.cetrexmarketing.com\/#organization\",\"name\":\"La Cl\u00ednica Verda\",\"url\":\"https:\/\/clinicaverda.cetrexmarketing.com\/\",\"logo\":{\"@type\":\"ImageObject\",\"inLanguage\":\"es\",\"@id\":\"https:\/\/clinicaverda.cetrexmarketing.com\/#\/schema\/logo\/image\/\",\"url\":\"https:\/\/clinicaverda.cetrexmarketing.com\/wp-content\/uploads\/2022\/05\/logo-la-clinica-verda.png\",\"contentUrl\":\"https:\/\/clinicaverda.cetrexmarketing.com\/wp-content\/uploads\/2022\/05\/logo-la-clinica-verda.png\",\"width\":900,\"height\":256,\"caption\":\"La Cl\u00ednica Verda\"},\"image\":{\"@id\":\"https:\/\/clinicaverda.cetrexmarketing.com\/#\/schema\/logo\/image\/\"}}]}<\/script>\n<!-- \/ Yoast SEO plugin. -->","yoast_head_json":{"title":"Medicina - La Cl\u00ednica Verda","robots":{"index":"noindex","follow":"follow","max-snippet":"max-snippet:-1","max-image-preview":"max-image-preview:large","max-video-preview":"max-video-preview:-1"},"og_locale":"es_ES","og_type":"article","og_title":"Medicina - La Cl\u00ednica Verda","og_url":"https:\/\/clinicaverda.cetrexmarketing.com\/es\/medicina\/","og_site_name":"La Cl\u00ednica Verda","article_modified_time":"2023-03-30T07:13:03+00:00","twitter_card":"summary_large_image","twitter_misc":{"Tiempo de lectura":"6 minutos"},"schema":{"@context":"https:\/\/schema.org","@graph":[{"@type":"WebPage","@id":"https:\/\/clinicaverda.cetrexmarketing.com\/es\/medicina\/","url":"https:\/\/clinicaverda.cetrexmarketing.com\/es\/medicina\/","name":"Medicina - La Cl\u00ednica Verda","isPartOf":{"@id":"https:\/\/clinicaverda.cetrexmarketing.com\/#website"},"datePublished":"2022-08-23T08:39:53+00:00","dateModified":"2023-03-30T07:13:03+00:00","breadcrumb":{"@id":"https:\/\/clinicaverda.cetrexmarketing.com\/es\/medicina\/#breadcrumb"},"inLanguage":"es","potentialAction":[{"@type":"ReadAction","target":["https:\/\/clinicaverda.cetrexmarketing.com\/es\/medicina\/"]}]},{"@type":"BreadcrumbList","@id":"https:\/\/clinicaverda.cetrexmarketing.com\/es\/medicina\/#breadcrumb","itemListElement":[{"@type":"ListItem","position":1,"name":"Home","item":"https:\/\/clinicaverda.cetrexmarketing.com\/es\/"},{"@type":"ListItem","position":2,"name":"Medicina"}]},{"@type":"WebSite","@id":"https:\/\/clinicaverda.cetrexmarketing.com\/#website","url":"https:\/\/clinicaverda.cetrexmarketing.com\/","name":"La Cl\u00ednica Verda","description":"Cetrex new project","publisher":{"@id":"https:\/\/clinicaverda.cetrexmarketing.com\/#organization"},"potentialAction":[{"@type":"SearchAction","target":{"@type":"EntryPoint","urlTemplate":"https:\/\/clinicaverda.cetrexmarketing.com\/?s={search_term_string}"},"query-input":{"@type":"PropertyValueSpecification","valueRequired":true,"valueName":"search_term_string"}}],"inLanguage":"es"},{"@type":"Organization","@id":"https:\/\/clinicaverda.cetrexmarketing.com\/#organization","name":"La Cl\u00ednica Verda","url":"https:\/\/clinicaverda.cetrexmarketing.com\/","logo":{"@type":"ImageObject","inLanguage":"es","@id":"https:\/\/clinicaverda.cetrexmarketing.com\/#\/schema\/logo\/image\/","url":"https:\/\/clinicaverda.cetrexmarketing.com\/wp-content\/uploads\/2022\/05\/logo-la-clinica-verda.png","contentUrl":"https:\/\/clinicaverda.cetrexmarketing.com\/wp-content\/uploads\/2022\/05\/logo-la-clinica-verda.png","width":900,"height":256,"caption":"La Cl\u00ednica Verda"},"image":{"@id":"https:\/\/clinicaverda.cetrexmarketing.com\/#\/schema\/logo\/image\/"}}]}},"_links":{"self":[{"href":"https:\/\/clinicaverda.cetrexmarketing.com\/es\/wp-json\/wp\/v2\/pages\/1747","targetHints":{"allow":["GET"]}}],"collection":[{"href":"https:\/\/clinicaverda.cetrexmarketing.com\/es\/wp-json\/wp\/v2\/pages"}],"about":[{"href":"https:\/\/clinicaverda.cetrexmarketing.com\/es\/wp-json\/wp\/v2\/types\/page"}],"author":[{"embeddable":true,"href":"https:\/\/clinicaverda.cetrexmarketing.com\/es\/wp-json\/wp\/v2\/users\/1"}],"replies":[{"embeddable":true,"href":"https:\/\/clinicaverda.cetrexmarketing.com\/es\/wp-json\/wp\/v2\/comments?post=1747"}],"version-history":[{"count":3,"href":"https:\/\/clinicaverda.cetrexmarketing.com\/es\/wp-json\/wp\/v2\/pages\/1747\/revisions"}],"predecessor-version":[{"id":2481,"href":"https:\/\/clinicaverda.cetrexmarketing.com\/es\/wp-json\/wp\/v2\/pages\/1747\/revisions\/2481"}],"wp:attachment":[{"href":"https:\/\/clinicaverda.cetrexmarketing.com\/es\/wp-json\/wp\/v2\/media?parent=1747"}],"curies":[{"name":"wp","href":"https:\/\/api.w.org\/{rel}","templated":true}]}}