{"id":1724,"date":"2022-08-10T09:16:24","date_gmt":"2022-08-10T09:16:24","guid":{"rendered":"https:\/\/clinicaverda.cetrexmarketing.com\/?page_id=1724"},"modified":"2023-04-06T11:02:30","modified_gmt":"2023-04-06T11:02:30","slug":"dentosofia","status":"publish","type":"page","link":"https:\/\/clinicaverda.cetrexmarketing.com\/es\/dentosofia\/","title":{"rendered":"Dentosofia"},"content":{"rendered":"<div class=\"wpb-content-wrapper\"><div class=\"vc_section vc_custom_1669803257248 wpex-vc-full-width-section wpex-vc-full-width-section--centered wpex-relative wpex-vc_section-has-fill wpex-vc-reset-negative-margin\" style=\"background-position:center center!important;\"><div class=\"vc_row wpb_row vc_row-fluid wpex-relative no-bottom-margins\"><div class=\"wpb_column vc_column_container vc_col-sm-6\"><div class=\"vc_column-inner\"><div class=\"wpb_wrapper\"><div class=\"vcex-spacing wpex-w-100 wpex-clear\" style=\"height:100px;\"><\/div><\/div><\/div><\/div><div class=\"wpb_column vc_column_container vc_col-sm-6\"><div class=\"vc_column-inner\"><div class=\"wpb_wrapper\">\n\t<div  class=\"wpb_single_image wpb_content_element vc_align_ wpb_content_element  imagenabsoluta\">\n\t\t\n\t\t<figure class=\"wpb_wrapper vc_figure\">\n\t\t\t<div class=\"vc_single_image-wrapper   vc_box_border_grey\"><img width=\"350\" height=\"400\" src=\"https:\/\/clinicaverda.cetrexmarketing.com\/wp-content\/uploads\/2022\/05\/imatge-logo-clinica-verda-1.png\" class=\"vc_single_image-img attachment-full\" alt=\"\" title=\"imatge-logo-clinica-verda-1\" srcset=\"https:\/\/clinicaverda.cetrexmarketing.com\/wp-content\/uploads\/2022\/05\/imatge-logo-clinica-verda-1.png 350w, https:\/\/clinicaverda.cetrexmarketing.com\/wp-content\/uploads\/2022\/05\/imatge-logo-clinica-verda-1-263x300.png 263w\" sizes=\"(max-width: 350px) 100vw, 350px\" \/><\/div>\n\t\t<\/figure>\n\t<\/div>\n<\/div><\/div><\/div><\/div><\/div><div class=\"vc_section vc_custom_1652780065097 wpex-vc-full-width-section wpex-vc-full-width-section--centered wpex-relative wpex-vc_section-has-fill wpex-vc-reset-negative-margin\"><div class=\"vc_row wpb_row vc_row-fluid wpex-relative no-bottom-margins\"><div class=\"wpb_column vc_column_container vc_col-sm-12\"><div class=\"vc_column-inner\"><div class=\"wpb_wrapper\">\n\t<div style=\"color:#ffffff;\" class=\"wpb_text_column has-custom-color wpex-child-inherit-color wpb_content_element\" >\n\t\t<div class=\"wpb_wrapper\">\n\t\t\t<h1>Dentosofia<\/h1>\n\n\t\t<\/div>\n\t<\/div>\n<\/div><\/div><\/div><\/div><\/div><div class=\"vc_row wpb_row vc_row-fluid vc_custom_1660122981877 vc_column-gap-30 wpex-relative\"><div class=\"wpb_column vc_column_container vc_col-sm-6\"><div class=\"vc_column-inner\"><div class=\"wpb_wrapper\">\n\t<div class=\"wpb_text_column wpb_content_element\" >\n\t\t<div class=\"wpb_wrapper\">\n\t\t\t<p><span style=\"font-weight: 400;\">La dentosof\u00eda es una forma de practicar la odontolog\u00eda antropos\u00f3fica, ya que se trata de una terapia de aproximaci\u00f3n human\u00edstica, inspirada en la antroposof\u00eda y basada en t\u00e9cnicas funcionales.<\/span><\/p>\n<p><span style=\"font-weight: 400;\"><br \/>\n<\/span><span style=\"font-weight: 400;\">Esta trata las principales causas de las maloclusiones y desequilibrios bucodentales, es decir, las funciones de respiraci\u00f3n, degluci\u00f3n y masticaci\u00f3n.<\/span><\/p>\n<p><span style=\"font-weight: 400;\"><br \/>\n<\/span><span style=\"font-weight: 400;\">Aparte de esto, tambi\u00e9n podemos ofrecer un acompa\u00f1amiento de aproximaci\u00f3n antropos\u00f3fica que permite poner en evidencia la relaci\u00f3n entre el equilibrio de la boca, del cuerpo y del ser humano. Por eso decimos que tiene una aproximaci\u00f3n human\u00edstica, ya que no tratamos solamente la boca, sino que ante nosotros vemos a un ser humano con toda su amplitud, considerando su cuerpo f\u00edsico, pero tambi\u00e9n su cuerpo emocional-an\u00edmico, espiritual y el yo. Teniendo en cuenta las influencias de los septenios y de las edades espejo en la elaboraci\u00f3n del acompa\u00f1amiento para cada consultante.<\/span><\/p>\n<p><span style=\"font-weight: 400;\"><br \/>\nPor lo que se refiere a la parte m\u00e1s pr\u00e1ctica en la que se trata el cuerpo f\u00edsico, ponemos el foco mayoritariamente en las funciones principales de la regi\u00f3n bucodental, como hemos dicho antes, respiraci\u00f3n, degluci\u00f3n y masticaci\u00f3n. Si estas est\u00e1n alteradas y respiramos por la boca, colocamos la lengua contra los dientes cuando tragamos o masticamos prioritariamente por un solo lado, a lo largo de los a\u00f1os podemos observar faltas de espacio, api\u00f1amiento dental y malposiciones.<br \/>\n<\/span><\/p>\n\n\t\t<\/div>\n\t<\/div>\n<\/div><\/div><\/div><div class=\"wpb_column vc_column_container vc_col-sm-6\"><div class=\"vc_column-inner\"><div class=\"wpb_wrapper\">\n\t<div class=\"wpb_text_column wpb_content_element\" >\n\t\t<div class=\"wpb_wrapper\">\n\t\t\t<p><span style=\"font-weight: 400;\">En el caso de los ni\u00f1os es muy importante detectar estas alteraciones lo antes posible, incluso antes de recambiar los dientes de leche para dientes definitivos, ya que si podemos tratarlos evitaremos muchos problemas m\u00e1s adelante.<\/span><\/p>\n<p><span style=\"font-weight: 400;\"><br \/>\n<\/span><span style=\"font-weight: 400;\">En el caso de los adultos, este tratamiento puede ayudarnos a reequilibrar la mordida y as\u00ed recolocar la mand\u00edbula en una posici\u00f3n m\u00e1s fisiol\u00f3gica.<\/span><\/p>\n<p><span style=\"font-weight: 400;\"><br \/>\n<\/span><span style=\"font-weight: 400;\">As\u00ed pues, podemos tratar problemas de dolores en la articulaci\u00f3n temporo-mandibular, ronqueras, apneas del sue\u00f1o y alteraciones posturales u osteop\u00e1ticas, as\u00ed como evitar que las enc\u00edas se deterioren y sufran recesiones debidas al desequilibrio de la funci\u00f3n masticatoria y de la oclusi\u00f3n.<\/span><\/p>\n<p><span style=\"font-weight: 400;\"><br \/>\n<\/span><span style=\"font-weight: 400;\">En todos los casos el tratamiento se basa principalmente en llevar un aparato llamado activador plurifuncional: esta f\u00e9rula se coloca en la boca durante toda la noche y tambi\u00e9n durante algunos ratos del d\u00eda para realizar un trabajo m\u00e1s consciente.<\/span><\/p>\n\n\t\t<\/div>\n\t<\/div>\n<\/div><\/div><\/div><\/div><div class=\"vc_row wpb_row vc_row-fluid vc_column-gap-30 wpex-relative\"><div class=\"wpb_column vc_column_container vc_col-sm-6\"><div class=\"vc_column-inner\"><div class=\"wpb_wrapper\">\n\t<div  class=\"wpb_single_image wpb_content_element vc_align_ wpb_content_element\">\n\t\t\n\t\t<figure class=\"wpb_wrapper vc_figure\">\n\t\t\t<div class=\"vc_single_image-wrapper   vc_box_border_grey\"><img width=\"2467\" height=\"1645\" src=\"https:\/\/clinicaverda.cetrexmarketing.com\/wp-content\/uploads\/2022\/11\/MG_2845.jpg\" class=\"vc_single_image-img attachment-full\" alt=\"\" title=\"_MG_2845\" srcset=\"https:\/\/clinicaverda.cetrexmarketing.com\/wp-content\/uploads\/2022\/11\/MG_2845.jpg 2467w, https:\/\/clinicaverda.cetrexmarketing.com\/wp-content\/uploads\/2022\/11\/MG_2845-300x200.jpg 300w, https:\/\/clinicaverda.cetrexmarketing.com\/wp-content\/uploads\/2022\/11\/MG_2845-1024x683.jpg 1024w, https:\/\/clinicaverda.cetrexmarketing.com\/wp-content\/uploads\/2022\/11\/MG_2845-768x512.jpg 768w, https:\/\/clinicaverda.cetrexmarketing.com\/wp-content\/uploads\/2022\/11\/MG_2845-391x260.jpg 391w, https:\/\/clinicaverda.cetrexmarketing.com\/wp-content\/uploads\/2022\/11\/MG_2845-1536x1024.jpg 1536w, https:\/\/clinicaverda.cetrexmarketing.com\/wp-content\/uploads\/2022\/11\/MG_2845-2048x1366.jpg 2048w\" sizes=\"(max-width: 2467px) 100vw, 2467px\" \/><\/div>\n\t\t<\/figure>\n\t<\/div>\n<\/div><\/div><\/div><div class=\"wpb_column vc_column_container vc_col-sm-6\"><div class=\"vc_column-inner\"><div class=\"wpb_wrapper\">\n\t<div  class=\"wpb_single_image wpb_content_element vc_align_ wpb_content_element\">\n\t\t\n\t\t<figure class=\"wpb_wrapper vc_figure\">\n\t\t\t<div class=\"vc_single_image-wrapper   vc_box_border_grey\"><img width=\"2560\" height=\"1707\" src=\"https:\/\/clinicaverda.cetrexmarketing.com\/wp-content\/uploads\/2022\/11\/MG_3157-scaled.jpg\" class=\"vc_single_image-img attachment-full\" alt=\"\" title=\"_MG_3157\" srcset=\"https:\/\/clinicaverda.cetrexmarketing.com\/wp-content\/uploads\/2022\/11\/MG_3157-scaled.jpg 2560w, https:\/\/clinicaverda.cetrexmarketing.com\/wp-content\/uploads\/2022\/11\/MG_3157-300x200.jpg 300w, https:\/\/clinicaverda.cetrexmarketing.com\/wp-content\/uploads\/2022\/11\/MG_3157-1024x683.jpg 1024w, https:\/\/clinicaverda.cetrexmarketing.com\/wp-content\/uploads\/2022\/11\/MG_3157-768x512.jpg 768w, https:\/\/clinicaverda.cetrexmarketing.com\/wp-content\/uploads\/2022\/11\/MG_3157-391x260.jpg 391w, https:\/\/clinicaverda.cetrexmarketing.com\/wp-content\/uploads\/2022\/11\/MG_3157-1536x1024.jpg 1536w, https:\/\/clinicaverda.cetrexmarketing.com\/wp-content\/uploads\/2022\/11\/MG_3157-2048x1365.jpg 2048w\" sizes=\"(max-width: 2560px) 100vw, 2560px\" \/><\/div>\n\t\t<\/figure>\n\t<\/div>\n<\/div><\/div><\/div><\/div><div class=\"vc_row wpb_row vc_row-fluid vc_custom_1660122981877 vc_column-gap-30 wpex-relative\"><div class=\"wpb_column vc_column_container vc_col-sm-6\"><div class=\"vc_column-inner\"><div class=\"wpb_wrapper\">\n\t<div class=\"wpb_text_column wpb_content_element\" >\n\t\t<div class=\"wpb_wrapper\">\n\t\t\t<p><span style=\"font-weight: 400;\">Mientras la llevamos puesta, nos obliga a respirar exclusivamente por la nariz y tambi\u00e9n impide que la lengua se coloque contra o entre los dientes a la hora de tragar, esto requiere de un cierto entrenamiento para algunas personas que no tienen h\u00e1bito integrado, por eso siempre acompa\u00f1aremos de manera personalizada con la intervenci\u00f3n de profesionales especializados en cada una de las funciones a tratar.<br \/>\n<\/span><\/p>\n<p><span style=\"font-weight: 400;\">Por otro lado, mientras llevamos la f\u00e9rula puesta, tambi\u00e9n podemos sentir c\u00f3mo la mand\u00edbula queda m\u00e1s relajada, ya que nos ayuda a colocarla en una posici\u00f3n de descanso y desprogramaci\u00f3n a nivel articular, por lo que tambi\u00e9n nos ayuda a tratar problemas de ATM (articulaci\u00f3n temporo-mandibular), tensiones de cervicales (muy relacionadas con la ATM) y otras muchas afecciones de tipo postural o m\u00fasculo-esquel\u00e9tico.<br \/>\n<\/span><\/p>\n<p><span style=\"font-weight: 400;\">Aparte del <strong>activador plurifuncional<\/strong>, tambi\u00e9n acompa\u00f1amos los tratamientos que ofrecemos con un abanico de servicios personalizados en funci\u00f3n de lo que necesita cada persona. Esto lo hacemos gracias a la colaboraci\u00f3n de diveras profesionales especializadas en campos como la Logopedia, el Feldenkrais, la Optometr\u00eda, la Osteopat\u00eda, las t\u00e9cnicas de respiraci\u00f3n, la Podolog\u00eda y la posturolog\u00eda. Estos los podr\u00e1 encontrar mayoritariamente en La Cl\u00ednica Verda, excepto en algunos casos, en los que hacemos la derivaci\u00f3n a sus consultas.<br \/>\n<\/span><\/p>\n\n\t\t<\/div>\n\t<\/div>\n<\/div><\/div><\/div><div class=\"wpb_column vc_column_container vc_col-sm-6\"><div class=\"vc_column-inner\"><div class=\"wpb_wrapper\">\n\t<div class=\"wpb_text_column wpb_content_element\" >\n\t\t<div class=\"wpb_wrapper\">\n\t\t\t<p><span style=\"font-weight: 400;\">Todo esto queda concretado en cada uno de los recorridos que hemos elaborado seg\u00fan los diferentes tipos de afectaciones principales que hemos observado en miles de bocas.<\/span><\/p>\n<p><span style=\"font-weight: 400;\"><br \/>\n<\/span><span style=\"font-weight: 400;\">En la Cl\u00ednica Verda hemos detectado que las funciones de respiraci\u00f3n y degluci\u00f3n nos permiten distinguir a dos grandes grupos de pacientes, y as\u00ed distribuimos y personalizamos el tratamiento para ser mucho m\u00e1s eficientes.<\/span><\/p>\n<p><span style=\"font-weight: 400;\"><br \/>\n<\/span><span style=\"font-weight: 400;\">Para gozar de una buena estructura bucodental y postural, es indispensable mantener la boca cerrada, respirando por la nariz y manteniendo la lengua apoyada en el paladar.<\/span><\/p>\n<p><span style=\"font-weight: 400;\"><br \/>\n<\/span><span style=\"font-weight: 400;\">El sistema nervioso aut\u00f3nomo es el que rige las funciones de respiraci\u00f3n y degluci\u00f3n, as\u00ed como los engranajes neuromusculares de descarga tensional y del dolor.<br \/>\n<\/span><span style=\"font-weight: 400;\">Si queremos cambiar estos patrones funcionales, debemos llevarlos desde el inconsciente hasta el consciente, y este proceso estar\u00e1 guiado por profesionales expertas en t\u00e9cnicas de respiraci\u00f3n Pranayama, m\u00e9todo Feldenkrais, Logopedia, etc. Por eso insistimos mucho en la constancia y la implicaci\u00f3n de paciente para conseguir el \u00e9xito.<\/span><\/p>\n<p><span style=\"font-weight: 400;\"><br \/>\n<\/span><span style=\"font-weight: 400;\">A partir de una primera visita de diagn\u00f3stico en la consulta, elaboramos el recorrido m\u00e1s adecuado para cada consultante, y as\u00ed ofrecemos un tratamiento completamente personalizado para asegurarnos el \u00e9xito y evitar las recidivas.<\/span><\/p>\n\n\t\t<\/div>\n\t<\/div>\n<\/div><\/div><\/div><\/div><div class=\"vc_section vc_custom_1652780947417 wpex-vc-full-width-section wpex-vc-full-width-section--centered wpex-relative wpex-vc_section-has-fill wpex-vc-reset-negative-margin\"><div class=\"vc_row wpb_row vc_row-fluid vc_custom_1664437319481 wpex-relative no-bottom-margins\"><div class=\"wpb_column vc_column_container vc_col-sm-12\"><div class=\"vc_column-inner\"><div class=\"wpb_wrapper\">\n\t<div class=\"wpb_text_column wpb_content_element\" >\n\t\t<div class=\"wpb_wrapper\">\n\t\t\t<h3 style=\"text-align: center;\">Contacta con nosotros<\/h3>\n\n\t\t<\/div>\n\t<\/div>\n\n\t<div class=\"wpb_text_column wpb_content_element\" >\n\t\t<div class=\"wpb_wrapper\">\n\t\t\t<p style=\"text-align: center;\">Los campos con * son obligatorios<\/p>\n\n\t\t<\/div>\n\t<\/div>\n<\/div><\/div><\/div><\/div><div class=\"vc_row wpb_row vc_row-fluid wpex-relative no-bottom-margins\"><div class=\"wpb_column vc_column_container vc_col-sm-3\"><div class=\"vc_column-inner\"><div class=\"wpb_wrapper\"><\/div><\/div><\/div><div class=\"wpb_column vc_column_container vc_col-sm-6 wpex-vc_col-has-fill\"><div class=\"vc_column-inner vc_custom_1664437382995\"><div class=\"wpb_wrapper\">\n<div class=\"wpcf7 no-js\" id=\"wpcf7-f2284-o1\" lang=\"es-ES\" dir=\"ltr\" data-wpcf7-id=\"2284\">\n<div class=\"screen-reader-response\"><p role=\"status\" aria-live=\"polite\" aria-atomic=\"true\"><\/p> <ul><\/ul><\/div>\n<form action=\"\/es\/wp-json\/wp\/v2\/pages\/1724#wpcf7-f2284-o1\" method=\"post\" class=\"wpcf7-form init\" aria-label=\"Formulario de contacto\" novalidate=\"novalidate\" data-status=\"init\">\n<fieldset class=\"hidden-fields-container\"><input type=\"hidden\" name=\"_wpcf7\" value=\"2284\" \/><input type=\"hidden\" name=\"_wpcf7_version\" value=\"6.1.4\" \/><input type=\"hidden\" name=\"_wpcf7_locale\" value=\"es_ES\" \/><input type=\"hidden\" name=\"_wpcf7_unit_tag\" value=\"wpcf7-f2284-o1\" \/><input type=\"hidden\" name=\"_wpcf7_container_post\" value=\"0\" \/><input type=\"hidden\" name=\"_wpcf7_posted_data_hash\" value=\"\" \/><input type=\"hidden\" name=\"_wpcf7_recaptcha_response\" value=\"\" \/>\n<\/fieldset>\n<p><span class=\"wpcf7-form-control-wrap\" data-name=\"motiu\"><select class=\"wpcf7-form-control wpcf7-select wpcf7-validates-as-required\" aria-required=\"true\" aria-invalid=\"false\" name=\"motiu\"><option value=\"Selecciona el motivo\">Selecciona el motivo<\/option><option value=\"Pedir informaci\u00f3n\">Pedir informaci\u00f3n<\/option><option value=\"Pedir consulta o llamada\">Pedir consulta o llamada<\/option><option value=\"Contar mi caso\">Contar mi caso<\/option><option value=\"Inscripci\u00f3n a formaci\u00f3n\">Inscripci\u00f3n a formaci\u00f3n<\/option><option value=\"otros\">otros<\/option><\/select><\/span>\n<\/p>\n<p><span class=\"wpcf7-form-control-wrap\" data-name=\"your-name\"><input size=\"40\" maxlength=\"400\" class=\"wpcf7-form-control wpcf7-text wpcf7-validates-as-required\" aria-required=\"true\" aria-invalid=\"false\" placeholder=\"Nombre y apellidos*\" value=\"\" type=\"text\" name=\"your-name\" \/><\/span>\n<\/p>\n<p><span class=\"wpcf7-form-control-wrap\" data-name=\"your-email\"><input size=\"40\" maxlength=\"400\" class=\"wpcf7-form-control wpcf7-email wpcf7-validates-as-required wpcf7-text wpcf7-validates-as-email\" aria-required=\"true\" aria-invalid=\"false\" placeholder=\"Email*\" value=\"\" type=\"email\" name=\"your-email\" \/><\/span>\n<\/p>\n<p><span class=\"wpcf7-form-control-wrap\" data-name=\"your-phone\"><input size=\"40\" maxlength=\"400\" class=\"wpcf7-form-control wpcf7-text wpcf7-validates-as-required\" aria-required=\"true\" aria-invalid=\"false\" placeholder=\"Tel\u00e9fono*\" value=\"\" type=\"text\" name=\"your-phone\" \/><\/span>\n<\/p>\n<p><span class=\"wpcf7-form-control-wrap\" data-name=\"your-message\"><textarea cols=\"40\" rows=\"10\" maxlength=\"2000\" class=\"wpcf7-form-control wpcf7-textarea\" aria-invalid=\"false\" placeholder=\"Mensaje*\" name=\"your-message\"><\/textarea><\/span>\n<\/p>\n<p><span class=\"wpcf7-form-control-wrap\" data-name=\"acceptance-697\"><span class=\"wpcf7-form-control wpcf7-acceptance\"><span class=\"wpcf7-list-item\"><input type=\"checkbox\" name=\"acceptance-697\" value=\"1\" aria-invalid=\"false\" \/><\/span><\/span><\/span> Acepto el <a href=\"\/es\/avisos-legales\/\">Aviso legal<\/a> y la <a href=\"\/es\/politica-de-privacidad\/\">pol\u00edtica de privacidad<\/a>\n<\/p>\n<p><input class=\"wpcf7-form-control wpcf7-submit has-spinner\" type=\"submit\" value=\"Enviar\" \/>\n<\/p><p style=\"display: none !important;\" class=\"akismet-fields-container\" data-prefix=\"_wpcf7_ak_\"><label>&#916;<textarea name=\"_wpcf7_ak_hp_textarea\" cols=\"45\" rows=\"8\" maxlength=\"100\"><\/textarea><\/label><input type=\"hidden\" id=\"ak_js_1\" name=\"_wpcf7_ak_js\" value=\"119\"\/><script>document.getElementById( \"ak_js_1\" ).setAttribute( \"value\", ( new Date() ).getTime() );<\/script><\/p><div class=\"wpcf7-response-output\" aria-hidden=\"true\"><\/div>\n<\/form>\n<\/div>\n<\/div><\/div><\/div><div class=\"wpb_column vc_column_container vc_col-sm-3\"><div class=\"vc_column-inner\"><div class=\"wpb_wrapper\"><\/div><\/div><\/div><\/div><\/div>\n<\/div>","protected":false},"excerpt":{"rendered":"Dentosofia La dentosof\u00eda es una forma de practicar la odontolog\u00eda antropos\u00f3fica, ya que se trata de una terapia de aproximaci\u00f3n human\u00edstica, inspirada en la antroposof\u00eda y basada en t\u00e9cnicas funcionales. Esta trata las principales causas de las maloclusiones y desequilibrios bucodentales, es decir, las funciones de respiraci\u00f3n, degluci\u00f3n y masticaci\u00f3n. Aparte de esto, tambi\u00e9n podemos&hellip;","protected":false},"author":1,"featured_media":0,"parent":0,"menu_order":0,"comment_status":"closed","ping_status":"closed","template":"","meta":{"footnotes":""},"class_list":["post-1724","page","type-page","status-publish","hentry","entry","no-media"],"yoast_head":"<!-- This site is optimized with the Yoast SEO plugin v26.9 - https:\/\/yoast.com\/product\/yoast-seo-wordpress\/ -->\n<title>Dentosofia - La Cl\u00ednica Verda<\/title>\n<meta name=\"robots\" content=\"noindex, follow, max-snippet:-1, max-image-preview:large, max-video-preview:-1\" \/>\n<meta property=\"og:locale\" content=\"es_ES\" \/>\n<meta property=\"og:type\" content=\"article\" \/>\n<meta property=\"og:title\" content=\"Dentosofia - La Cl\u00ednica Verda\" \/>\n<meta property=\"og:url\" content=\"https:\/\/clinicaverda.cetrexmarketing.com\/es\/dentosofia\/\" \/>\n<meta property=\"og:site_name\" content=\"La Cl\u00ednica Verda\" \/>\n<meta property=\"article:modified_time\" content=\"2023-04-06T11:02:30+00:00\" \/>\n<meta name=\"twitter:card\" content=\"summary_large_image\" \/>\n<meta name=\"twitter:label1\" content=\"Tiempo de lectura\" \/>\n\t<meta name=\"twitter:data1\" content=\"5 minutos\" \/>\n<script type=\"application\/ld+json\" class=\"yoast-schema-graph\">{\"@context\":\"https:\/\/schema.org\",\"@graph\":[{\"@type\":\"WebPage\",\"@id\":\"https:\/\/clinicaverda.cetrexmarketing.com\/es\/dentosofia\/\",\"url\":\"https:\/\/clinicaverda.cetrexmarketing.com\/es\/dentosofia\/\",\"name\":\"Dentosofia - La Cl\u00ednica Verda\",\"isPartOf\":{\"@id\":\"https:\/\/clinicaverda.cetrexmarketing.com\/#website\"},\"datePublished\":\"2022-08-10T09:16:24+00:00\",\"dateModified\":\"2023-04-06T11:02:30+00:00\",\"breadcrumb\":{\"@id\":\"https:\/\/clinicaverda.cetrexmarketing.com\/es\/dentosofia\/#breadcrumb\"},\"inLanguage\":\"es\",\"potentialAction\":[{\"@type\":\"ReadAction\",\"target\":[\"https:\/\/clinicaverda.cetrexmarketing.com\/es\/dentosofia\/\"]}]},{\"@type\":\"BreadcrumbList\",\"@id\":\"https:\/\/clinicaverda.cetrexmarketing.com\/es\/dentosofia\/#breadcrumb\",\"itemListElement\":[{\"@type\":\"ListItem\",\"position\":1,\"name\":\"Home\",\"item\":\"https:\/\/clinicaverda.cetrexmarketing.com\/es\/\"},{\"@type\":\"ListItem\",\"position\":2,\"name\":\"Dentosofia\"}]},{\"@type\":\"WebSite\",\"@id\":\"https:\/\/clinicaverda.cetrexmarketing.com\/#website\",\"url\":\"https:\/\/clinicaverda.cetrexmarketing.com\/\",\"name\":\"La Cl\u00ednica Verda\",\"description\":\"Cetrex new project\",\"publisher\":{\"@id\":\"https:\/\/clinicaverda.cetrexmarketing.com\/#organization\"},\"potentialAction\":[{\"@type\":\"SearchAction\",\"target\":{\"@type\":\"EntryPoint\",\"urlTemplate\":\"https:\/\/clinicaverda.cetrexmarketing.com\/?s={search_term_string}\"},\"query-input\":{\"@type\":\"PropertyValueSpecification\",\"valueRequired\":true,\"valueName\":\"search_term_string\"}}],\"inLanguage\":\"es\"},{\"@type\":\"Organization\",\"@id\":\"https:\/\/clinicaverda.cetrexmarketing.com\/#organization\",\"name\":\"La Cl\u00ednica Verda\",\"url\":\"https:\/\/clinicaverda.cetrexmarketing.com\/\",\"logo\":{\"@type\":\"ImageObject\",\"inLanguage\":\"es\",\"@id\":\"https:\/\/clinicaverda.cetrexmarketing.com\/#\/schema\/logo\/image\/\",\"url\":\"https:\/\/clinicaverda.cetrexmarketing.com\/wp-content\/uploads\/2022\/05\/logo-la-clinica-verda.png\",\"contentUrl\":\"https:\/\/clinicaverda.cetrexmarketing.com\/wp-content\/uploads\/2022\/05\/logo-la-clinica-verda.png\",\"width\":900,\"height\":256,\"caption\":\"La Cl\u00ednica Verda\"},\"image\":{\"@id\":\"https:\/\/clinicaverda.cetrexmarketing.com\/#\/schema\/logo\/image\/\"}}]}<\/script>\n<!-- \/ Yoast SEO plugin. -->","yoast_head_json":{"title":"Dentosofia - La Cl\u00ednica Verda","robots":{"index":"noindex","follow":"follow","max-snippet":"max-snippet:-1","max-image-preview":"max-image-preview:large","max-video-preview":"max-video-preview:-1"},"og_locale":"es_ES","og_type":"article","og_title":"Dentosofia - La Cl\u00ednica Verda","og_url":"https:\/\/clinicaverda.cetrexmarketing.com\/es\/dentosofia\/","og_site_name":"La Cl\u00ednica Verda","article_modified_time":"2023-04-06T11:02:30+00:00","twitter_card":"summary_large_image","twitter_misc":{"Tiempo de lectura":"5 minutos"},"schema":{"@context":"https:\/\/schema.org","@graph":[{"@type":"WebPage","@id":"https:\/\/clinicaverda.cetrexmarketing.com\/es\/dentosofia\/","url":"https:\/\/clinicaverda.cetrexmarketing.com\/es\/dentosofia\/","name":"Dentosofia - La Cl\u00ednica Verda","isPartOf":{"@id":"https:\/\/clinicaverda.cetrexmarketing.com\/#website"},"datePublished":"2022-08-10T09:16:24+00:00","dateModified":"2023-04-06T11:02:30+00:00","breadcrumb":{"@id":"https:\/\/clinicaverda.cetrexmarketing.com\/es\/dentosofia\/#breadcrumb"},"inLanguage":"es","potentialAction":[{"@type":"ReadAction","target":["https:\/\/clinicaverda.cetrexmarketing.com\/es\/dentosofia\/"]}]},{"@type":"BreadcrumbList","@id":"https:\/\/clinicaverda.cetrexmarketing.com\/es\/dentosofia\/#breadcrumb","itemListElement":[{"@type":"ListItem","position":1,"name":"Home","item":"https:\/\/clinicaverda.cetrexmarketing.com\/es\/"},{"@type":"ListItem","position":2,"name":"Dentosofia"}]},{"@type":"WebSite","@id":"https:\/\/clinicaverda.cetrexmarketing.com\/#website","url":"https:\/\/clinicaverda.cetrexmarketing.com\/","name":"La Cl\u00ednica Verda","description":"Cetrex new project","publisher":{"@id":"https:\/\/clinicaverda.cetrexmarketing.com\/#organization"},"potentialAction":[{"@type":"SearchAction","target":{"@type":"EntryPoint","urlTemplate":"https:\/\/clinicaverda.cetrexmarketing.com\/?s={search_term_string}"},"query-input":{"@type":"PropertyValueSpecification","valueRequired":true,"valueName":"search_term_string"}}],"inLanguage":"es"},{"@type":"Organization","@id":"https:\/\/clinicaverda.cetrexmarketing.com\/#organization","name":"La Cl\u00ednica Verda","url":"https:\/\/clinicaverda.cetrexmarketing.com\/","logo":{"@type":"ImageObject","inLanguage":"es","@id":"https:\/\/clinicaverda.cetrexmarketing.com\/#\/schema\/logo\/image\/","url":"https:\/\/clinicaverda.cetrexmarketing.com\/wp-content\/uploads\/2022\/05\/logo-la-clinica-verda.png","contentUrl":"https:\/\/clinicaverda.cetrexmarketing.com\/wp-content\/uploads\/2022\/05\/logo-la-clinica-verda.png","width":900,"height":256,"caption":"La Cl\u00ednica Verda"},"image":{"@id":"https:\/\/clinicaverda.cetrexmarketing.com\/#\/schema\/logo\/image\/"}}]}},"_links":{"self":[{"href":"https:\/\/clinicaverda.cetrexmarketing.com\/es\/wp-json\/wp\/v2\/pages\/1724","targetHints":{"allow":["GET"]}}],"collection":[{"href":"https:\/\/clinicaverda.cetrexmarketing.com\/es\/wp-json\/wp\/v2\/pages"}],"about":[{"href":"https:\/\/clinicaverda.cetrexmarketing.com\/es\/wp-json\/wp\/v2\/types\/page"}],"author":[{"embeddable":true,"href":"https:\/\/clinicaverda.cetrexmarketing.com\/es\/wp-json\/wp\/v2\/users\/1"}],"replies":[{"embeddable":true,"href":"https:\/\/clinicaverda.cetrexmarketing.com\/es\/wp-json\/wp\/v2\/comments?post=1724"}],"version-history":[{"count":6,"href":"https:\/\/clinicaverda.cetrexmarketing.com\/es\/wp-json\/wp\/v2\/pages\/1724\/revisions"}],"predecessor-version":[{"id":3590,"href":"https:\/\/clinicaverda.cetrexmarketing.com\/es\/wp-json\/wp\/v2\/pages\/1724\/revisions\/3590"}],"wp:attachment":[{"href":"https:\/\/clinicaverda.cetrexmarketing.com\/es\/wp-json\/wp\/v2\/media?parent=1724"}],"curies":[{"name":"wp","href":"https:\/\/api.w.org\/{rel}","templated":true}]}}