{"id":1719,"date":"2022-08-23T08:47:03","date_gmt":"2022-08-23T08:47:03","guid":{"rendered":"https:\/\/clinicaverda.cetrexmarketing.com\/?page_id=1719"},"modified":"2023-04-01T07:21:20","modified_gmt":"2023-04-01T07:21:20","slug":"biodescodificacion","status":"publish","type":"page","link":"https:\/\/clinicaverda.cetrexmarketing.com\/es\/biodescodificacion\/","title":{"rendered":"Biodescodificaci\u00f3n"},"content":{"rendered":"<div class=\"wpb-content-wrapper\"><div class=\"vc_section vc_custom_1669804316014 wpex-vc-full-width-section wpex-vc-full-width-section--centered wpex-relative wpex-vc_section-has-fill wpex-vc-reset-negative-margin\" style=\"background-position:center center!important;\"><div class=\"vc_row wpb_row vc_row-fluid wpex-relative no-bottom-margins\"><div class=\"wpb_column vc_column_container vc_col-sm-6\"><div class=\"vc_column-inner\"><div class=\"wpb_wrapper\"><div class=\"vcex-spacing wpex-w-100 wpex-clear\" style=\"height:100px;\"><\/div><\/div><\/div><\/div><div class=\"wpb_column vc_column_container vc_col-sm-6\"><div class=\"vc_column-inner\"><div class=\"wpb_wrapper\">\n\t<div  class=\"wpb_single_image wpb_content_element vc_align_ wpb_content_element  imagenabsoluta\">\n\t\t\n\t\t<figure class=\"wpb_wrapper vc_figure\">\n\t\t\t<div class=\"vc_single_image-wrapper   vc_box_border_grey\"><img width=\"350\" height=\"400\" src=\"https:\/\/clinicaverda.cetrexmarketing.com\/wp-content\/uploads\/2022\/05\/imatge-logo-clinica-verda-1.png\" class=\"vc_single_image-img attachment-full\" alt=\"\" title=\"imatge-logo-clinica-verda-1\" srcset=\"https:\/\/clinicaverda.cetrexmarketing.com\/wp-content\/uploads\/2022\/05\/imatge-logo-clinica-verda-1.png 350w, https:\/\/clinicaverda.cetrexmarketing.com\/wp-content\/uploads\/2022\/05\/imatge-logo-clinica-verda-1-263x300.png 263w\" sizes=\"(max-width: 350px) 100vw, 350px\" \/><\/div>\n\t\t<\/figure>\n\t<\/div>\n<\/div><\/div><\/div><\/div><\/div><div class=\"vc_section vc_custom_1652780065097 wpex-vc-full-width-section wpex-vc-full-width-section--centered wpex-relative wpex-vc_section-has-fill wpex-vc-reset-negative-margin\"><div class=\"vc_row wpb_row vc_row-fluid wpex-relative no-bottom-margins\"><div class=\"wpb_column vc_column_container vc_col-sm-12\"><div class=\"vc_column-inner\"><div class=\"wpb_wrapper\">\n\t<div style=\"color:#005e63;font-size:20px;\" class=\"wpb_text_column has-custom-color wpex-child-inherit-color wpb_content_element\" >\n\t\t<div class=\"wpb_wrapper\">\n\t\t\t<p>Especialidades conscientes<\/p>\n\n\t\t<\/div>\n\t<\/div>\n<div class=\"vcex-spacing wpex-w-100 wpex-clear\" style=\"height:10px;\"><\/div>\n\t<div style=\"color:#ffffff;\" class=\"wpb_text_column has-custom-color wpex-child-inherit-color wpb_content_element\" >\n\t\t<div class=\"wpb_wrapper\">\n\t\t\t<h1>Biodescodificaci\u00f3n<\/h1>\n\n\t\t<\/div>\n\t<\/div>\n<\/div><\/div><\/div><\/div><\/div><div class=\"vc_row wpb_row vc_row-fluid vc_custom_1660122416802 vc_column-gap-30 wpex-relative\"><div class=\"wpb_column vc_column_container vc_col-sm-6\"><div class=\"vc_column-inner\"><div class=\"wpb_wrapper\">\n\t<div class=\"wpb_text_column wpb_content_element\" >\n\t\t<div class=\"wpb_wrapper\">\n\t\t\t<p><span style=\"font-weight: 400;\">Los dientes son el \u00f3rgano m\u00e1s duro de nuestro cuerpo, d\u00f3nde se almacena nuestra identidad m\u00e1s profunda. Formadas por cristales de hidroxiapatita, con carga el\u00e9ctrica. Se nos regeneran las c\u00e9lulas de la piel, del h\u00edgado\u2026 pero no los dientes.<\/span><\/p>\n<p><span style=\"font-weight: 400;\">Los dientes deciduos (o dientes de leche) se forman en la misma fase embrionaria que el sistema nervioso central, durante el segundo mes de vida intrauterina. Entre el tercero y el cuarto mes se empiezan a formar los dientes definitivos. \u00c9stos ya pueden empezar a guardar memoria de las emociones vividas dentro del \u00fatero materno.<\/span><\/p>\n<p><span style=\"font-weight: 400;\">A partir de la relaci\u00f3n entre los dientes y las emociones seg\u00fan la medicina china, la Dra. Caffin, y despu\u00e9s el Dr. Beyer, desarrollaron la biodescodificaci\u00f3n dental. Esta disciplina consist\u00eda en \u201cleer\u201d los dientes y la informaci\u00f3n que hay retenida en ellos. Pensamos que los dientes son como el disco duro de nuestra alma. Si un diente est\u00e1 \u201ctorcido\u201d, si presenta caries o si sangra la enc\u00eda, nos da mensajes de partes en las que nuestra mente no tiene acceso.<\/span><\/p>\n<p><span style=\"font-weight: 400;\">Los dientes guardan dos tipos de mensajes: innatos (de la historia familiar o transgeneracional) o adquiridos (de la propia vivencia).<\/span><\/p>\n<p><span style=\"font-weight: 400;\">En una sesi\u00f3n de PNO (Psiconeuroodontologia) se descubre la carga emocional (llamada conflicto) que puede retener un diente o una estructura en la cavidad oral.<\/span><\/p>\n<p><span style=\"font-weight: 400;\">Ejemplos de conflictos que nos conducen a la enfermedad? Traumas de infancia, tab\u00fas, secretos familiares, creencias\u2026 lo que no se habla, se esconde y se termina almacenando en nuestras c\u00e9lulas. Todo esto se va a manifestar en el cuerpo y en los dientes\u2026 pues hay una necesidad energ\u00e9tica de solucionar aqu\u00e9l conflicto.<\/span><\/p>\n<p><span style=\"font-weight: 400;\">Los dientes tienen un v\u00ednculo f\u00edsico con el resto del organismo v\u00eda sistema sangu\u00edneo, nervioso y linf\u00e1tico. El diente es a su vez emisor y receptor.<\/span><\/p>\n<p><span style=\"font-weight: 400;\">Cada meridiano pasa por un diente determinado, y relacionamos as\u00ed cada diente con distintos \u00f3rganos, m\u00fasculos, huesos o emociones. El Dr. Voll estudi\u00f3 estas relaciones a nivel el\u00e9ctrico y elabor\u00f3 una tabla de reflexolog\u00eda dental estableciendo la correspondencia entre los dientes y las estructuras corporales. La descodificaci\u00f3n dental es una herramienta que nos permite contactar con nuestro Ser, nos permite encontrar las heridas profundas en nuestro campo emocional y en nuestro interior.<\/span><\/p>\n<p><span style=\"font-weight: 400;\">Consideramos que el poder de sanaci\u00f3n est\u00e1 en cada una de nosotras, pero a veces, lejos de nuestra consciencia. El objetivo es poner a cada persona en contacto con su fuente de vida, con su fuerza de sanaci\u00f3n aut\u00f3noma interior.<\/span><\/p>\n<p><span style=\"font-weight: 400;\">Cada vez que intentamos olvidar alguna cosa, que dejamos que sea el tiempo el que la solucione, tendremos un problema corporal. El diente cristaliza y expresa nuestros conflictos y los de nuestro \u00e1rbol geneal\u00f3gico.<\/span><\/p>\n<p><span style=\"font-weight: 400;\">Los dientes son el espejo del inconsciente: nos dan acceso a los desequilibrios internos, org\u00e1nicos y emocionales, por esto los tratamientos tienen que estar enfocados en acompa\u00f1ar al individuo en sus emociones conscientes e inconscientes, porque poniendo luz en su conciencia va a permitir que se produzca el proceso de curaci\u00f3n.<\/span><\/p>\n\n\t\t<\/div>\n\t<\/div>\n<\/div><\/div><\/div><div class=\"wpb_column vc_column_container vc_col-sm-6\"><div class=\"vc_column-inner\"><div class=\"wpb_wrapper\"><div class=\"vcex-spacing wpex-w-100 wpex-clear\" style=\"height:10px;\"><\/div><\/div><\/div><\/div><\/div><div class=\"vc_section vc_custom_1652780947417 wpex-vc-full-width-section wpex-vc-full-width-section--centered wpex-relative wpex-vc_section-has-fill wpex-vc-reset-negative-margin\"><div class=\"vc_row wpb_row vc_row-fluid wpex-relative no-bottom-margins\"><div class=\"wpb_column vc_column_container vc_col-sm-12\"><div class=\"vc_column-inner\"><div class=\"wpb_wrapper\"><style>.vcex-button.vcex_69e43175aa2a1{color:#f5b5cd!important;padding-inline:30px;}<\/style><div class=\"theme-button-wrap textcenter wpex-clr\"><a href=\"https:\/\/clinicaverda.cetrexmarketing.com\/es\/contacte\/\" class=\"vcex-button theme-button minimal-border large align-center inline vcex_69e43175aa2a1\"><span class=\"vcex-button-inner theme-button-inner wpex-flex wpex-flex-wrap wpex-items-center wpex-justify-center\">Contacta<\/span><\/a><\/div> <\/div><\/div><\/div><\/div><\/div>\n<\/div>","protected":false},"excerpt":{"rendered":"Especialidades conscientes Biodescodificaci\u00f3n Los dientes son el \u00f3rgano m\u00e1s duro de nuestro cuerpo, d\u00f3nde se almacena nuestra identidad m\u00e1s profunda. Formadas por cristales de hidroxiapatita, con carga el\u00e9ctrica. Se nos regeneran las c\u00e9lulas de la piel, del h\u00edgado\u2026 pero no los dientes. Los dientes deciduos (o dientes de leche) se forman en la misma fase&hellip;","protected":false},"author":1,"featured_media":0,"parent":0,"menu_order":0,"comment_status":"closed","ping_status":"closed","template":"","meta":{"footnotes":""},"class_list":["post-1719","page","type-page","status-publish","hentry","entry","no-media"],"yoast_head":"<!-- This site is optimized with the Yoast SEO plugin v26.9 - https:\/\/yoast.com\/product\/yoast-seo-wordpress\/ -->\n<title>Biodescodificaci\u00f3n - La Cl\u00ednica Verda<\/title>\n<meta name=\"robots\" content=\"noindex, follow, max-snippet:-1, max-image-preview:large, max-video-preview:-1\" \/>\n<meta property=\"og:locale\" content=\"es_ES\" \/>\n<meta property=\"og:type\" content=\"article\" \/>\n<meta property=\"og:title\" content=\"Biodescodificaci\u00f3n - La Cl\u00ednica Verda\" \/>\n<meta property=\"og:url\" content=\"https:\/\/clinicaverda.cetrexmarketing.com\/es\/biodescodificacion\/\" \/>\n<meta property=\"og:site_name\" content=\"La Cl\u00ednica Verda\" \/>\n<meta property=\"article:modified_time\" content=\"2023-04-01T07:21:20+00:00\" \/>\n<meta name=\"twitter:card\" content=\"summary_large_image\" \/>\n<meta name=\"twitter:label1\" content=\"Tiempo de lectura\" \/>\n\t<meta name=\"twitter:data1\" content=\"4 minutos\" \/>\n<script type=\"application\/ld+json\" class=\"yoast-schema-graph\">{\"@context\":\"https:\/\/schema.org\",\"@graph\":[{\"@type\":\"WebPage\",\"@id\":\"https:\/\/clinicaverda.cetrexmarketing.com\/es\/biodescodificacion\/\",\"url\":\"https:\/\/clinicaverda.cetrexmarketing.com\/es\/biodescodificacion\/\",\"name\":\"Biodescodificaci\u00f3n - La Cl\u00ednica Verda\",\"isPartOf\":{\"@id\":\"https:\/\/clinicaverda.cetrexmarketing.com\/#website\"},\"datePublished\":\"2022-08-23T08:47:03+00:00\",\"dateModified\":\"2023-04-01T07:21:20+00:00\",\"breadcrumb\":{\"@id\":\"https:\/\/clinicaverda.cetrexmarketing.com\/es\/biodescodificacion\/#breadcrumb\"},\"inLanguage\":\"es\",\"potentialAction\":[{\"@type\":\"ReadAction\",\"target\":[\"https:\/\/clinicaverda.cetrexmarketing.com\/es\/biodescodificacion\/\"]}]},{\"@type\":\"BreadcrumbList\",\"@id\":\"https:\/\/clinicaverda.cetrexmarketing.com\/es\/biodescodificacion\/#breadcrumb\",\"itemListElement\":[{\"@type\":\"ListItem\",\"position\":1,\"name\":\"Home\",\"item\":\"https:\/\/clinicaverda.cetrexmarketing.com\/es\/\"},{\"@type\":\"ListItem\",\"position\":2,\"name\":\"Biodescodificaci\u00f3n\"}]},{\"@type\":\"WebSite\",\"@id\":\"https:\/\/clinicaverda.cetrexmarketing.com\/#website\",\"url\":\"https:\/\/clinicaverda.cetrexmarketing.com\/\",\"name\":\"La Cl\u00ednica Verda\",\"description\":\"Cetrex new project\",\"publisher\":{\"@id\":\"https:\/\/clinicaverda.cetrexmarketing.com\/#organization\"},\"potentialAction\":[{\"@type\":\"SearchAction\",\"target\":{\"@type\":\"EntryPoint\",\"urlTemplate\":\"https:\/\/clinicaverda.cetrexmarketing.com\/?s={search_term_string}\"},\"query-input\":{\"@type\":\"PropertyValueSpecification\",\"valueRequired\":true,\"valueName\":\"search_term_string\"}}],\"inLanguage\":\"es\"},{\"@type\":\"Organization\",\"@id\":\"https:\/\/clinicaverda.cetrexmarketing.com\/#organization\",\"name\":\"La Cl\u00ednica Verda\",\"url\":\"https:\/\/clinicaverda.cetrexmarketing.com\/\",\"logo\":{\"@type\":\"ImageObject\",\"inLanguage\":\"es\",\"@id\":\"https:\/\/clinicaverda.cetrexmarketing.com\/#\/schema\/logo\/image\/\",\"url\":\"https:\/\/clinicaverda.cetrexmarketing.com\/wp-content\/uploads\/2022\/05\/logo-la-clinica-verda.png\",\"contentUrl\":\"https:\/\/clinicaverda.cetrexmarketing.com\/wp-content\/uploads\/2022\/05\/logo-la-clinica-verda.png\",\"width\":900,\"height\":256,\"caption\":\"La Cl\u00ednica Verda\"},\"image\":{\"@id\":\"https:\/\/clinicaverda.cetrexmarketing.com\/#\/schema\/logo\/image\/\"}}]}<\/script>\n<!-- \/ Yoast SEO plugin. -->","yoast_head_json":{"title":"Biodescodificaci\u00f3n - La Cl\u00ednica Verda","robots":{"index":"noindex","follow":"follow","max-snippet":"max-snippet:-1","max-image-preview":"max-image-preview:large","max-video-preview":"max-video-preview:-1"},"og_locale":"es_ES","og_type":"article","og_title":"Biodescodificaci\u00f3n - La Cl\u00ednica Verda","og_url":"https:\/\/clinicaverda.cetrexmarketing.com\/es\/biodescodificacion\/","og_site_name":"La Cl\u00ednica Verda","article_modified_time":"2023-04-01T07:21:20+00:00","twitter_card":"summary_large_image","twitter_misc":{"Tiempo de lectura":"4 minutos"},"schema":{"@context":"https:\/\/schema.org","@graph":[{"@type":"WebPage","@id":"https:\/\/clinicaverda.cetrexmarketing.com\/es\/biodescodificacion\/","url":"https:\/\/clinicaverda.cetrexmarketing.com\/es\/biodescodificacion\/","name":"Biodescodificaci\u00f3n - La Cl\u00ednica Verda","isPartOf":{"@id":"https:\/\/clinicaverda.cetrexmarketing.com\/#website"},"datePublished":"2022-08-23T08:47:03+00:00","dateModified":"2023-04-01T07:21:20+00:00","breadcrumb":{"@id":"https:\/\/clinicaverda.cetrexmarketing.com\/es\/biodescodificacion\/#breadcrumb"},"inLanguage":"es","potentialAction":[{"@type":"ReadAction","target":["https:\/\/clinicaverda.cetrexmarketing.com\/es\/biodescodificacion\/"]}]},{"@type":"BreadcrumbList","@id":"https:\/\/clinicaverda.cetrexmarketing.com\/es\/biodescodificacion\/#breadcrumb","itemListElement":[{"@type":"ListItem","position":1,"name":"Home","item":"https:\/\/clinicaverda.cetrexmarketing.com\/es\/"},{"@type":"ListItem","position":2,"name":"Biodescodificaci\u00f3n"}]},{"@type":"WebSite","@id":"https:\/\/clinicaverda.cetrexmarketing.com\/#website","url":"https:\/\/clinicaverda.cetrexmarketing.com\/","name":"La Cl\u00ednica Verda","description":"Cetrex new project","publisher":{"@id":"https:\/\/clinicaverda.cetrexmarketing.com\/#organization"},"potentialAction":[{"@type":"SearchAction","target":{"@type":"EntryPoint","urlTemplate":"https:\/\/clinicaverda.cetrexmarketing.com\/?s={search_term_string}"},"query-input":{"@type":"PropertyValueSpecification","valueRequired":true,"valueName":"search_term_string"}}],"inLanguage":"es"},{"@type":"Organization","@id":"https:\/\/clinicaverda.cetrexmarketing.com\/#organization","name":"La Cl\u00ednica Verda","url":"https:\/\/clinicaverda.cetrexmarketing.com\/","logo":{"@type":"ImageObject","inLanguage":"es","@id":"https:\/\/clinicaverda.cetrexmarketing.com\/#\/schema\/logo\/image\/","url":"https:\/\/clinicaverda.cetrexmarketing.com\/wp-content\/uploads\/2022\/05\/logo-la-clinica-verda.png","contentUrl":"https:\/\/clinicaverda.cetrexmarketing.com\/wp-content\/uploads\/2022\/05\/logo-la-clinica-verda.png","width":900,"height":256,"caption":"La Cl\u00ednica Verda"},"image":{"@id":"https:\/\/clinicaverda.cetrexmarketing.com\/#\/schema\/logo\/image\/"}}]}},"_links":{"self":[{"href":"https:\/\/clinicaverda.cetrexmarketing.com\/es\/wp-json\/wp\/v2\/pages\/1719","targetHints":{"allow":["GET"]}}],"collection":[{"href":"https:\/\/clinicaverda.cetrexmarketing.com\/es\/wp-json\/wp\/v2\/pages"}],"about":[{"href":"https:\/\/clinicaverda.cetrexmarketing.com\/es\/wp-json\/wp\/v2\/types\/page"}],"author":[{"embeddable":true,"href":"https:\/\/clinicaverda.cetrexmarketing.com\/es\/wp-json\/wp\/v2\/users\/1"}],"replies":[{"embeddable":true,"href":"https:\/\/clinicaverda.cetrexmarketing.com\/es\/wp-json\/wp\/v2\/comments?post=1719"}],"version-history":[{"count":6,"href":"https:\/\/clinicaverda.cetrexmarketing.com\/es\/wp-json\/wp\/v2\/pages\/1719\/revisions"}],"predecessor-version":[{"id":2545,"href":"https:\/\/clinicaverda.cetrexmarketing.com\/es\/wp-json\/wp\/v2\/pages\/1719\/revisions\/2545"}],"wp:attachment":[{"href":"https:\/\/clinicaverda.cetrexmarketing.com\/es\/wp-json\/wp\/v2\/media?parent=1719"}],"curies":[{"name":"wp","href":"https:\/\/api.w.org\/{rel}","templated":true}]}}